{"id":789,"date":"2024-07-10T12:32:20","date_gmt":"2024-07-10T10:32:20","guid":{"rendered":"https:\/\/www.llachserra.com\/nosotros\/"},"modified":"2026-03-20T09:59:20","modified_gmt":"2026-03-20T07:59:20","slug":"nosotros","status":"publish","type":"page","link":"https:\/\/www.llachserra.com\/es\/nosotros\/","title":{"rendered":"Nosotros"},"content":{"rendered":"<p>[et_pb_section fb_built=\u00bb1&#8243; custom_padding_last_edited=\u00bboff|desktop\u00bb _builder_version=\u00bb4.26.0&#8243; _module_preset=\u00bbdefault\u00bb custom_margin=\u00bb50px||||false|false\u00bb custom_margin_tablet=\u00bb0px||||false|false\u00bb custom_margin_phone=\u00bb0px||||false|false\u00bb custom_margin_last_edited=\u00bbon|tablet\u00bb custom_padding=\u00bb||0px||false|false\u00bb global_colors_info=\u00bb{}\u00bb][et_pb_row make_equal=\u00bbon\u00bb _builder_version=\u00bb4.26.0&#8243; _module_preset=\u00bbdefault\u00bb custom_padding=\u00bb0px||0px||true|false\u00bb custom_css_main_element=\u00bbalign-items:center;\u00bb global_colors_info=\u00bb{}\u00bb][et_pb_column type=\u00bb4_4&#8243; _builder_version=\u00bb4.26.0&#8243; _module_preset=\u00bbdefault\u00bb global_colors_info=\u00bb{}\u00bb][et_pb_cta title=\u00bbNosotros\u00bb button_text=\u00bbM\u00e1s informaci\u00f3n\u00bb _builder_version=\u00bb4.26.0&#8243; _module_preset=\u00bbff9b9835-9a2a-43b8-9cf4-976f97bd4cb5&#8243; header_level=\u00bbh1&#8243; text_orientation=\u00bbleft\u00bb background_layout=\u00bblight\u00bb global_colors_info=\u00bb{}\u00bb][\/et_pb_cta][\/et_pb_column][\/et_pb_row][\/et_pb_section][et_pb_section fb_built=\u00bb1&#8243; _builder_version=\u00bb4.26.0&#8243; _module_preset=\u00bbdefault\u00bb custom_padding=\u00bb0px||||false|false\u00bb global_colors_info=\u00bb{}\u00bb][et_pb_row column_structure=\u00bb1_2,1_2&#8243; use_custom_gutter=\u00bbon\u00bb gutter_width=\u00bb2&#8243; module_class=\u00bbnosaltres\u00bb _builder_version=\u00bb4.26.0&#8243; _module_preset=\u00bbdefault\u00bb custom_padding=\u00bb||0px||false|false\u00bb global_colors_info=\u00bb{}\u00bb][et_pb_column type=\u00bb1_2&#8243; _builder_version=\u00bb4.26.0&#8243; _module_preset=\u00bbdefault\u00bb global_colors_info=\u00bb{}\u00bb][et_pb_blurb title=\u00bbAdministradores\u00bb use_icon=\u00bbon\u00bb font_icon=\u00bb&#xf4fe;||fa||900&#8243; _builder_version=\u00bb4.26.0&#8243; _module_preset=\u00bbe1b44706-200e-4f26-b432-6327f77fb784&#8243; global_colors_info=\u00bb{}\u00bb]<\/p>\n<p>Administradores de fincas colegiados con a\u00f1os de experiencia en el r\u00e9gimen de propiedad horizontal y en la gesti\u00f3n de alquileres que siempre encuentran las mejores soluciones cumpliendo estrictamente con la legalidad vigente.<\/p>\n<p>[\/et_pb_blurb][\/et_pb_column][et_pb_column type=\u00bb1_2&#8243; _builder_version=\u00bb4.26.0&#8243; _module_preset=\u00bbdefault\u00bb global_colors_info=\u00bb{}\u00bb][et_pb_blurb title=\u00bbEconomistas\u00bb use_icon=\u00bbon\u00bb font_icon=\u00bb&#xf080;||fa||900&#8243; _builder_version=\u00bb4.26.0&#8243; _module_preset=\u00bbe1b44706-200e-4f26-b432-6327f77fb784&#8243; global_colors_info=\u00bb{}\u00bb]<\/p>\n<p>Economistas especializados en cada una de las \u00e1reas de gesti\u00f3n, con un departamento especializado en el sector inmobiliario, que ofrecen su experiencia al servicio de cualquier proyecto consiguiendo el mejor ensamblaje y aportando la visi\u00f3n que todo inversor necesita.<\/p>\n<p>[\/et_pb_blurb][\/et_pb_column][\/et_pb_row][et_pb_row column_structure=\u00bb1_2,1_2&#8243; use_custom_gutter=\u00bbon\u00bb gutter_width=\u00bb2&#8243; module_class=\u00bbnosaltres\u00bb _builder_version=\u00bb4.26.0&#8243; _module_preset=\u00bbdefault\u00bb global_colors_info=\u00bb{}\u00bb][et_pb_column type=\u00bb1_2&#8243; _builder_version=\u00bb4.26.0&#8243; _module_preset=\u00bbdefault\u00bb global_colors_info=\u00bb{}\u00bb][et_pb_blurb title=\u00bbAbogados\u00bb use_icon=\u00bbon\u00bb font_icon=\u00bb&#xf24e;||fa||900&#8243; _builder_version=\u00bb4.26.0&#8243; _module_preset=\u00bbe1b44706-200e-4f26-b432-6327f77fb784&#8243; global_colors_info=\u00bb{}\u00bb]<\/p>\n<p>Abogados especializados en el sector inmobiliario que tutelan todos los procesos y ofrecen el mejor asesoramiento en todas las \u00e1reas de gesti\u00f3n para ofrecer la m\u00e1xima tranquilidad al cliente.<\/p>\n<p>[\/et_pb_blurb][\/et_pb_column][et_pb_column type=\u00bb1_2&#8243; _builder_version=\u00bb4.26.0&#8243; _module_preset=\u00bbdefault\u00bb global_colors_info=\u00bb{}\u00bb][et_pb_blurb title=\u00bbProfesionales\u00bb use_icon=\u00bbon\u00bb font_icon=\u00bb&#xf508;||fa||900&#8243; _builder_version=\u00bb4.26.0&#8243; _module_preset=\u00bbe1b44706-200e-4f26-b432-6327f77fb784&#8243; global_colors_info=\u00bb{}\u00bb]<\/p>\n<p>Profesionales con amplia experiencia en cada sector que ofrecen sus servicios para dar soluci\u00f3n a cualquier necesidad que se presente relacionada con la gesti\u00f3n de proyectos o activos inmobiliarios.<\/p>\n<p>[\/et_pb_blurb][\/et_pb_column][\/et_pb_row][\/et_pb_section][et_pb_section fb_built=\u00bb1&#8243; _builder_version=\u00bb4.26.0&#8243; _module_preset=\u00bbdefault\u00bb global_colors_info=\u00bb{}\u00bb][et_pb_row column_structure=\u00bb1_4,1_4,1_4,1_4&#8243; module_class=\u00bbworkers\u00bb _builder_version=\u00bb4.26.0&#8243; _module_preset=\u00bbdefault\u00bb global_colors_info=\u00bb{}\u00bb][et_pb_column type=\u00bb1_4&#8243; _builder_version=\u00bb4.26.0&#8243; _module_preset=\u00bbdefault\u00bb global_colors_info=\u00bb{}\u00bb][et_pb_blurb title=\u00bbRub\u00e9n Llach\u00bb image=\u00bbhttps:\/\/www.llachserra.com\/wp-content\/uploads\/2025\/07\/18.jpg\u00bb alt=\u00bbRuben Llach | Direcci\u00f3n Llach Serra\u00bb _builder_version=\u00bb4.27.0&#8243; _module_preset=\u00bb2bae6aa0-9c3d-4f8f-a605-685f172537d0&#8243; global_colors_info=\u00bb{}\u00bb]<\/p>\n<p>Direcci\u00f3n<\/p>\n<p>[\/et_pb_blurb][\/et_pb_column][et_pb_column type=\u00bb1_4&#8243; _builder_version=\u00bb4.26.0&#8243; _module_preset=\u00bbdefault\u00bb global_colors_info=\u00bb{}\u00bb][et_pb_blurb title=\u00bbBeatriz Escarabajal\u00bb image=\u00bbhttps:\/\/www.llachserra.com\/wp-content\/uploads\/2025\/08\/23.jpg\u00bb alt=\u00bbBeatriz Escarabajal | Direcci\u00f3n Llach Serra\u00bb _builder_version=\u00bb4.27.0&#8243; _module_preset=\u00bb2bae6aa0-9c3d-4f8f-a605-685f172537d0&#8243; global_colors_info=\u00bb{}\u00bb]<\/p>\n<p>Direcci\u00f3n<\/p>\n<p>[\/et_pb_blurb][\/et_pb_column][et_pb_column type=\u00bb1_4&#8243; _builder_version=\u00bb4.26.0&#8243; _module_preset=\u00bbdefault\u00bb global_colors_info=\u00bb{}\u00bb][et_pb_blurb title=\u00bbJud\u00e1 Morcillo\u00bb image=\u00bbhttps:\/\/www.llachserra.com\/wp-content\/uploads\/2025\/07\/10.jpg\u00bb alt=\u00bbJud\u00e1 Morcillo | Abogado Llach Serra\u00bb _builder_version=\u00bb4.27.0&#8243; _module_preset=\u00bb2bae6aa0-9c3d-4f8f-a605-685f172537d0&#8243; global_colors_info=\u00bb{}\u00bb]<\/p>\n<p>Abogado<\/p>\n<p>[\/et_pb_blurb][\/et_pb_column][et_pb_column type=\u00bb1_4&#8243; _builder_version=\u00bb4.26.0&#8243; _module_preset=\u00bbdefault\u00bb global_colors_info=\u00bb{}\u00bb][et_pb_blurb title=\u00bbIsabel V\u00e1zquez\u00bb image=\u00bbhttps:\/\/www.llachserra.com\/wp-content\/uploads\/2025\/07\/7-1.jpg\u00bb alt=\u00bbIsabel V\u00e1zquez | Oficial Dpt Comunidades Llach Serra\u00bb _builder_version=\u00bb4.27.0&#8243; _module_preset=\u00bb2bae6aa0-9c3d-4f8f-a605-685f172537d0&#8243; global_colors_info=\u00bb{}\u00bb]<\/p>\n<p>Oficial Habilitada<br \/>Departamento de Comunidades<\/p>\n<p>[\/et_pb_blurb][\/et_pb_column][\/et_pb_row][et_pb_row column_structure=\u00bb1_4,1_4,1_4,1_4&#8243; module_class=\u00bbworkers\u00bb _builder_version=\u00bb4.26.0&#8243; _module_preset=\u00bbdefault\u00bb global_colors_info=\u00bb{}\u00bb][et_pb_column type=\u00bb1_4&#8243; _builder_version=\u00bb4.26.0&#8243; _module_preset=\u00bbdefault\u00bb global_colors_info=\u00bb{}\u00bb][et_pb_blurb title=\u00bbLaura Garc\u00eda\u00bb image=\u00bbhttps:\/\/www.llachserra.com\/wp-content\/uploads\/2025\/11\/fotoLauraGarcia1762943978-1.png\u00bb alt=\u00bbLaura Garc\u00eda\u00bb _builder_version=\u00bb4.27.4&#8243; _module_preset=\u00bb2bae6aa0-9c3d-4f8f-a605-685f172537d0&#8243; global_colors_info=\u00bb{}\u00bb]<\/p>\n<p>Oficial Habilitada<br \/>Departamento de Comunidades<\/p>\n<p>[\/et_pb_blurb][\/et_pb_column][et_pb_column type=\u00bb1_4&#8243; _builder_version=\u00bb4.26.0&#8243; _module_preset=\u00bbdefault\u00bb global_colors_info=\u00bb{}\u00bb][et_pb_blurb title=\u00bbXavier Florent\u00edn\u00bb image=\u00bbhttps:\/\/www.llachserra.com\/wp-content\/uploads\/2025\/07\/22.jpg\u00bb alt=\u00bbXavier Florent\u00edn | Oficial Dpt Comunidades Llach Serra\u00bb _builder_version=\u00bb4.27.5&#8243; _module_preset=\u00bb2bae6aa0-9c3d-4f8f-a605-685f172537d0&#8243; global_colors_info=\u00bb{}\u00bb]Director del Departamento de Comunitades[\/et_pb_blurb][\/et_pb_column][et_pb_column type=\u00bb1_4&#8243; _builder_version=\u00bb4.27.0&#8243; _module_preset=\u00bbdefault\u00bb global_colors_info=\u00bb{}\u00bb][et_pb_blurb title=\u00bbJENNIFER PIZARRO\u00bb image=\u00bbhttps:\/\/www.llachserra.com\/wp-content\/uploads\/2025\/07\/9-1.jpg\u00bb alt=\u00bbXavier Florent\u00edn | Oficial Dpt Comunidades Llach Serra\u00bb _builder_version=\u00bb4.27.0&#8243; _module_preset=\u00bb2bae6aa0-9c3d-4f8f-a605-685f172537d0&#8243; global_colors_info=\u00bb{}\u00bb]<\/p>\n<p>Oficial Habilitada<br \/>Departamento de Comunidades<\/p>\n<p>[\/et_pb_blurb][\/et_pb_column][et_pb_column type=\u00bb1_4&#8243; _builder_version=\u00bb4.26.0&#8243; _module_preset=\u00bbdefault\u00bb global_colors_info=\u00bb{}\u00bb][et_pb_blurb title=\u00bbJonathan S\u00e1nchez\u00bb image=\u00bbhttps:\/\/www.llachserra.com\/wp-content\/uploads\/2026\/02\/JONATHANSANCHEZ1770381555.jpg\u00bb alt=\u00bbJonathan S\u00e1nchez, Llach Serra\u00bb _builder_version=\u00bb4.27.5&#8243; _module_preset=\u00bb2bae6aa0-9c3d-4f8f-a605-685f172537d0&#8243; global_colors_info=\u00bb{}\u00bb]<\/p>\n<p>Oficial Habilitado<br \/>Departamento de Comunidades<\/p>\n<p>[\/et_pb_blurb][\/et_pb_column][\/et_pb_row][et_pb_row column_structure=\u00bb1_4,1_4,1_4,1_4&#8243; module_class=\u00bbworkers\u00bb _builder_version=\u00bb4.27.5&#8243; _module_preset=\u00bbdefault\u00bb global_colors_info=\u00bb{}\u00bb][et_pb_column type=\u00bb1_4&#8243; _builder_version=\u00bb4.26.0&#8243; _module_preset=\u00bbdefault\u00bb global_colors_info=\u00bb{}\u00bb][et_pb_blurb title=\u00bbIsabel Alcario\u00bb image=\u00bbhttps:\/\/www.llachserra.com\/wp-content\/uploads\/2025\/07\/6-1.jpg\u00bb alt=\u00bbIsabel Alcario | T\u00e9cnica Administrativa Dpt Comunidades Llach Serra\u00bb _builder_version=\u00bb4.27.0&#8243; _module_preset=\u00bb2bae6aa0-9c3d-4f8f-a605-685f172537d0&#8243; global_colors_info=\u00bb{}\u00bb]<\/p>\n<p>T\u00e9cnica Administrativa<br \/>Departamento de Comunidades<\/p>\n<p>[\/et_pb_blurb][\/et_pb_column][et_pb_column type=\u00bb1_4&#8243; _builder_version=\u00bb4.27.0&#8243; _module_preset=\u00bbdefault\u00bb global_colors_info=\u00bb{}\u00bb][et_pb_blurb title=\u00bbCristina Crespo\u00bb image=\u00bbhttps:\/\/www.llachserra.com\/wp-content\/uploads\/2025\/07\/2-1.jpg\u00bb alt=\u00bbCristina Crespo | Atenci\u00f3n al cliente Llach Serra\u00bb _builder_version=\u00bb4.27.5&#8243; _module_preset=\u00bb2bae6aa0-9c3d-4f8f-a605-685f172537d0&#8243; global_colors_info=\u00bb{}\u00bb]<\/p>\n<p>T\u00e9cnica Administrativa<br \/>Departamento de Comunidades<\/p>\n<p>[\/et_pb_blurb][\/et_pb_column][et_pb_column type=\u00bb1_4&#8243; _builder_version=\u00bb4.26.0&#8243; _module_preset=\u00bbdefault\u00bb global_colors_info=\u00bb{}\u00bb][et_pb_blurb title=\u00bbMARTA MARTINEZ\u00bb image=\u00bbhttps:\/\/www.llachserra.com\/wp-content\/uploads\/2025\/07\/12.jpg\u00bb alt=\u00bbCristina Crespo | Atenci\u00f3n al cliente Llach Serra\u00bb _builder_version=\u00bb4.27.5&#8243; _module_preset=\u00bb2bae6aa0-9c3d-4f8f-a605-685f172537d0&#8243; global_colors_info=\u00bb{}\u00bb]T\u00e9cnica Administrativa<br \/>\nDepartamento de Comunidades[\/et_pb_blurb][\/et_pb_column][et_pb_column type=\u00bb1_4&#8243; _builder_version=\u00bb4.27.0&#8243; _module_preset=\u00bbdefault\u00bb global_colors_info=\u00bb{}\u00bb][et_pb_blurb title=\u00bbEsther Iglesias\u00bb image=\u00bbhttps:\/\/www.llachserra.com\/wp-content\/uploads\/2025\/07\/4-1.jpg\u00bb alt=\u00bbEsther Iglesias | Servicios auxiliares Llach Serra\u00bb _builder_version=\u00bb4.27.0&#8243; _module_preset=\u00bb2bae6aa0-9c3d-4f8f-a605-685f172537d0&#8243; global_colors_info=\u00bb{}\u00bb]<\/p>\n<p>Servicios Auxiliares<\/p>\n<p>[\/et_pb_blurb][\/et_pb_column][\/et_pb_row][et_pb_row column_structure=\u00bb1_4,1_4,1_4,1_4&#8243; module_class=\u00bbworkers\u00bb _builder_version=\u00bb4.27.5&#8243; _module_preset=\u00bbdefault\u00bb global_colors_info=\u00bb{}\u00bb][et_pb_column type=\u00bb1_4&#8243; module_class=\u00bbcol-empty\u00bb _builder_version=\u00bb4.26.0&#8243; _module_preset=\u00bbdefault\u00bb global_colors_info=\u00bb{}\u00bb][et_pb_blurb title=\u00bbXavier Anguita\u00bb image=\u00bbhttps:\/\/www.llachserra.com\/wp-content\/uploads\/2025\/07\/20.jpg\u00bb alt=\u00bbXavier Anguita | Responsable de contabilidad Llach Serra \u00bb _builder_version=\u00bb4.27.0&#8243; _module_preset=\u00bb2bae6aa0-9c3d-4f8f-a605-685f172537d0&#8243; global_colors_info=\u00bb{}\u00bb]<\/p>\n<p>Contabilidad<\/p>\n<p>[\/et_pb_blurb][\/et_pb_column][et_pb_column type=\u00bb1_4&#8243; module_class=\u00bbcol-empty\u00bb _builder_version=\u00bb4.26.0&#8243; _module_preset=\u00bbdefault\u00bb global_colors_info=\u00bb{}\u00bb][et_pb_blurb title=\u00bbM\u00f2nica Delgado\u00bb image=\u00bbhttps:\/\/www.llachserra.com\/wp-content\/uploads\/2025\/07\/13.jpg\u00bb alt=\u00bbXavier Anguita | Responsable de contabilidad Llach Serra \u00bb _builder_version=\u00bb4.27.5&#8243; _module_preset=\u00bb2bae6aa0-9c3d-4f8f-a605-685f172537d0&#8243; global_colors_info=\u00bb{}\u00bb]Directora de Contabilidad[\/et_pb_blurb][\/et_pb_column][et_pb_column type=\u00bb1_4&#8243; module_class=\u00bbcol-content-1&#8243; _builder_version=\u00bb4.26.0&#8243; _module_preset=\u00bbdefault\u00bb global_colors_info=\u00bb{}\u00bb][et_pb_blurb title=\u00bbPatricia Arenas\u00bb image=\u00bbhttps:\/\/www.llachserra.com\/wp-content\/uploads\/2025\/07\/15.jpg\u00bb alt=\u00bbPatricia Arenas | Contabilidad Llach Serra\u00bb _builder_version=\u00bb4.27.0&#8243; _module_preset=\u00bb2bae6aa0-9c3d-4f8f-a605-685f172537d0&#8243; global_colors_info=\u00bb{}\u00bb]<\/p>\n<p>Contabilidad<\/p>\n<p>[\/et_pb_blurb][\/et_pb_column][et_pb_column type=\u00bb1_4&#8243; module_class=\u00bbcol-content-2&#8243; _builder_version=\u00bb4.26.0&#8243; _module_preset=\u00bbdefault\u00bb global_colors_info=\u00bb{}\u00bb][et_pb_blurb title=\u00bbRaquel S\u00e1nchez\u00bb image=\u00bbhttps:\/\/www.llachserra.com\/wp-content\/uploads\/2025\/07\/17.jpg\u00bb alt=\u00bbRaquel S\u00e1nchez | Contabilidad Llach Serra\u00bb _builder_version=\u00bb4.27.0&#8243; _module_preset=\u00bb2bae6aa0-9c3d-4f8f-a605-685f172537d0&#8243; global_colors_info=\u00bb{}\u00bb]<\/p>\n<p>Contabilidad<\/p>\n<p>[\/et_pb_blurb][\/et_pb_column][\/et_pb_row][et_pb_row column_structure=\u00bb1_4,1_4,1_4,1_4&#8243; module_class=\u00bbworkers\u00bb _builder_version=\u00bb4.27.5&#8243; _module_preset=\u00bbdefault\u00bb global_colors_info=\u00bb{}\u00bb][et_pb_column type=\u00bb1_4&#8243; _builder_version=\u00bb4.26.0&#8243; _module_preset=\u00bbdefault\u00bb global_colors_info=\u00bb{}\u00bb][et_pb_blurb title=\u00bbM\u00f2nica Llurba\u00bb image=\u00bbhttps:\/\/www.llachserra.com\/wp-content\/uploads\/2026\/03\/MONICA-LLURBA-scaled.jpeg\u00bb alt=\u00bbM\u00f2nica Llurba | Direcci\u00f3n Comercial Vilafranca Llach Serra\u00bb _builder_version=\u00bb4.27.5&#8243; _module_preset=\u00bb2bae6aa0-9c3d-4f8f-a605-685f172537d0&#8243; hover_enabled=\u00bb0&#8243; global_colors_info=\u00bb{}\u00bb title_text=\u00bbMO\u0300NICA LLURBA\u00bb sticky_enabled=\u00bb0&#8243;]<\/p>\n<p>Directora Comercial<\/p>\n<p>[\/et_pb_blurb][\/et_pb_column][et_pb_column type=\u00bb1_4&#8243; _builder_version=\u00bb4.26.0&#8243; _module_preset=\u00bbdefault\u00bb global_colors_info=\u00bb{}\u00bb][et_pb_blurb title=\u00bbXavier Blanch\u00bb image=\u00bbhttps:\/\/www.llachserra.com\/wp-content\/uploads\/2025\/07\/21.jpg\u00bb alt=\u00bbXavier Blanch | Asesor inmobiliario Llach Serra\u00bb _builder_version=\u00bb4.27.0&#8243; _module_preset=\u00bb2bae6aa0-9c3d-4f8f-a605-685f172537d0&#8243; global_colors_info=\u00bb{}\u00bb]<\/p>\n<p>Asesor inmobiliario<\/p>\n<p>[\/et_pb_blurb][\/et_pb_column][et_pb_column type=\u00bb1_4&#8243; _builder_version=\u00bb4.26.0&#8243; _module_preset=\u00bbdefault\u00bb global_colors_info=\u00bb{}\u00bb][et_pb_blurb title=\u00bbIsmael S\u00e1nchez\u00bb image=\u00bbhttps:\/\/www.llachserra.com\/wp-content\/uploads\/2025\/07\/8-1.jpg\u00bb alt=\u00bbIsmael S\u00e1nchez | Asesor inmobiliario Llach Serra\u00bb _builder_version=\u00bb4.27.0&#8243; _module_preset=\u00bb2bae6aa0-9c3d-4f8f-a605-685f172537d0&#8243; global_colors_info=\u00bb{}\u00bb]<\/p>\n<p>Asesor inmobiliario<\/p>\n<p>[\/et_pb_blurb][\/et_pb_column][et_pb_column type=\u00bb1_4&#8243; _builder_version=\u00bb4.26.0&#8243; _module_preset=\u00bbdefault\u00bb global_colors_info=\u00bb{}\u00bb][et_pb_blurb title=\u00bbEstel Seto\u00bb image=\u00bbhttps:\/\/www.llachserra.com\/wp-content\/uploads\/2025\/07\/3-1.jpg\u00bb alt=\u00bbIsmael S\u00e1nchez | Asesor inmobiliario Llach Serra\u00bb _builder_version=\u00bb4.27.0&#8243; _module_preset=\u00bb2bae6aa0-9c3d-4f8f-a605-685f172537d0&#8243; global_colors_info=\u00bb{}\u00bb]<\/p>\n<p>Asesora inmobiliaria<\/p>\n<p>[\/et_pb_blurb][\/et_pb_column][\/et_pb_row][et_pb_row column_structure=\u00bb1_4,1_4,1_4,1_4&#8243; module_class=\u00bbworkers\u00bb _builder_version=\u00bb4.26.0&#8243; _module_preset=\u00bbdefault\u00bb global_colors_info=\u00bb{}\u00bb][et_pb_column type=\u00bb1_4&#8243; module_class=\u00bbcol-empty\u00bb _builder_version=\u00bb4.26.0&#8243; _module_preset=\u00bbdefault\u00bb global_colors_info=\u00bb{}\u00bb][et_pb_blurb title=\u00bbBlanca Laguna\u00bb image=\u00bbhttps:\/\/www.llachserra.com\/wp-content\/uploads\/2025\/07\/1-1.jpg\u00bb alt=\u00bbAntonio Moreno | Atenci\u00f3n al cliente Llach Serra\u00bb _builder_version=\u00bb4.27.0&#8243; _module_preset=\u00bb2bae6aa0-9c3d-4f8f-a605-685f172537d0&#8243; global_colors_info=\u00bb{}\u00bb]<\/p>\n<p>Marketing<\/p>\n<p>[\/et_pb_blurb][\/et_pb_column][et_pb_column type=\u00bb1_4&#8243; module_class=\u00bbcol-content-1&#8243; _builder_version=\u00bb4.26.0&#8243; _module_preset=\u00bbdefault\u00bb global_colors_info=\u00bb{}\u00bb][et_pb_blurb title=\u00bbHelena Rovira\u00bb image=\u00bbhttps:\/\/www.llachserra.com\/wp-content\/uploads\/2025\/07\/5-1.jpg\u00bb alt=\u00bbHelena Rovira | Atenci\u00f3n al cliente Llach Serra\u00bb _builder_version=\u00bb4.27.0&#8243; _module_preset=\u00bb2bae6aa0-9c3d-4f8f-a605-685f172537d0&#8243; global_colors_info=\u00bb{}\u00bb]<\/p>\n<p>Atenci\u00f3n al cliente<\/p>\n<p>[\/et_pb_blurb][\/et_pb_column][et_pb_column type=\u00bb1_4&#8243; module_class=\u00bbcol-content-2&#8243; _builder_version=\u00bb4.26.0&#8243; _module_preset=\u00bbdefault\u00bb global_colors_info=\u00bb{}\u00bb][et_pb_blurb title=\u00bbSusanna Vila\u00bb image=\u00bbhttps:\/\/www.llachserra.com\/wp-content\/uploads\/2025\/07\/19.jpg\u00bb alt=\u00bbAntonio Moreno | Atenci\u00f3n al cliente Llach Serra\u00bb _builder_version=\u00bb4.27.0&#8243; _module_preset=\u00bb2bae6aa0-9c3d-4f8f-a605-685f172537d0&#8243; global_colors_info=\u00bb{}\u00bb]<\/p>\n<p>Atenci\u00f3n al cliente<\/p>\n<p>[\/et_pb_blurb][\/et_pb_column][et_pb_column type=\u00bb1_4&#8243; module_class=\u00bbcol-empty\u00bb _builder_version=\u00bb4.26.0&#8243; _module_preset=\u00bbdefault\u00bb global_colors_info=\u00bb{}\u00bb][et_pb_blurb title=\u00bbPaula Blanch\u00bb image=\u00bbhttps:\/\/www.llachserra.com\/wp-content\/uploads\/2025\/07\/16.jpg\u00bb alt=\u00bbAntonio Moreno | Atenci\u00f3n al cliente Llach Serra\u00bb _builder_version=\u00bb4.27.0&#8243; _module_preset=\u00bb2bae6aa0-9c3d-4f8f-a605-685f172537d0&#8243; global_colors_info=\u00bb{}\u00bb]<\/p>\n<p>Atenci\u00f3n al cliente<\/p>\n<p>[\/et_pb_blurb][\/et_pb_column][\/et_pb_row][et_pb_row column_structure=\u00bb1_4,1_4,1_4,1_4&#8243; module_class=\u00bbworkers\u00bb _builder_version=\u00bb4.26.0&#8243; _module_preset=\u00bbdefault\u00bb global_colors_info=\u00bb{}\u00bb][et_pb_column type=\u00bb1_4&#8243; module_class=\u00bbcol-empty\u00bb _builder_version=\u00bb4.26.0&#8243; _module_preset=\u00bbdefault\u00bb global_colors_info=\u00bb{}\u00bb][et_pb_blurb title=\u00bbAnna Albornoz\u00bb image=\u00bbhttps:\/\/www.llachserra.com\/wp-content\/uploads\/2025\/08\/ANNA-ALBORNOZ.jpg\u00bb alt=\u00bbAnna Albornoz\u00bb _builder_version=\u00bb4.27.0&#8243; _module_preset=\u00bb2bae6aa0-9c3d-4f8f-a605-685f172537d0&#8243; global_colors_info=\u00bb{}\u00bb]<\/p>\n<p>Atenci\u00f3n al cliente<\/p>\n<p>[\/et_pb_blurb][\/et_pb_column][et_pb_column type=\u00bb1_4&#8243; module_class=\u00bbcol-content-1&#8243; _builder_version=\u00bb4.26.0&#8243; _module_preset=\u00bbdefault\u00bb global_colors_info=\u00bb{}\u00bb][\/et_pb_column][et_pb_column type=\u00bb1_4&#8243; module_class=\u00bbcol-content-2&#8243; _builder_version=\u00bb4.26.0&#8243; _module_preset=\u00bbdefault\u00bb global_colors_info=\u00bb{}\u00bb][\/et_pb_column][et_pb_column type=\u00bb1_4&#8243; module_class=\u00bbcol-empty\u00bb _builder_version=\u00bb4.26.0&#8243; _module_preset=\u00bbdefault\u00bb global_colors_info=\u00bb{}\u00bb][\/et_pb_column][\/et_pb_row][\/et_pb_section]<\/p>\n","protected":false},"excerpt":{"rendered":"<p>Administradores de fincas colegiados con a\u00f1os de experiencia en el r\u00e9gimen de propiedad horizontal y en la gesti\u00f3n de alquileres que siempre encuentran las mejores soluciones cumpliendo estrictamente con la legalidad vigente.Economistas especializados en cada una de las \u00e1reas de gesti\u00f3n, con un departamento especializado en el sector inmobiliario, que ofrecen su experiencia al servicio [&hellip;]<\/p>\n","protected":false},"author":1,"featured_media":0,"parent":0,"menu_order":0,"comment_status":"closed","ping_status":"closed","template":"","meta":{"_acf_changed":false,"_et_pb_use_builder":"on","_et_pb_old_content":"","_et_gb_content_width":"","footnotes":""},"class_list":["post-789","page","type-page","status-publish","hentry"],"acf":[],"_links":{"self":[{"href":"https:\/\/www.llachserra.com\/es\/wp-json\/wp\/v2\/pages\/789","targetHints":{"allow":["GET"]}}],"collection":[{"href":"https:\/\/www.llachserra.com\/es\/wp-json\/wp\/v2\/pages"}],"about":[{"href":"https:\/\/www.llachserra.com\/es\/wp-json\/wp\/v2\/types\/page"}],"author":[{"embeddable":true,"href":"https:\/\/www.llachserra.com\/es\/wp-json\/wp\/v2\/users\/1"}],"replies":[{"embeddable":true,"href":"https:\/\/www.llachserra.com\/es\/wp-json\/wp\/v2\/comments?post=789"}],"version-history":[{"count":20,"href":"https:\/\/www.llachserra.com\/es\/wp-json\/wp\/v2\/pages\/789\/revisions"}],"predecessor-version":[{"id":59230,"href":"https:\/\/www.llachserra.com\/es\/wp-json\/wp\/v2\/pages\/789\/revisions\/59230"}],"wp:attachment":[{"href":"https:\/\/www.llachserra.com\/es\/wp-json\/wp\/v2\/media?parent=789"}],"curies":[{"name":"wp","href":"https:\/\/api.w.org\/{rel}","templated":true}]}}