{"id":775,"date":"2024-07-16T13:14:58","date_gmt":"2024-07-16T11:14:58","guid":{"rendered":"https:\/\/www.llachserra.com\/servicio\/"},"modified":"2024-07-30T14:20:12","modified_gmt":"2024-07-30T12:20:12","slug":"servicio","status":"publish","type":"page","link":"https:\/\/www.llachserra.com\/es\/servicio\/","title":{"rendered":"Servicio"},"content":{"rendered":"<p>[et_pb_section fb_built=\u00bb1&#8243; custom_padding_last_edited=\u00bboff|desktop\u00bb _builder_version=\u00bb4.26.0&#8243; _module_preset=\u00bbdefault\u00bb custom_margin=\u00bb50px||||false|false\u00bb custom_margin_tablet=\u00bb0px||||false|false\u00bb custom_margin_phone=\u00bb0px||||false|false\u00bb custom_margin_last_edited=\u00bbon|tablet\u00bb custom_padding=\u00bb||0px||false|false\u00bb global_colors_info=\u00bb{}\u00bb][et_pb_row make_equal=\u00bbon\u00bb _builder_version=\u00bb4.26.0&#8243; _module_preset=\u00bbdefault\u00bb custom_padding=\u00bb0px||0px||true|false\u00bb custom_css_main_element=\u00bbalign-items:center;\u00bb global_colors_info=\u00bb{}\u00bb][et_pb_column type=\u00bb4_4&#8243; _builder_version=\u00bb4.26.0&#8243; _module_preset=\u00bbdefault\u00bb global_colors_info=\u00bb{}\u00bb][et_pb_cta title=\u00bbServicio\u00bb button_text=\u00bbM\u00e1s informaci\u00f3n\u00bb _builder_version=\u00bb4.27.0&#8243; _module_preset=\u00bbff9b9835-9a2a-43b8-9cf4-976f97bd4cb5&#8243; header_level=\u00bbh1&#8243; text_orientation=\u00bbleft\u00bb background_layout=\u00bblight\u00bb hover_enabled=\u00bb0&#8243; global_colors_info=\u00bb{}\u00bb sticky_enabled=\u00bb0&#8243;][\/et_pb_cta][\/et_pb_column][\/et_pb_row][\/et_pb_section][et_pb_section fb_built=\u00bb1&#8243; _builder_version=\u00bb4.26.1&#8243; _module_preset=\u00bbdefault\u00bb custom_padding=\u00bb0px||120px||false|false\u00bb global_colors_info=\u00bb{}\u00bb][et_pb_row column_structure=\u00bb1_2,1_2&#8243; use_custom_gutter=\u00bbon\u00bb gutter_width=\u00bb2&#8243; module_class=\u00bbserveis\u00bb _builder_version=\u00bb4.26.1&#8243; _module_preset=\u00bbdefault\u00bb custom_padding=\u00bb||||false|false\u00bb global_colors_info=\u00bb{}\u00bb][et_pb_column type=\u00bb1_2&#8243; _builder_version=\u00bb4.26.0&#8243; _module_preset=\u00bbdefault\u00bb global_colors_info=\u00bb{}\u00bb][et_pb_blurb title=\u00bbGesti\u00f3n de comunidades\u00bb url=\u00bbhttps:\/\/www.llachserra.com\/serveis\/gestio-comunitats\/\u00bb image=\u00bbhttps:\/\/www.llachserra.com\/wp-content\/uploads\/2024\/07\/pisos-llach-serra4.jpg\u00bb _builder_version=\u00bb4.26.1&#8243; _module_preset=\u00bbbadf8cbd-981b-42c6-8ea6-e7276efc895f\u00bb link_option_url=\u00bbhttps:\/\/www.llachserra.com\/serveis\/gestio-comunitats\/\u00bb global_colors_info=\u00bb{}\u00bb]<\/p>\n<p>La administraci\u00f3n de tu Comunidad de Propietarios necesita estar en manos de un equipo profesional, altamente especializado y con amplia experiencia en el sector.<\/p>\n<p>[\/et_pb_blurb][et_pb_button button_url=\u00bbhttps:\/\/www.llachserra.com\/serveis\/gestio-comunitats\/\u00bb button_text=\u00bbM\u00e1s informaci\u00f3n\u00bb _builder_version=\u00bb4.26.1&#8243; _module_preset=\u00bbdefault\u00bb global_colors_info=\u00bb{}\u00bb][\/et_pb_button][\/et_pb_column][et_pb_column type=\u00bb1_2&#8243; _builder_version=\u00bb4.26.0&#8243; _module_preset=\u00bbdefault\u00bb global_colors_info=\u00bb{}\u00bb][et_pb_blurb title=\u00bbVenta y alquiler\u00bb url=\u00bbhttps:\/\/www.llachserra.com\/serveis\/venda-i-lloguer\/\u00bb image=\u00bbhttps:\/\/www.llachserra.com\/wp-content\/uploads\/2024\/07\/Lloguer-de-pisos-Llach-Serra-e1721369717762.jpg\u00bb _builder_version=\u00bb4.26.1&#8243; _module_preset=\u00bbbadf8cbd-981b-42c6-8ea6-e7276efc895f\u00bb link_option_url=\u00bbhttps:\/\/www.llachserra.com\/serveis\/venda-i-lloguer\/\u00bb global_colors_info=\u00bb{}\u00bb]\u00bfQuieres vender o alquilar tu propiedad? Necesitas un profesional de confianza que te asesore en todo el proceso y te presente siempre la mejor soluci\u00f3n.[\/et_pb_blurb][et_pb_button button_url=\u00bbhttps:\/\/www.llachserra.com\/serveis\/venda-i-lloguer\/\u00bb button_text=\u00bbM\u00e1s informaci\u00f3n\u00bb _builder_version=\u00bb4.26.1&#8243; _module_preset=\u00bbdefault\u00bb global_colors_info=\u00bb{}\u00bb][\/et_pb_button][\/et_pb_column][\/et_pb_row][et_pb_row column_structure=\u00bb1_2,1_2&#8243; use_custom_gutter=\u00bbon\u00bb gutter_width=\u00bb2&#8243; module_class=\u00bbserveis\u00bb _builder_version=\u00bb4.26.1&#8243; _module_preset=\u00bbdefault\u00bb custom_padding=\u00bb||0px||false|false\u00bb global_colors_info=\u00bb{}\u00bb][et_pb_column type=\u00bb1_2&#8243; _builder_version=\u00bb4.26.0&#8243; _module_preset=\u00bbdefault\u00bb global_colors_info=\u00bb{}\u00bb][et_pb_blurb title=\u00bbAdministraci\u00f3n de alquileres\u00bb url=\u00bbhttps:\/\/www.llachserra.com\/serveis\/administracio-lloguers\/\u00bb image=\u00bbhttps:\/\/www.llachserra.com\/wp-content\/uploads\/2024\/07\/Administracion-de-lloguers-Llach-Serra.jpg\u00bb _builder_version=\u00bb4.26.1&#8243; _module_preset=\u00bbbadf8cbd-981b-42c6-8ea6-e7276efc895f\u00bb link_option_url=\u00bbhttps:\/\/www.llachserra.com\/serveis\/administracio-lloguers\/\u00bb global_colors_info=\u00bb{}\u00bb]\u00bfTienes una propiedad alquilada? Una administraci\u00f3n de alquiler profesional le ayudar\u00e1 a obtener la m\u00e1xima rentabilidad, optimizar el valor de tu patrimonio y eliminar toda preocupaci\u00f3n.[\/et_pb_blurb][et_pb_button button_url=\u00bbhttps:\/\/www.llachserra.com\/serveis\/administracio-lloguers\/\u00bb button_text=\u00bbM\u00e1s informaci\u00f3n\u00bb _builder_version=\u00bb4.26.1&#8243; _module_preset=\u00bbdefault\u00bb global_colors_info=\u00bb{}\u00bb][\/et_pb_button][\/et_pb_column][et_pb_column type=\u00bb1_2&#8243; _builder_version=\u00bb4.26.0&#8243; _module_preset=\u00bbdefault\u00bb global_colors_info=\u00bb{}\u00bb][et_pb_blurb title=\u00bbConsultor\u00eda inmobiliaria para proyectos de inversi\u00f3n\u00bb url=\u00bbhttps:\/\/www.llachserra.com\/serveis\/consultoria-immobiliaria\/\u00bb image=\u00bbhttps:\/\/www.llachserra.com\/wp-content\/uploads\/2024\/07\/consultoria-immobiliaria-llach-serra-1.jpg\u00bb _builder_version=\u00bb4.26.1&#8243; _module_preset=\u00bbbadf8cbd-981b-42c6-8ea6-e7276efc895f\u00bb link_option_url=\u00bbhttps:\/\/www.llachserra.com\/serveis\/consultoria-immobiliaria\/\u00bb global_colors_info=\u00bb{}\u00bb]<\/p>\n<p>La administraci\u00f3n de tu Comunidad de Propietarios necesita estar en manos de un equipo profesional, altamente especializado y con amplia experiencia en el sector.<\/p>\n<p>[\/et_pb_blurb][et_pb_button button_url=\u00bbhttps:\/\/www.llachserra.com\/serveis\/consultoria-immobiliaria\/\u00bb button_text=\u00bbM\u00e1s informaci\u00f3n\u00bb _builder_version=\u00bb4.26.1&#8243; _module_preset=\u00bbdefault\u00bb global_colors_info=\u00bb{}\u00bb][\/et_pb_button][\/et_pb_column][\/et_pb_row][\/et_pb_section]<\/p>\n","protected":false},"excerpt":{"rendered":"<p>La administraci\u00f3n de tu Comunidad de Propietarios necesita estar en manos de un equipo profesional, altamente especializado y con amplia experiencia en el sector.\u00bfQuieres vender o alquilar tu propiedad? Necesitas un profesional de confianza que te asesore en todo el proceso y te presente siempre la mejor soluci\u00f3n.\u00bfTienes una propiedad alquilada? Una administraci\u00f3n de alquiler [&hellip;]<\/p>\n","protected":false},"author":1,"featured_media":0,"parent":0,"menu_order":0,"comment_status":"closed","ping_status":"closed","template":"","meta":{"_acf_changed":false,"_et_pb_use_builder":"on","_et_pb_old_content":"","_et_gb_content_width":"","footnotes":""},"class_list":["post-775","page","type-page","status-publish","hentry"],"acf":[],"_links":{"self":[{"href":"https:\/\/www.llachserra.com\/es\/wp-json\/wp\/v2\/pages\/775","targetHints":{"allow":["GET"]}}],"collection":[{"href":"https:\/\/www.llachserra.com\/es\/wp-json\/wp\/v2\/pages"}],"about":[{"href":"https:\/\/www.llachserra.com\/es\/wp-json\/wp\/v2\/types\/page"}],"author":[{"embeddable":true,"href":"https:\/\/www.llachserra.com\/es\/wp-json\/wp\/v2\/users\/1"}],"replies":[{"embeddable":true,"href":"https:\/\/www.llachserra.com\/es\/wp-json\/wp\/v2\/comments?post=775"}],"version-history":[{"count":12,"href":"https:\/\/www.llachserra.com\/es\/wp-json\/wp\/v2\/pages\/775\/revisions"}],"predecessor-version":[{"id":1217,"href":"https:\/\/www.llachserra.com\/es\/wp-json\/wp\/v2\/pages\/775\/revisions\/1217"}],"wp:attachment":[{"href":"https:\/\/www.llachserra.com\/es\/wp-json\/wp\/v2\/media?parent=775"}],"curies":[{"name":"wp","href":"https:\/\/api.w.org\/{rel}","templated":true}]}}