{"id":772,"date":"2024-07-16T13:22:21","date_gmt":"2024-07-16T11:22:21","guid":{"rendered":"https:\/\/www.llachserra.com\/administracion-alquileres\/"},"modified":"2024-10-22T10:33:40","modified_gmt":"2024-10-22T08:33:40","slug":"administracion-alquileres","status":"publish","type":"page","link":"https:\/\/www.llachserra.com\/es\/servicio\/administracion-alquileres\/","title":{"rendered":"Administraci\u00f3n de alquileres"},"content":{"rendered":"<p>[et_pb_section fb_built=\u00bb1&#8243; custom_padding_last_edited=\u00bboff|desktop\u00bb _builder_version=\u00bb4.26.0&#8243; _module_preset=\u00bbdefault\u00bb custom_margin=\u00bb50px||||false|false\u00bb custom_margin_tablet=\u00bb0px||||false|false\u00bb custom_margin_phone=\u00bb0px||||false|false\u00bb custom_margin_last_edited=\u00bbon|phone\u00bb custom_padding=\u00bb||||false|false\u00bb global_colors_info=\u00bb{}\u00bb][et_pb_row column_structure=\u00bb1_2,1_2&#8243; make_equal=\u00bbon\u00bb _builder_version=\u00bb4.26.0&#8243; _module_preset=\u00bbdefault\u00bb custom_padding=\u00bb0px||0px||true|false\u00bb custom_css_main_element=\u00bbalign-items:center;\u00bb global_colors_info=\u00bb{}\u00bb][et_pb_column type=\u00bb1_2&#8243; _builder_version=\u00bb4.26.0&#8243; _module_preset=\u00bbdefault\u00bb global_colors_info=\u00bb{}\u00bb][et_pb_cta title=\u00bbAdministraci\u00f3n de alquileres\u00bb button_text=\u00bbM\u00e1s informaci\u00f3n\u00bb _builder_version=\u00bb4.26.1&#8243; _module_preset=\u00bbff9b9835-9a2a-43b8-9cf4-976f97bd4cb5&#8243; header_level=\u00bbh1&#8243; text_orientation=\u00bbleft\u00bb background_layout=\u00bblight\u00bb global_colors_info=\u00bb{}\u00bb]<\/p>\n<p><em><strong>Selecci\u00f3n de inquilinos, gesti\u00f3n de impagos, resoluci\u00f3n de incidencias&#8230;<br \/><\/strong><\/em><\/p>\n<p>Proporcionamos una <strong>respuesta adaptada a las necesidades de cada propietario procurando la m\u00e1xima rentabilidad de sus inmuebles<\/strong>, seleccionando los mejores candidatos con las m\u00e1ximas garant\u00edas para cualquier tipo de alquiler (larga duraci\u00f3n, temporada o tur\u00edstica).<\/p>\n<p><strong>Nos encargamos de resolver todas las incidencias<\/strong>, de llevar el control financiero y de atender las obligaciones administrativas, legales y fiscales de forma personalizada y con la m\u00e1xima profesionalidad.<\/p>\n<p>[\/et_pb_cta][\/et_pb_column][et_pb_column type=\u00bb1_2&#8243; _builder_version=\u00bb4.26.0&#8243; _module_preset=\u00bbdefault\u00bb global_colors_info=\u00bb{}\u00bb][et_pb_image src=\u00bbhttps:\/\/www.llachserra.com\/wp-content\/uploads\/2024\/07\/Administracion-de-lloguers-Llach-Serra.jpg\u00bb alt=\u00bbGesti\u00f3n de comunidades | Llach Serra\u00bb title_text=\u00bbAdministracio\u0301n de alquileres Llach Serra\u00bb align=\u00bbright\u00bb force_fullwidth=\u00bbon\u00bb align_tablet=\u00bbleft\u00bb align_phone=\u00bbleft\u00bb align_last_edited=\u00bbon|desktop\u00bb _builder_version=\u00bb4.26.1&#8243; _module_preset=\u00bbdefault\u00bb global_colors_info=\u00bb{}\u00bb][\/et_pb_image][\/et_pb_column][\/et_pb_row][\/et_pb_section][et_pb_section fb_built=\u00bb1&#8243; _builder_version=\u00bb4.26.1&#8243; _module_preset=\u00bbdefault\u00bb custom_padding=\u00bb||120px||false|false\u00bb global_colors_info=\u00bb{}\u00bb][et_pb_row use_custom_gutter=\u00bbon\u00bb gutter_width=\u00bb2&#8243; custom_padding_last_edited=\u00bbon|phone\u00bb _builder_version=\u00bb4.26.0&#8243; _module_preset=\u00bbdefault\u00bb custom_padding_tablet=\u00bb||0px||false|false\u00bb custom_padding_phone=\u00bb||0px||false|false\u00bb global_colors_info=\u00bb{}\u00bb][et_pb_column type=\u00bb4_4&#8243; _builder_version=\u00bb4.26.0&#8243; _module_preset=\u00bbdefault\u00bb global_colors_info=\u00bb{}\u00bb][et_pb_text _builder_version=\u00bb4.26.1&#8243; _module_preset=\u00bbdefault\u00bb global_colors_info=\u00bb{}\u00bb]<\/p>\n<h2>Servicio de administraci\u00f3n de alquileres<\/h2>\n<p>[\/et_pb_text][\/et_pb_column][\/et_pb_row][et_pb_row column_structure=\u00bb1_2,1_2&#8243; use_custom_gutter=\u00bbon\u00bb gutter_width=\u00bb2&#8243; custom_padding_last_edited=\u00bboff|desktop\u00bb module_class=\u00bbserveis-lloguers\u00bb _builder_version=\u00bb4.26.1&#8243; _module_preset=\u00bbdefault\u00bb custom_padding=\u00bb||0px||false|false\u00bb custom_padding_tablet=\u00bb||0px||false|false\u00bb global_colors_info=\u00bb{}\u00bb][et_pb_column type=\u00bb1_2&#8243; _builder_version=\u00bb4.26.0&#8243; _module_preset=\u00bbdefault\u00bb global_colors_info=\u00bb{}\u00bb][et_pb_blurb title=\u00bbAtenci\u00f3n al cliente y asesoramiento\u00bb use_icon=\u00bbon\u00bb font_icon=\u00bb&#xf164;||fa||900&#8243; _builder_version=\u00bb4.26.1&#8243; _module_preset=\u00bbe1b44706-200e-4f26-b432-6327f77fb784&#8243; global_colors_info=\u00bb{}\u00bb]<\/p>\n<p><strong>Comunicaci\u00f3n directa con el gestor del inmueble<\/strong>. Nos encargamos del cobro de las rentas, de su actualizaci\u00f3n, de la aplicaci\u00f3n de los pactos contractuales y la renovaci\u00f3n de los contratos a su vencimiento, siempre con el mejor asesoramiento inmobiliario. <\/p>\n<p>[\/et_pb_blurb][\/et_pb_column][et_pb_column type=\u00bb1_2&#8243; _builder_version=\u00bb4.26.0&#8243; _module_preset=\u00bbdefault\u00bb global_colors_info=\u00bb{}\u00bb][et_pb_blurb title=\u00bbGesti\u00f3n de incidencias\u00bb use_icon=\u00bbon\u00bb font_icon=\u00bb&#xf085;||fa||900&#8243; _builder_version=\u00bb4.26.1&#8243; _module_preset=\u00bbe1b44706-200e-4f26-b432-6327f77fb784&#8243; global_colors_info=\u00bb{}\u00bb]<\/p>\n<p>Se atienden las incidencias <strong>de acuerdo con las instrucciones pautadas por la propiedad<\/strong>. Ponemos a la disposici\u00f3n de nuestros clientes un gran abanico de profesionales e industrias de todos los sectores con el fin de ofrecer un servicio profesional de calidad con todas las garant\u00edas a un precio competitivo. <\/p>\n<p>[\/et_pb_blurb][\/et_pb_column][\/et_pb_row][et_pb_row column_structure=\u00bb1_2,1_2&#8243; use_custom_gutter=\u00bbon\u00bb gutter_width=\u00bb2&#8243; custom_padding_last_edited=\u00bboff|desktop\u00bb module_class=\u00bbserveis-lloguers\u00bb _builder_version=\u00bb4.26.1&#8243; _module_preset=\u00bbdefault\u00bb custom_padding=\u00bb||0px||false|false\u00bb custom_padding_tablet=\u00bb||0px||false|false\u00bb global_colors_info=\u00bb{}\u00bb][et_pb_column type=\u00bb1_2&#8243; _builder_version=\u00bb4.26.0&#8243; _module_preset=\u00bbdefault\u00bb global_colors_info=\u00bb{}\u00bb][et_pb_blurb title=\u00bbCalidad, eficiencia y transparencia\u00bb use_icon=\u00bbon\u00bb font_icon=\u00bb&#xe0f7;||divi||400&#8243; _builder_version=\u00bb4.26.1&#8243; _module_preset=\u00bbe1b44706-200e-4f26-b432-6327f77fb784&#8243; global_colors_info=\u00bb{}\u00bb]<\/p>\n<p><strong>La propiedad recibe mensualmente una liquidaci\u00f3n de ingresos y gastos<\/strong> con todos los justificantes, garantizando as\u00ed una total transparencia en la gesti\u00f3n de tesorer\u00eda. La documentaci\u00f3n de la propiedad est\u00e1 siempre a su disposici\u00f3n para cualquier consulta o comprobaci\u00f3n.<\/p>\n<p>[\/et_pb_blurb][\/et_pb_column][et_pb_column type=\u00bb1_2&#8243; _builder_version=\u00bb4.26.0&#8243; _module_preset=\u00bbdefault\u00bb global_colors_info=\u00bb{}\u00bb][et_pb_blurb title=\u00bbGesti\u00f3n activa de impagos\u00bb use_icon=\u00bbon\u00bb font_icon=\u00bb&#xf0b1;||fa||900&#8243; _builder_version=\u00bb4.26.1&#8243; _module_preset=\u00bbe1b44706-200e-4f26-b432-6327f77fb784&#8243; global_colors_info=\u00bb{}\u00bb]<\/p>\n<p>Si se producen impagos de renta, se <strong>realizar\u00e1n inmediatamente las gestiones de recobro<\/strong> y si estas no prosperan, se pondr\u00e1 a disposici\u00f3n de la propiedad un <strong>servicio de asistencia jur\u00eddica<\/strong> para el inicio de las acciones judiciales.<\/p>\n<p>[\/et_pb_blurb][\/et_pb_column][\/et_pb_row][\/et_pb_section]<\/p>\n","protected":false},"excerpt":{"rendered":"<p>Selecci\u00f3n de inquilinos, gesti\u00f3n de impagos, resoluci\u00f3n de incidencias&#8230; Proporcionamos una respuesta adaptada a las necesidades de cada propietario procurando la m\u00e1xima rentabilidad de sus inmuebles, seleccionando los mejores candidatos con las m\u00e1ximas garant\u00edas para cualquier tipo de alquiler (larga duraci\u00f3n, temporada o tur\u00edstica). Nos encargamos de resolver todas las incidencias, de llevar el control [&hellip;]<\/p>\n","protected":false},"author":1,"featured_media":0,"parent":775,"menu_order":0,"comment_status":"closed","ping_status":"closed","template":"","meta":{"_acf_changed":false,"_et_pb_use_builder":"on","_et_pb_old_content":"","_et_gb_content_width":"","footnotes":""},"class_list":["post-772","page","type-page","status-publish","hentry"],"acf":[],"_links":{"self":[{"href":"https:\/\/www.llachserra.com\/es\/wp-json\/wp\/v2\/pages\/772","targetHints":{"allow":["GET"]}}],"collection":[{"href":"https:\/\/www.llachserra.com\/es\/wp-json\/wp\/v2\/pages"}],"about":[{"href":"https:\/\/www.llachserra.com\/es\/wp-json\/wp\/v2\/types\/page"}],"author":[{"embeddable":true,"href":"https:\/\/www.llachserra.com\/es\/wp-json\/wp\/v2\/users\/1"}],"replies":[{"embeddable":true,"href":"https:\/\/www.llachserra.com\/es\/wp-json\/wp\/v2\/comments?post=772"}],"version-history":[{"count":23,"href":"https:\/\/www.llachserra.com\/es\/wp-json\/wp\/v2\/pages\/772\/revisions"}],"predecessor-version":[{"id":1637,"href":"https:\/\/www.llachserra.com\/es\/wp-json\/wp\/v2\/pages\/772\/revisions\/1637"}],"up":[{"embeddable":true,"href":"https:\/\/www.llachserra.com\/es\/wp-json\/wp\/v2\/pages\/775"}],"wp:attachment":[{"href":"https:\/\/www.llachserra.com\/es\/wp-json\/wp\/v2\/media?parent=772"}],"curies":[{"name":"wp","href":"https:\/\/api.w.org\/{rel}","templated":true}]}}