{"id":769,"date":"2024-07-16T13:22:38","date_gmt":"2024-07-16T11:22:38","guid":{"rendered":"https:\/\/www.llachserra.com\/consultora-inmobiliaria\/"},"modified":"2024-12-16T11:40:32","modified_gmt":"2024-12-16T09:40:32","slug":"consultora-inmobiliaria","status":"publish","type":"page","link":"https:\/\/www.llachserra.com\/es\/servicio\/consultora-inmobiliaria\/","title":{"rendered":"Consultora inmobiliaria"},"content":{"rendered":"<p>[et_pb_section fb_built=\u00bb1&#8243; custom_padding_last_edited=\u00bboff|desktop\u00bb _builder_version=\u00bb4.26.0&#8243; _module_preset=\u00bbdefault\u00bb custom_margin=\u00bb50px||||false|false\u00bb custom_margin_tablet=\u00bb0px||||false|false\u00bb custom_margin_phone=\u00bb0px||||false|false\u00bb custom_margin_last_edited=\u00bbon|phone\u00bb custom_padding=\u00bb||||false|false\u00bb global_colors_info=\u00bb{}\u00bb][et_pb_row column_structure=\u00bb1_2,1_2&#8243; make_equal=\u00bbon\u00bb _builder_version=\u00bb4.26.0&#8243; _module_preset=\u00bbdefault\u00bb custom_padding=\u00bb0px||0px||true|false\u00bb custom_css_main_element=\u00bbalign-items:center;\u00bb global_colors_info=\u00bb{}\u00bb][et_pb_column type=\u00bb1_2&#8243; _builder_version=\u00bb4.26.0&#8243; _module_preset=\u00bbdefault\u00bb global_colors_info=\u00bb{}\u00bb][et_pb_cta title=\u00bbConsultora inmobiliaria\u00bb button_text=\u00bbM\u00e1s informaci\u00f3n\u00bb _builder_version=\u00bb4.27.0&#8243; _module_preset=\u00bbff9b9835-9a2a-43b8-9cf4-976f97bd4cb5&#8243; header_level=\u00bbh1&#8243; text_orientation=\u00bbleft\u00bb background_layout=\u00bblight\u00bb global_colors_info=\u00bb{}\u00bb]<em><strong>Valoraci\u00f3n y gesti\u00f3n de inversiones, asesor\u00eda a promotores, estudios de mercado, auditor\u00edas, asesoramiento legal y fiscal.<\/strong><\/em><\/p>\n<p><strong>Llach Serra &amp; Associats es una consultora inmobiliaria experta<\/strong> en valoraci\u00f3n de inmuebles, estudios de mercado, gesti\u00f3n inmobiliaria, proyectos de inversi\u00f3n y auditor\u00edas.<\/p>\n<p>Dise\u00f1amos y ejecutamos planes para <strong>optimizar la rentabilidad de los inmuebles<\/strong> y facilitar la toma de decisiones en <strong>proyectos de inversi\u00f3n y desarrollo.<\/strong>[\/et_pb_cta][\/et_pb_column][et_pb_column type=\u00bb1_2&#8243; _builder_version=\u00bb4.26.0&#8243; _module_preset=\u00bbdefault\u00bb global_colors_info=\u00bb{}\u00bb][et_pb_image src=\u00bbhttps:\/\/www.llachserra.com\/wp-content\/uploads\/2024\/07\/consultoria-immobiliaria-llach-serra-1.jpg\u00bb alt=\u00bbGesti\u00f3n de comunidades | Llach Serra\u00bb title_text=\u00bbconsultoria-immobiliaria-llach-serra\u00bb align=\u00bbright\u00bb force_fullwidth=\u00bbon\u00bb align_tablet=\u00bbleft\u00bb align_phone=\u00bbleft\u00bb align_last_edited=\u00bbon|desktop\u00bb _builder_version=\u00bb4.26.1&#8243; _module_preset=\u00bbdefault\u00bb global_colors_info=\u00bb{}\u00bb][\/et_pb_image][\/et_pb_column][\/et_pb_row][\/et_pb_section][et_pb_section fb_built=\u00bb1&#8243; _builder_version=\u00bb4.26.1&#8243; _module_preset=\u00bbdefault\u00bb custom_padding=\u00bb||120px||false|false\u00bb global_colors_info=\u00bb{}\u00bb][et_pb_row use_custom_gutter=\u00bbon\u00bb gutter_width=\u00bb2&#8243; custom_padding_last_edited=\u00bbon|phone\u00bb _builder_version=\u00bb4.26.0&#8243; _module_preset=\u00bbdefault\u00bb custom_padding_tablet=\u00bb||0px||false|false\u00bb custom_padding_phone=\u00bb||0px||false|false\u00bb global_colors_info=\u00bb{}\u00bb][et_pb_column type=\u00bb4_4&#8243; _builder_version=\u00bb4.26.0&#8243; _module_preset=\u00bbdefault\u00bb global_colors_info=\u00bb{}\u00bb][et_pb_text _builder_version=\u00bb4.26.1&#8243; _module_preset=\u00bbdefault\u00bb global_colors_info=\u00bb{}\u00bb]<\/p>\n<h2>Servicio de consultor\u00eda inmobiliaria<\/h2>\n<p>[\/et_pb_text][\/et_pb_column][\/et_pb_row][et_pb_row column_structure=\u00bb1_2,1_2&#8243; use_custom_gutter=\u00bbon\u00bb gutter_width=\u00bb2&#8243; custom_padding_last_edited=\u00bboff|desktop\u00bb module_class=\u00bbserveis-consultoria\u00bb _builder_version=\u00bb4.26.1&#8243; _module_preset=\u00bbdefault\u00bb custom_padding=\u00bb||0px||false|false\u00bb custom_padding_tablet=\u00bb||0px||false|false\u00bb global_colors_info=\u00bb{}\u00bb][et_pb_column type=\u00bb1_2&#8243; _builder_version=\u00bb4.26.0&#8243; _module_preset=\u00bbdefault\u00bb global_colors_info=\u00bb{}\u00bb][et_pb_blurb title=\u00bbAsesoramiento al promotor\u00bb use_icon=\u00bbon\u00bb font_icon=\u00bb&#xf64f;||fa||900&#8243; _builder_version=\u00bb4.26.1&#8243; _module_preset=\u00bbe1b44706-200e-4f26-b432-6327f77fb784&#8243; global_colors_info=\u00bb{}\u00bb]<\/p>\n<p><strong>Ayudamos al promotor a tomar importantes decisiones del proyecto<\/strong> en las fases iniciales relacionadas con los diversos servicios comunitarios que se ofrecer\u00e1n. Orientamos sobre su ubicaci\u00f3n, calculamos su coste previsible, y dise\u00f1amos la estructura de gesti\u00f3n del edificio o complejo inmobiliario. <\/p>\n<p>[\/et_pb_blurb][\/et_pb_column][et_pb_column type=\u00bb1_2&#8243; _builder_version=\u00bb4.26.0&#8243; _module_preset=\u00bbdefault\u00bb global_colors_info=\u00bb{}\u00bb][et_pb_blurb title=\u00bbAsesoramiento al inversor\u00bb use_icon=\u00bbon\u00bb font_icon=\u00bb&#xe0d8;||divi||400&#8243; _builder_version=\u00bb4.26.1&#8243; _module_preset=\u00bbe1b44706-200e-4f26-b432-6327f77fb784&#8243; global_colors_info=\u00bb{}\u00bb]<\/p>\n<p>Presentamos propuestas de inversi\u00f3n en activos inmobiliarios <strong>detectando las mejores oportunidades de rentabilidad<\/strong> con diversos escenarios adaptados a cada cliente.<\/p>\n<p>[\/et_pb_blurb][\/et_pb_column][\/et_pb_row][et_pb_row column_structure=\u00bb1_2,1_2&#8243; use_custom_gutter=\u00bbon\u00bb gutter_width=\u00bb2&#8243; custom_padding_last_edited=\u00bboff|desktop\u00bb module_class=\u00bbserveis-consultoria\u00bb _builder_version=\u00bb4.26.1&#8243; _module_preset=\u00bbdefault\u00bb custom_padding=\u00bb||0px||false|false\u00bb custom_padding_tablet=\u00bb||0px||false|false\u00bb global_colors_info=\u00bb{}\u00bb][et_pb_column type=\u00bb1_2&#8243; _builder_version=\u00bb4.26.0&#8243; _module_preset=\u00bbdefault\u00bb global_colors_info=\u00bb{}\u00bb][et_pb_blurb title=\u00bbConstituci\u00f3n de la comunidad de propietarios\u00bb use_icon=\u00bbon\u00bb font_icon=\u00bb&#xf1ad;||fa||900&#8243; _builder_version=\u00bb4.27.0&#8243; _module_preset=\u00bbe1b44706-200e-4f26-b432-6327f77fb784&#8243; global_colors_info=\u00bb{}\u00bb]<strong>Somos especialistas en gestionar la transici\u00f3n del final de la obra en la puesta en marcha de la Comunidad de Propietarios<\/strong>, coordinando el servicio posventa y proporcionando la mejor experiencia a los compradores.[\/et_pb_blurb][\/et_pb_column][et_pb_column type=\u00bb1_2&#8243; _builder_version=\u00bb4.26.0&#8243; _module_preset=\u00bbdefault\u00bb global_colors_info=\u00bb{}\u00bb][et_pb_blurb title=\u00bbBuild to rent\u00bb use_icon=\u00bbon\u00bb font_icon=\u00bb&#xf084;||fa||900&#8243; _builder_version=\u00bb4.27.0&#8243; _module_preset=\u00bbe1b44706-200e-4f26-b432-6327f77fb784&#8243; hover_enabled=\u00bb0&#8243; global_colors_info=\u00bb{}\u00bb header_font=\u00bb||on||||||\u00bb sticky_enabled=\u00bb0&#8243;]<\/p>\n<p>Como especialistas en la gesti\u00f3n del alquiler, <strong>dise\u00f1amos desde el inicio del proyecto la mejor estrategia de gesti\u00f3n de las promociones <em>Build to Rent<\/em><\/strong> , creando un equipo propio de gesti\u00f3n o proporcionando direcci\u00f3n experta al equipo del promotor.<\/p>\n<p>[\/et_pb_blurb][\/et_pb_column][\/et_pb_row][et_pb_row column_structure=\u00bb1_2,1_2&#8243; use_custom_gutter=\u00bbon\u00bb gutter_width=\u00bb2&#8243; custom_padding_last_edited=\u00bboff|desktop\u00bb module_class=\u00bbserveis-consultoria\u00bb _builder_version=\u00bb4.26.1&#8243; _module_preset=\u00bbdefault\u00bb custom_padding=\u00bb||0px||false|false\u00bb custom_padding_tablet=\u00bb||0px||false|false\u00bb global_colors_info=\u00bb{}\u00bb][et_pb_column type=\u00bb1_2&#8243; _builder_version=\u00bb4.26.0&#8243; _module_preset=\u00bbdefault\u00bb global_colors_info=\u00bb{}\u00bb][et_pb_blurb title=\u00bbAuditor\u00edas\u00bb use_icon=\u00bbon\u00bb font_icon=\u00bb&#xf080;||fa||900&#8243; _builder_version=\u00bb4.26.1&#8243; _module_preset=\u00bbe1b44706-200e-4f26-b432-6327f77fb784&#8243; global_colors_info=\u00bb{}\u00bb]<\/p>\n<p>Nuestras auditor\u00edas permiten <strong>detectar las \u00e1reas de mejora en cualquier proyecto<\/strong>, tanto en el relacionado con los costos, el mantenimiento, como los ingresos para el alquiler.<\/p>\n<p>[\/et_pb_blurb][\/et_pb_column][et_pb_column type=\u00bb1_2&#8243; _builder_version=\u00bb4.26.0&#8243; _module_preset=\u00bbdefault\u00bb global_colors_info=\u00bb{}\u00bb][et_pb_blurb title=\u00bbEstudios de mercado\u00bb use_icon=\u00bbon\u00bb font_icon=\u00bb&#xf0c0;||fa||900&#8243; _builder_version=\u00bb4.26.1&#8243; _module_preset=\u00bbe1b44706-200e-4f26-b432-6327f77fb784&#8243; global_colors_info=\u00bb{}\u00bb]<\/p>\n<p>Ejecutamos <strong>estudios de mercado en diversas \u00e1reas del sector inmobiliario<\/strong>, como en el alquiler tur\u00edstico, de temporada o de larga duraci\u00f3n, los servicios comunitarios de los edificios o conjuntos residenciales o los inmuebles de obra nueva que se est\u00e1n comercializando en una determinada zona. Todo para tomar las mejores decisiones. <\/p>\n<p>[\/et_pb_blurb][\/et_pb_column][\/et_pb_row][et_pb_row column_structure=\u00bb1_2,1_2&#8243; use_custom_gutter=\u00bbon\u00bb gutter_width=\u00bb2&#8243; custom_padding_last_edited=\u00bboff|desktop\u00bb module_class=\u00bbserveis-consultoria\u00bb _builder_version=\u00bb4.26.1&#8243; _module_preset=\u00bbdefault\u00bb custom_padding=\u00bb||0px||false|false\u00bb custom_padding_tablet=\u00bb||0px||false|false\u00bb global_colors_info=\u00bb{}\u00bb][et_pb_column type=\u00bb1_2&#8243; _builder_version=\u00bb4.26.0&#8243; _module_preset=\u00bbdefault\u00bb global_colors_info=\u00bb{}\u00bb][et_pb_blurb title=\u00bbAsesoramiento legal\u00bb use_icon=\u00bbon\u00bb font_icon=\u00bb&#xf515;||fa||900&#8243; _builder_version=\u00bb4.27.0&#8243; _module_preset=\u00bbe1b44706-200e-4f26-b432-6327f77fb784&#8243; global_colors_info=\u00bb{}\u00bb]Nuestro equipo de abogados ofrece <strong>el mejor asesoramiento legal<\/strong> a fin de proteger los intereses del cliente y ofrecerle la mayor confianza y tranquilidad.[\/et_pb_blurb][\/et_pb_column][et_pb_column type=\u00bb1_2&#8243; _builder_version=\u00bb4.26.0&#8243; _module_preset=\u00bbdefault\u00bb global_colors_info=\u00bb{}\u00bb][et_pb_blurb title=\u00bbAsesoramiento fiscal\u00bb use_icon=\u00bbon\u00bb font_icon=\u00bb&#xe029;||divi||400&#8243; _builder_version=\u00bb4.27.0&#8243; _module_preset=\u00bbe1b44706-200e-4f26-b432-6327f77fb784&#8243; global_colors_info=\u00bb{}\u00bb]Nuestro equipo de economistas proporciona el asesoramiento fiscal necesario para optimizar los recursos del cliente, ayud\u00e1ndolo a tomar las mejores decisiones y la mejor planificaci\u00f3n estrat\u00e9gica.[\/et_pb_blurb][\/et_pb_column][\/et_pb_row][\/et_pb_section]<\/p>\n","protected":false},"excerpt":{"rendered":"<p>Valoraci\u00f3n y gesti\u00f3n de inversiones, asesor\u00eda a promotores, estudios de mercado, auditor\u00edas, asesoramiento legal y fiscal. Llach Serra &amp; Associats es una consultora inmobiliaria experta en valoraci\u00f3n de inmuebles, estudios de mercado, gesti\u00f3n inmobiliaria, proyectos de inversi\u00f3n y auditor\u00edas. Dise\u00f1amos y ejecutamos planes para optimizar la rentabilidad de los inmuebles y facilitar la toma de [&hellip;]<\/p>\n","protected":false},"author":1,"featured_media":0,"parent":775,"menu_order":0,"comment_status":"closed","ping_status":"closed","template":"","meta":{"_acf_changed":false,"_et_pb_use_builder":"on","_et_pb_old_content":"","_et_gb_content_width":"","footnotes":""},"class_list":["post-769","page","type-page","status-publish","hentry"],"acf":[],"_links":{"self":[{"href":"https:\/\/www.llachserra.com\/es\/wp-json\/wp\/v2\/pages\/769","targetHints":{"allow":["GET"]}}],"collection":[{"href":"https:\/\/www.llachserra.com\/es\/wp-json\/wp\/v2\/pages"}],"about":[{"href":"https:\/\/www.llachserra.com\/es\/wp-json\/wp\/v2\/types\/page"}],"author":[{"embeddable":true,"href":"https:\/\/www.llachserra.com\/es\/wp-json\/wp\/v2\/users\/1"}],"replies":[{"embeddable":true,"href":"https:\/\/www.llachserra.com\/es\/wp-json\/wp\/v2\/comments?post=769"}],"version-history":[{"count":33,"href":"https:\/\/www.llachserra.com\/es\/wp-json\/wp\/v2\/pages\/769\/revisions"}],"predecessor-version":[{"id":1757,"href":"https:\/\/www.llachserra.com\/es\/wp-json\/wp\/v2\/pages\/769\/revisions\/1757"}],"up":[{"embeddable":true,"href":"https:\/\/www.llachserra.com\/es\/wp-json\/wp\/v2\/pages\/775"}],"wp:attachment":[{"href":"https:\/\/www.llachserra.com\/es\/wp-json\/wp\/v2\/media?parent=769"}],"curies":[{"name":"wp","href":"https:\/\/api.w.org\/{rel}","templated":true}]}}