{"id":33,"date":"2024-07-05T13:33:14","date_gmt":"2024-07-05T11:33:14","guid":{"rendered":"https:\/\/www.llachserra.com\/inicio\/"},"modified":"2025-10-22T13:17:53","modified_gmt":"2025-10-22T11:17:53","slug":"inicio","status":"publish","type":"page","link":"https:\/\/www.llachserra.com\/es\/","title":{"rendered":"Inicio"},"content":{"rendered":"<p>[et_pb_section fb_built=\u00bb1&#8243; _builder_version=\u00bb4.26.0&#8243; _module_preset=\u00bbdefault\u00bb custom_margin=\u00bb50px||||false|false\u00bb custom_margin_tablet=\u00bb0px||||false|false\u00bb custom_margin_phone=\u00bb0px||||false|false\u00bb custom_margin_last_edited=\u00bbon|phone\u00bb global_colors_info=\u00bb{}\u00bb][et_pb_row _builder_version=\u00bb4.26.0&#8243; _module_preset=\u00bbdefault\u00bb width=\u00bb100%\u00bb global_colors_info=\u00bb{}\u00bb][et_pb_column type=\u00bb4_4&#8243; _builder_version=\u00bb4.26.0&#8243; _module_preset=\u00bbdefault\u00bb global_colors_info=\u00bb{}\u00bb][et_pb_text module_class=\u00bbh1&#8243; _builder_version=\u00bb4.26.0&#8243; _module_preset=\u00bbdefault\u00bb header_text_align=\u00bbcenter\u00bb header_font_size_tablet=\u00bb\u00bb header_font_size_phone=\u00bb\u00bb header_font_size_last_edited=\u00bbon|desktop\u00bb global_colors_info=\u00bb{}\u00bb]<\/p>\n<h1>Soluciones inmobiliarias<\/h1>\n<p>[\/et_pb_text][et_pb_text _builder_version=\u00bb4.27.0&#8243; _module_preset=\u00bbdefault\u00bb text_font_size=\u00bb24px\u00bb text_orientation=\u00bbcenter\u00bb custom_padding=\u00bb|50px||50px|false|true\u00bb global_colors_info=\u00bb{}\u00bb]Llach Serra es una empresa especializada en gesti\u00f3n inmobiliaria integral. Ofrecemos servicios de administraci\u00f3n de fincas, alquiler, compraventa y asesoramiento legal para propiedades y comunidades.[\/et_pb_text][\/et_pb_column][\/et_pb_row][et_pb_row _builder_version=\u00bb4.26.0&#8243; _module_preset=\u00bbdefault\u00bb width=\u00bb100%\u00bb max_width=\u00bb80%\u00bb global_colors_info=\u00bb{}\u00bb][et_pb_column type=\u00bb4_4&#8243; _builder_version=\u00bb4.26.0&#8243; _module_preset=\u00bbdefault\u00bb global_colors_info=\u00bb{}\u00bb][et_pb_divider show_divider=\u00bboff\u00bb _builder_version=\u00bb4.26.0&#8243; _module_preset=\u00bbdefault\u00bb background_image=\u00bbhttps:\/\/www.llachserra.com\/wp-content\/uploads\/2024\/07\/barcelona-eixample-llach-serra.jpg\u00bb height=\u00bb40vh\u00bb border_radii=\u00bbon|4px|4px|4px|4px\u00bb global_colors_info=\u00bb{}\u00bb][\/et_pb_divider][\/et_pb_column][\/et_pb_row][\/et_pb_section][et_pb_section fb_built=\u00bb1&#8243; _builder_version=\u00bb4.26.0&#8243; _module_preset=\u00bbdefault\u00bb background_color=\u00bb#c2c9d5&#8243; global_colors_info=\u00bb{}\u00bb][et_pb_row _builder_version=\u00bb4.26.0&#8243; _module_preset=\u00bbdefault\u00bb global_colors_info=\u00bb{}\u00bb][et_pb_column type=\u00bb4_4&#8243; _builder_version=\u00bb4.26.0&#8243; _module_preset=\u00bbdefault\u00bb global_colors_info=\u00bb{}\u00bb][et_pb_cta title=\u00bbConsultor\u00eda inmobiliaria para proyectos de inversi\u00f3n\u00bb button_url=\u00bb@ET-DC@eyJkeW5hbWljIjp0cnVlLCJjb250ZW50IjoicG9zdF9saW5rX3VybF9wYWdlIiwic2V0dGluZ3MiOnsicG9zdF9pZCI6IjcwMSJ9fQ==@\u00bb button_text=\u00bbM\u00e1s informaci\u00f3n\u00bb _builder_version=\u00bb4.27.0&#8243; _dynamic_attributes=\u00bbbutton_url\u00bb _module_preset=\u00bb0dc46d76-e456-4227-b4f4-e8121a4e39b6&#8243; custom_padding=\u00bb|120px||120px|false|true\u00bb custom_padding_tablet=\u00bb|30px||30px|false|true\u00bb custom_padding_phone=\u00bb|30px||30px|false|true\u00bb custom_padding_last_edited=\u00bbon|phone\u00bb global_colors_info=\u00bb{}\u00bb]Para tus proyectos de inversi\u00f3n necesitar\u00e1s los servicios de nuestra consultor\u00eda inmobiliaria, para tomar las mejores decisiones teniendo en cuenta todos los factores implicados.[\/et_pb_cta][\/et_pb_column][\/et_pb_row][\/et_pb_section][et_pb_section fb_built=\u00bb1&#8243; _builder_version=\u00bb4.27.0&#8243; _module_preset=\u00bb63b2bbfb-0774-4f7b-8a87-ef0011fe9d11&#8243; background_image=\u00bbhttps:\/\/www.llachserra.com\/wp-content\/uploads\/2024\/07\/consultoria-immobiliaria-llach-serra.jpg\u00bb height=\u00bb60vh\u00bb global_colors_info=\u00bb{}\u00bb][\/et_pb_section][et_pb_section fb_built=\u00bb1&#8243; _builder_version=\u00bb4.26.0&#8243; _module_preset=\u00bbdefault\u00bb global_colors_info=\u00bb{}\u00bb][et_pb_row column_structure=\u00bb1_2,1_2&#8243; make_equal=\u00bbon\u00bb _builder_version=\u00bb4.26.0&#8243; _module_preset=\u00bbdefault\u00bb custom_padding=\u00bb0px||0px||true|false\u00bb custom_css_main_element=\u00bbalign-items:center;\u00bb global_colors_info=\u00bb{}\u00bb][et_pb_column type=\u00bb1_2&#8243; _builder_version=\u00bb4.26.0&#8243; _module_preset=\u00bbdefault\u00bb global_colors_info=\u00bb{}\u00bb][et_pb_cta title=\u00bbGesti\u00f3n de comunidades\u00bb button_url=\u00bb@ET-DC@eyJkeW5hbWljIjp0cnVlLCJjb250ZW50IjoicG9zdF9saW5rX3VybF9wYWdlIiwic2V0dGluZ3MiOnsicG9zdF9pZCI6IjMxOCJ9fQ==@\u00bb button_text=\u00bbM\u00e1s informaci\u00f3n\u00bb _builder_version=\u00bb4.26.1&#8243; _dynamic_attributes=\u00bbbutton_url\u00bb _module_preset=\u00bbff9b9835-9a2a-43b8-9cf4-976f97bd4cb5&#8243; text_orientation=\u00bbleft\u00bb background_layout=\u00bblight\u00bb global_colors_info=\u00bb{}\u00bb]<\/p>\n<p>La administraci\u00f3n de tu Comunidad de Propietarios necesita estar en manos de un equipo profesional, altamente especializado y con amplia experiencia en el sector.<\/p>\n<p>[\/et_pb_cta][\/et_pb_column][et_pb_column type=\u00bb1_2&#8243; _builder_version=\u00bb4.26.0&#8243; _module_preset=\u00bbdefault\u00bb global_colors_info=\u00bb{}\u00bb][et_pb_image src=\u00bbhttps:\/\/www.llachserra.com\/wp-content\/uploads\/2024\/07\/pisos-llach-serra4.jpg\u00bb alt=\u00bbGesti\u00f3n de comunidades | Llach Serra\u00bb title_text=\u00bbpisos-llach-serra4&#8243; align=\u00bbright\u00bb force_fullwidth=\u00bbon\u00bb align_tablet=\u00bbcenter\u00bb align_phone=\u00bbleft\u00bb align_last_edited=\u00bbon|desktop\u00bb _builder_version=\u00bb4.26.0&#8243; _module_preset=\u00bbdefault\u00bb global_colors_info=\u00bb{}\u00bb][\/et_pb_image][\/et_pb_column][\/et_pb_row][\/et_pb_section][et_pb_section fb_built=\u00bb1&#8243; _builder_version=\u00bb4.26.0&#8243; _module_preset=\u00bbdefault\u00bb global_colors_info=\u00bb{}\u00bb][et_pb_row column_structure=\u00bb1_2,1_2&#8243; make_equal=\u00bbon\u00bb module_class=\u00bbreverse\u00bb _builder_version=\u00bb4.26.0&#8243; _module_preset=\u00bbdefault\u00bb custom_padding=\u00bb0px||0px||true|false\u00bb custom_css_main_element=\u00bbalign-items:center;\u00bb global_colors_info=\u00bb{}\u00bb][et_pb_column type=\u00bb1_2&#8243; _builder_version=\u00bb4.26.0&#8243; _module_preset=\u00bbdefault\u00bb global_colors_info=\u00bb{}\u00bb][et_pb_cta title=\u00bbVenta y alquiler\u00bb button_url=\u00bb@ET-DC@eyJkeW5hbWljIjp0cnVlLCJjb250ZW50IjoicG9zdF9saW5rX3VybF9wYWdlIiwic2V0dGluZ3MiOnsicG9zdF9pZCI6IjY5NyJ9fQ==@\u00bb button_text=\u00bbM\u00e1s informaci\u00f3n\u00bb _builder_version=\u00bb4.26.1&#8243; _dynamic_attributes=\u00bbbutton_url\u00bb _module_preset=\u00bbff9b9835-9a2a-43b8-9cf4-976f97bd4cb5&#8243; text_orientation=\u00bbleft\u00bb background_layout=\u00bblight\u00bb global_colors_info=\u00bb{}\u00bb]\u00bfQuieres vender o alquilar tu propiedad? Necesitas un profesional de confianza que te asesore en todo el proceso y te presente siempre la mejor soluci\u00f3n.[\/et_pb_cta][\/et_pb_column][et_pb_column type=\u00bb1_2&#8243; _builder_version=\u00bb4.26.0&#8243; _module_preset=\u00bbdefault\u00bb global_colors_info=\u00bb{}\u00bb][et_pb_image src=\u00bbhttps:\/\/www.llachserra.com\/wp-content\/uploads\/2024\/07\/Lloguer-de-pisos-Llach-Serra-e1721369717762.jpg\u00bb alt=\u00bbGesti\u00f3n de comunidades | Llach Serra\u00bb title_text=\u00bbAlquiler de pisos Llach Serra\u00bb align_tablet=\u00bbcenter\u00bb align_phone=\u00bbleft\u00bb align_last_edited=\u00bbon|phone\u00bb _builder_version=\u00bb4.26.1&#8243; _module_preset=\u00bbdefault\u00bb global_colors_info=\u00bb{}\u00bb][\/et_pb_image][\/et_pb_column][\/et_pb_row][\/et_pb_section][et_pb_section fb_built=\u00bb1&#8243; _builder_version=\u00bb4.26.0&#8243; _module_preset=\u00bbdefault\u00bb custom_padding=\u00bb||120px||false|false\u00bb global_colors_info=\u00bb{}\u00bb][et_pb_row column_structure=\u00bb1_2,1_2&#8243; make_equal=\u00bbon\u00bb _builder_version=\u00bb4.26.0&#8243; _module_preset=\u00bbdefault\u00bb custom_padding=\u00bb0px||0px||true|false\u00bb custom_css_main_element=\u00bbalign-items:center;\u00bb global_colors_info=\u00bb{}\u00bb][et_pb_column type=\u00bb1_2&#8243; _builder_version=\u00bb4.26.0&#8243; _module_preset=\u00bbdefault\u00bb global_colors_info=\u00bb{}\u00bb][et_pb_cta title=\u00bbAdministraci\u00f3n de alquileres\u00bb button_url=\u00bb@ET-DC@eyJkeW5hbWljIjp0cnVlLCJjb250ZW50IjoicG9zdF9saW5rX3VybF9wYWdlIiwic2V0dGluZ3MiOnsicG9zdF9pZCI6IjY5OSJ9fQ==@\u00bb button_text=\u00bbM\u00e1s informaci\u00f3n\u00bb _builder_version=\u00bb4.26.1&#8243; _dynamic_attributes=\u00bbbutton_url\u00bb _module_preset=\u00bbff9b9835-9a2a-43b8-9cf4-976f97bd4cb5&#8243; text_orientation=\u00bbleft\u00bb background_layout=\u00bblight\u00bb global_colors_info=\u00bb{}\u00bb]\u00bfTienes una propiedad alquilada? Una administraci\u00f3n de alquiler profesional le ayudar\u00e1 a obtener la m\u00e1xima rentabilidad, optimizar el valor de tu patrimonio y eliminar toda preocupaci\u00f3n.[\/et_pb_cta][\/et_pb_column][et_pb_column type=\u00bb1_2&#8243; _builder_version=\u00bb4.26.0&#8243; _module_preset=\u00bbdefault\u00bb global_colors_info=\u00bb{}\u00bb][et_pb_image src=\u00bbhttps:\/\/www.llachserra.com\/wp-content\/uploads\/2024\/07\/Administracion-de-lloguers-Llach-Serra.jpg\u00bb alt=\u00bbGesti\u00f3n de comunidades | Llach Serra\u00bb title_text=\u00bbAdministracio\u0301n de alquileres Llach Serra\u00bb align=\u00bbright\u00bb align_tablet=\u00bbcenter\u00bb align_phone=\u00bbleft\u00bb align_last_edited=\u00bbon|desktop\u00bb _builder_version=\u00bb4.26.1&#8243; _module_preset=\u00bbdefault\u00bb global_colors_info=\u00bb{}\u00bb][\/et_pb_image][\/et_pb_column][\/et_pb_row][\/et_pb_section][et_pb_section fb_built=\u00bb1&#8243; disabled_on=\u00bboff|off|off\u00bb _builder_version=\u00bb4.27.4&#8243; _module_preset=\u00bbdefault\u00bb custom_padding=\u00bb0px||||false|false\u00bb global_colors_info=\u00bb{}\u00bb][et_pb_row _builder_version=\u00bb4.27.4&#8243; _module_preset=\u00bbdefault\u00bb global_colors_info=\u00bb{}\u00bb][et_pb_column type=\u00bb4_4&#8243; _builder_version=\u00bb4.27.4&#8243; _module_preset=\u00bbdefault\u00bb global_colors_info=\u00bb{}\u00bb][et_pb_cta title=\u00bbValora tu inmueble de forma gratuita e inmediata\u00bb button_url=\u00bb@ET-DC@eyJkeW5hbWljIjp0cnVlLCJjb250ZW50IjoicG9zdF9saW5rX3VybF9wYWdlIiwic2V0dGluZ3MiOnsicG9zdF9pZCI6IjM2NTk5In19@\u00bb button_text=\u00bbDescubre el valor de tu inmueble\u00bb _builder_version=\u00bb4.27.4&#8243; _dynamic_attributes=\u00bbbutton_url\u00bb _module_preset=\u00bbdefault\u00bb global_colors_info=\u00bb{}\u00bb]<\/p>\n<p>Descubre el precio actual de tu inmueble con nuestra herramienta de valoraci\u00f3n gratuita. En tan s\u00f3lo unos minutos recibir\u00e1s una estimaci\u00f3n profesional basada en datos de mercado actuales. <\/p>\n<p>[\/et_pb_cta][\/et_pb_column][\/et_pb_row][\/et_pb_section][et_pb_section fb_built=\u00bb1&#8243; disabled_on=\u00bboff|off|off\u00bb _builder_version=\u00bb4.27.0&#8243; _module_preset=\u00bbdefault\u00bb background_color=\u00bb#C2C9D5&#8243; global_colors_info=\u00bb{}\u00bb][et_pb_row _builder_version=\u00bb4.26.0&#8243; _module_preset=\u00bbdefault\u00bb global_colors_info=\u00bb{}\u00bb][et_pb_column type=\u00bb4_4&#8243; _builder_version=\u00bb4.26.0&#8243; _module_preset=\u00bbdefault\u00bb global_colors_info=\u00bb{}\u00bb][et_pb_text _builder_version=\u00bb4.26.0&#8243; _module_preset=\u00bbdefault\u00bb global_colors_info=\u00bb{}\u00bb]<\/p>\n<h2>Qu\u00e9 opinan nuestros clientes<\/h2>\n<p>[\/et_pb_text][et_pb_text _builder_version=\u00bb4.27.0&#8243; _module_preset=\u00bbdefault\u00bb hover_enabled=\u00bb0&#8243; global_colors_info=\u00bb{}\u00bb sticky_enabled=\u00bb0&#8243;]<div class=\"wprevpro-shortcode-wrapper\"><div><style>#wprev-slider-1 .wprevpro_star_imgs{color: #FDD314;}#wprev-slider-1 .wprsp-star{color: #FDD314;}#wprev-slider-1 .wprevpro_star_imgs span.svgicons {background: #FDD314;}#wprev-slider-1 .wprev_preview_bradius_T6 {border-radius: 4px;}#wprev-slider-1 .wprev_preview_bg1_T6 {background:#fdfdfd;}#wprev-slider-1 .wprev_preview_bg2_T6 {background:#eeeeee;}#wprev-slider-1 .wprev_preview_tcolor1_T6 {color:#555555;}#wprev-slider-1 .wprev_preview_tcolor2_T6 {color:#555555;}#wprev-slider-1 .wprev_preview_tcolor1_T6 {font-size:14px;line-height: normal;}#wprev-slider-1 .wprev_preview_tcolor2_T6 {font-size:10px;line-height: normal;}#wprev-slider-1 .outerrevdiv {transition: transform ease 400ms;} #wprev-slider-1 .outerrevdiv:hover{transform: translate(0, -4px);} #wprev-slider-1 .wprs_rd_more,.wprs_rd_less,.wprevpro_btn_show_rdpop{color:#426784;}#wprev-slider-1 .wprevpro_star_imgs span.svgicons {width: 18px; height: 18px;}#wprev-slider-1 .wprevsiteicon {height: 32px;}<\/style><\/div><div class=\"wprevpro wprev-no-slider \" id=\"wprev-slider-1\"><div class=\"wprevpro_t6_outer_div w3_wprs-row wprevprodiv\">\r\n<div class=\" wprevpro_t6_DIV_1 w3_wprs-col l4 outerrevdiv\">\r\n<div class=\"wpproslider_t6_DIV_1a\">\r\n\t<div class=\"indrevdiv wpproslider_t6_DIV_2 wprev_preview_bg1_T6 wprev_preview_bradius_T6\">\r\n\t<div class=\"wpproslider_t6_DIV_2_top\">\r\n\t\t<div class=\"wpproslider_t6_DIV_3L\" ><img decoding=\"async\" loading=\"lazy\" src=\"https:\/\/www.llachserra.com\/wp-content\/uploads\/wprevslider\/avatars\/1776902400_344.jpg\" alt=\"Ana D.F Avatar\" class=\"wpproslider_t6_IMG_2 wprevpro_avatarimg\" title=\"\"><\/div>\r\n\t\t<div class=\"wpproslider_t6_DIV_3\">\r\n\t\t\t<div class=\"t6displayname wpproslider_t6_STRONG_5 wprev_preview_tcolor2_T6\">Ana D.F<\/div>\r\n\t\t\t<div class=\"wpproslider_t6_star_DIV\"><span class=\"wprevpro_star_imgs_T6\"><span class=\"starloc1 starstyle2 wprevpro_star_imgs wprevpro_star_imgsloc1\"><span class=\"svgicons svg-wprsp-star\"><\/span><span class=\"starstyle2ratingnum\">5.0<\/span><\/span><\/span><\/div>\r\n\t\t\t<div class=\"wpproslider_t6_SPAN_6 wprev_preview_tcolor2_T6\"><span class=\"wprev_showdate_T6\">23\/04\/26<\/span><\/div>\r\n\t\t<\/div>\r\n\t<\/div>\r\n\t<div class=\" wpproslider_t6_DIV_4\">\r\n\t\t\t<div class=\"indrevtxt wpproslider_t6_P_4 wprev_preview_tcolor1_T6\"><div class='indrevtextscroll' data-ahover='' data-lines='4' data-revid='344'>\t\t\t\tMolt bona experi\u00e8ncia amb Llach Serra & Associats. L\u2019Helena i l\u2019Estel han gestionat tot el proc\u00e9s del lloguer del pis de manera excel\u00b7lent.La gesti\u00f3 ha estat molt f\u00e0cil i \u00e0gil, i m\u2019han acompanyat en tot moment resolent qualsevol dubte. A m\u00e9s, s\u2019han encarregat de donar d\u2019alta la llum i l\u2019aigua, cosa que m\u2019ha tret molta feina i maldecaps.Tracte molt proper, professional i eficient. Totalment recomanable!<\/div>\t\t\t<\/div>\r\n\t\t\t\t\t<\/div>\r\n\r\n\t<div class=\"wpproslider_t6_DIV_3_logo\"><\/div>\r\n\t<\/div>\r\n\t\r\n<\/div>\r\n\t\r\n<\/div>\r\n<div class=\" wprevpro_t6_DIV_1 w3_wprs-col l4 outerrevdiv\">\r\n<div class=\"wpproslider_t6_DIV_1a\">\r\n\t<div class=\"indrevdiv wpproslider_t6_DIV_2 wprev_preview_bg1_T6 wprev_preview_bradius_T6\">\r\n\t<div class=\"wpproslider_t6_DIV_2_top\">\r\n\t\t<div class=\"wpproslider_t6_DIV_3L\" ><img decoding=\"async\" loading=\"lazy\" src=\"https:\/\/www.llachserra.com\/wp-content\/uploads\/wprevslider\/avatars\/1775779200_336.jpg\" alt=\"Lluis Esteban Gallego Avatar\" class=\"wpproslider_t6_IMG_2 wprevpro_avatarimg\" title=\"\"><\/div>\r\n\t\t<div class=\"wpproslider_t6_DIV_3\">\r\n\t\t\t<div class=\"t6displayname wpproslider_t6_STRONG_5 wprev_preview_tcolor2_T6\">Lluis Esteban Gallego<\/div>\r\n\t\t\t<div class=\"wpproslider_t6_star_DIV\"><span class=\"wprevpro_star_imgs_T6\"><span class=\"starloc1 starstyle2 wprevpro_star_imgs wprevpro_star_imgsloc1\"><span class=\"svgicons svg-wprsp-star\"><\/span><span class=\"starstyle2ratingnum\">5.0<\/span><\/span><\/span><\/div>\r\n\t\t\t<div class=\"wpproslider_t6_SPAN_6 wprev_preview_tcolor2_T6\"><span class=\"wprev_showdate_T6\">10\/04\/26<\/span><\/div>\r\n\t\t<\/div>\r\n\t<\/div>\r\n\t<div class=\" wpproslider_t6_DIV_4\">\r\n\t\t\t<div class=\"indrevtxt wpproslider_t6_P_4 wprev_preview_tcolor1_T6\"><div class='indrevtextscroll' data-ahover='' data-lines='4' data-revid='336'>\t\t\t\tMolt contents per l'ajuda que ens han donat l'Helena i l'Estel. Professionals que aporten solucions. Moltes gr\u00e0cies per tot!<\/div>\t\t\t<\/div>\r\n\t\t\t\t\t<\/div>\r\n\r\n\t<div class=\"wpproslider_t6_DIV_3_logo\"><\/div>\r\n\t<\/div>\r\n\t\r\n<\/div>\r\n\t\r\n<\/div>\r\n<div class=\" wprevpro_t6_DIV_1 w3_wprs-col l4 outerrevdiv\">\r\n<div class=\"wpproslider_t6_DIV_1a\">\r\n\t<div class=\"indrevdiv wpproslider_t6_DIV_2 wprev_preview_bg1_T6 wprev_preview_bradius_T6\">\r\n\t<div class=\"wpproslider_t6_DIV_2_top\">\r\n\t\t<div class=\"wpproslider_t6_DIV_3L\" ><img decoding=\"async\" loading=\"lazy\" src=\"https:\/\/www.llachserra.com\/wp-content\/uploads\/wprevslider\/avatars\/1775692800_337.jpg\" alt=\"Edgar Polo Avatar\" class=\"wpproslider_t6_IMG_2 wprevpro_avatarimg\" title=\"\"><\/div>\r\n\t\t<div class=\"wpproslider_t6_DIV_3\">\r\n\t\t\t<div class=\"t6displayname wpproslider_t6_STRONG_5 wprev_preview_tcolor2_T6\">Edgar Polo<\/div>\r\n\t\t\t<div class=\"wpproslider_t6_star_DIV\"><span class=\"wprevpro_star_imgs_T6\"><span class=\"starloc1 starstyle2 wprevpro_star_imgs wprevpro_star_imgsloc1\"><span class=\"svgicons svg-wprsp-star\"><\/span><span class=\"starstyle2ratingnum\">5.0<\/span><\/span><\/span><\/div>\r\n\t\t\t<div class=\"wpproslider_t6_SPAN_6 wprev_preview_tcolor2_T6\"><span class=\"wprev_showdate_T6\">09\/04\/26<\/span><\/div>\r\n\t\t<\/div>\r\n\t<\/div>\r\n\t<div class=\" wpproslider_t6_DIV_4\">\r\n\t\t\t<div class=\"indrevtxt wpproslider_t6_P_4 wprev_preview_tcolor1_T6\"><div class='indrevtextscroll' data-ahover='' data-lines='4' data-revid='337'>\t\t\t\tDesde el primer contacto un trato de genial y todo bien explicado, personal muy amable y claro sin complicaciones<\/div>\t\t\t<\/div>\r\n\t\t\t\t\t<\/div>\r\n\r\n\t<div class=\"wpproslider_t6_DIV_3_logo\"><\/div>\r\n\t<\/div>\r\n\t\r\n<\/div>\r\n\t\r\n<\/div>\r\n<\/div>\r\n\r\n\t\t\t\t\t\t<div id=\"wppro_review_pagination1\"  class=\"wppro_pagination\" data-revsameheight=\"yes\" data-notinstring=\"344,336,337\" data-nrows=\"1\" data-ismasonry=\"no\" data-perrow=\"3\" data-cpostid=\"33\" data-shortcodepageid=\"\" data-shortcodelang=\"\" data-shortcodetag=\"\" data-tid=\"1\" data-lastslidenum=\"79\" data-totalreviewsindb=\"235\">\r\n\t\t\t\t\t\t<ul class=\"wppro_page_numbers_ul\">\r\n\t\t\t\t\t\t\t<li><span class=\"brnprevclass wppro_page_numbers current\">1<\/span><\/li>\r\n\t\t\t\t\t\t\t<li><span class=\"brnprevclass wppro_page_numbers\">2<\/span><\/li>\r\n\t\t\t\t\t\t\t<li><span class=\"brnprevclass wppro_page_dots\">\u2026<\/span><\/li>\r\n\t\t\t\t\t\t\t<li><span class=\"brnprevclass wppro_page_numbers\">79<\/span><\/li>\r\n\t\t\t\t\t\t\t<li><span class=\"brnprevclass wppro_page_numbers next-button\">><\/span><\/li>\r\n\t\t\t\t\t\t<\/ul><img decoding=\"async\" src=\"https:\/\/www.llachserra.com\/wp-content\/plugins\/wp-review-slider-pro-premium\/public\/partials\/imgs\/loading_ripple.gif\" class=\"wprppagination_loading_image \" style=\"display:none;\" alt=\"\" title=\"\"><\/div><\/div><\/div>[\/et_pb_text][\/et_pb_column][\/et_pb_row][\/et_pb_section]<\/p>\n","protected":false},"excerpt":{"rendered":"<p>Soluciones inmobiliariasLlach Serra es una empresa especializada en gesti\u00f3n inmobiliaria integral. Ofrecemos servicios de administraci\u00f3n de fincas, alquiler, compraventa y asesoramiento legal para propiedades y comunidades.Para tus proyectos de inversi\u00f3n necesitar\u00e1s los servicios de nuestra consultor\u00eda inmobiliaria, para tomar las mejores decisiones teniendo en cuenta todos los factores implicados.La administraci\u00f3n de tu Comunidad de Propietarios [&hellip;]<\/p>\n","protected":false},"author":1,"featured_media":0,"parent":0,"menu_order":0,"comment_status":"closed","ping_status":"closed","template":"","meta":{"_acf_changed":false,"_et_pb_use_builder":"on","_et_pb_old_content":"","_et_gb_content_width":"","footnotes":""},"class_list":["post-33","page","type-page","status-publish","hentry"],"acf":[],"_links":{"self":[{"href":"https:\/\/www.llachserra.com\/es\/wp-json\/wp\/v2\/pages\/33","targetHints":{"allow":["GET"]}}],"collection":[{"href":"https:\/\/www.llachserra.com\/es\/wp-json\/wp\/v2\/pages"}],"about":[{"href":"https:\/\/www.llachserra.com\/es\/wp-json\/wp\/v2\/types\/page"}],"author":[{"embeddable":true,"href":"https:\/\/www.llachserra.com\/es\/wp-json\/wp\/v2\/users\/1"}],"replies":[{"embeddable":true,"href":"https:\/\/www.llachserra.com\/es\/wp-json\/wp\/v2\/comments?post=33"}],"version-history":[{"count":24,"href":"https:\/\/www.llachserra.com\/es\/wp-json\/wp\/v2\/pages\/33\/revisions"}],"predecessor-version":[{"id":44026,"href":"https:\/\/www.llachserra.com\/es\/wp-json\/wp\/v2\/pages\/33\/revisions\/44026"}],"wp:attachment":[{"href":"https:\/\/www.llachserra.com\/es\/wp-json\/wp\/v2\/media?parent=33"}],"curies":[{"name":"wp","href":"https:\/\/api.w.org\/{rel}","templated":true}]}}