{"id":2099,"date":"2025-03-11T13:25:25","date_gmt":"2025-03-11T11:25:25","guid":{"rendered":"https:\/\/www.llachserra.com\/landing-captacio-casal\/"},"modified":"2025-03-11T15:29:35","modified_gmt":"2025-03-11T13:29:35","slug":"vendre-comprar-vilafranca","status":"publish","type":"page","link":"https:\/\/www.llachserra.com\/es\/vendre-comprar-vilafranca\/","title":{"rendered":"Landing &#8211; captaci\u00f3n casal"},"content":{"rendered":"<p>[et_pb_section fb_built=\u00bb1&#8243; _builder_version=\u00bb4.27.0&#8243; _module_preset=\u00bbdefault\u00bb global_colors_info=\u00bb{}\u00bb][et_pb_row _builder_version=\u00bb4.27.0&#8243; _module_preset=\u00bbdefault\u00bb width_tablet=\u00bb\u00bb width_phone=\u00bb90%\u00bb width_last_edited=\u00bbon|phone\u00bb global_colors_info=\u00bb{}\u00bb][et_pb_column type=\u00bb4_4&#8243; _builder_version=\u00bb4.27.0&#8243; _module_preset=\u00bb_initial\u00bb global_colors_info=\u00bb{}\u00bb][et_pb_cta title=\u00bb\u00bfQuieres vender o comprar un inmueble en el pened\u00e8s?  \u00bb button_url=\u00bb#more-information\u00bb _builder_version=\u00bb4.27.0&#8243; _module_preset=\u00bb_initial\u00bb header_level=\u00bbh1&#8243; background_color=\u00bbRGBA(255,255,255,0)\u00bb text_orientation=\u00bbleft\u00bb background_layout=\u00bblight\u00bb custom_padding=\u00bb0px|0px|0px|0px|false|false\u00bb custom_css_free_form=\u00bbselector h2 {||  text-transform:none;||  font-size:28px;||  font-weight:400;||  margin-top:10px||}\u00bb global_colors_info=\u00bb{}\u00bb]<\/p>\n<h2>Tu inmobiliaria de referencia en Vilafranca del Pened\u00e8s<\/h2>\n<p style=\"text-align: left;\"><strong>Llach Serra<\/strong> es una empresa especializada en <strong>gesti\u00f3n inmobiliaria integral<\/strong>, con m\u00e1s de 30 a\u00f1os de experiencia ofreciendo servicios de administraci\u00f3n de fincas, alquiler, compraventa y asesoramiento legal para propiedades y comunidades.<br \/><span style=\"font-weight: 400;\">Conocemos el mercado local como nadie y te ofrecemos un<\/span> <b>servicio totalmente personalizado.<\/b> <span style=\"font-weight: 400;\">Estamos especializados en el<\/span> <b>servicio de consultor\u00eda inmobiliaria <\/b> <span style=\"font-weight: 400;\">para tomar las mejores decisiones en tus proyectos de inversi\u00f3n.<\/span><\/p>\n<p>[\/et_pb_cta][\/et_pb_column][\/et_pb_row][et_pb_row column_structure=\u00bb3_5,2_5&#8243; make_equal=\u00bbon\u00bb _builder_version=\u00bb4.27.0&#8243; _module_preset=\u00bbdefault\u00bb width_tablet=\u00bb\u00bb width_phone=\u00bb90%\u00bb width_last_edited=\u00bbon|phone\u00bb custom_padding=\u00bb30px||30px||true|false\u00bb global_colors_info=\u00bb{}\u00bb width__hover_enabled=\u00bboff|desktop\u00bb][et_pb_column type=\u00bb3_5&#8243; _builder_version=\u00bb4.27.0&#8243; _module_preset=\u00bb_initial\u00bb global_colors_info=\u00bb{}\u00bb][et_pb_cta title=\u00bbSi quieres vender tu inmueble&#8230;\u00bb button_url=\u00bb#contacte\u00bb button_text=\u00bbQuiero vender mi inmueble\u00bb _builder_version=\u00bb4.27.0&#8243; _module_preset=\u00bb_initial\u00bb header_level=\u00bbh3&#8243; background_color=\u00bbRGBA(255,255,255,0)\u00bb text_orientation=\u00bbleft\u00bb background_layout=\u00bblight\u00bb custom_padding=\u00bb0px|0px|0px|0px|false|false\u00bb custom_css_free_form=\u00bbselector ul {||  margin-top:15px!important;||}\u00bb global_colors_info=\u00bb{}\u00bb]<\/p>\n<ul>\n<li>Valoraci\u00f3n gratuita y real de tu inmueble en funci\u00f3n de la situaci\u00f3n del mercado.<\/li>\n<li>Estrategia de venta personalizada para llegar a los mejores compradores.<\/li>\n<li>Promoci\u00f3n en portales inmobiliarios, redes sociales y red propia de clientes potenciales.<\/li>\n<li>Gesti\u00f3n completa de los tr\u00e1mites para que vendas sin preocupaciones.<\/li>\n<\/ul>\n<p>\u00a1Pide una valoraci\u00f3n gratuita de tu inmueble!<\/p>\n<p>[\/et_pb_cta][\/et_pb_column][et_pb_column type=\u00bb2_5&#8243; _builder_version=\u00bb4.27.0&#8243; _module_preset=\u00bb_initial\u00bb background_image=\u00bbhttps:\/\/www.llachserra.com\/wp-content\/uploads\/2025\/03\/Landing-captacio-Vilafranca-1-1.jpg\u00bb border_radii=\u00bbon|4px|4px|4px|4px\u00bb global_colors_info=\u00bb{}\u00bb][et_pb_divider show_divider=\u00bboff\u00bb _builder_version=\u00bb4.27.0&#8243; _module_preset=\u00bbdefault\u00bb min_height_tablet=\u00bb50vh\u00bb min_height_phone=\u00bb50vh\u00bb min_height_last_edited=\u00bbon|tablet\u00bb global_colors_info=\u00bb{}\u00bb][\/et_pb_divider][\/et_pb_column][\/et_pb_row][et_pb_row column_structure=\u00bb2_5,3_5&#8243; _builder_version=\u00bb4.27.0&#8243; _module_preset=\u00bbdefault\u00bb width_tablet=\u00bb\u00bb width_phone=\u00bb90%\u00bb width_last_edited=\u00bbon|phone\u00bb custom_padding=\u00bb30px||30px||true|false\u00bb border_radii=\u00bbon|4px|4px|4px|4px\u00bb global_colors_info=\u00bb{}\u00bb width__hover_enabled=\u00bboff|desktop\u00bb][et_pb_column type=\u00bb2_5&#8243; _builder_version=\u00bb4.27.0&#8243; _module_preset=\u00bb_initial\u00bb background_image=\u00bbhttps:\/\/www.llachserra.com\/wp-content\/uploads\/2025\/03\/Landing-captacio-Vilafranca-2-1.jpg\u00bb background_last_edited=\u00bbon|desktop\u00bb border_radii=\u00bbon|4px|4px|4px|4px\u00bb global_colors_info=\u00bb{}\u00bb][et_pb_divider show_divider=\u00bboff\u00bb _builder_version=\u00bb4.27.0&#8243; _module_preset=\u00bbdefault\u00bb background_enable_image=\u00bboff\u00bb min_height=\u00bb278px\u00bb min_height_tablet=\u00bb50vh\u00bb min_height_phone=\u00bb50vh\u00bb min_height_last_edited=\u00bbon|desktop\u00bb global_colors_info=\u00bb{}\u00bb][\/et_pb_divider][\/et_pb_column][et_pb_column type=\u00bb3_5&#8243; _builder_version=\u00bb4.27.0&#8243; _module_preset=\u00bb_initial\u00bb background_enable_image=\u00bboff\u00bb border_radii=\u00bbon|4px|4px|4px|4px\u00bb global_colors_info=\u00bb{}\u00bb][et_pb_cta title=\u00bbSi est\u00e1s buscando un inmueble&#8230;\u00bb button_url=\u00bb#contacte\u00bb button_text=\u00bbQuiero comprar un inmueble\u00bb _builder_version=\u00bb4.27.0&#8243; _module_preset=\u00bb_initial\u00bb header_level=\u00bbh3&#8243; background_color=\u00bbRGBA(255,255,255,0)\u00bb text_orientation=\u00bbleft\u00bb background_layout=\u00bblight\u00bb custom_padding=\u00bb0px|0px|0px|0px|false|false\u00bb custom_css_free_form=\u00bbselector ul {||  margin-top:15px!important;||}\u00bb global_colors_info=\u00bb{}\u00bb]<\/p>\n<ul>\n<li>Acceso exclusivo a propiedades disponibles en Vilafranca y comarca.<\/li>\n<li>Asesoramiento en la compra para que encuentres la vivienda ideal.<\/li>\n<li>Acompa\u00f1amiento en todo el proceso: desde la b\u00fasqueda hasta la firma.<\/li>\n<li>Orientaci\u00f3n en financiaci\u00f3n e hipotecas para que tu compra sea segura.<\/li>\n<\/ul>\n<p>\u00a1Encuentra tu nuevo hogar con nosotros!<\/p>\n<p>[\/et_pb_cta][\/et_pb_column][\/et_pb_row][et_pb_row column_structure=\u00bb3_5,2_5&#8243; make_equal=\u00bbon\u00bb _builder_version=\u00bb4.27.0&#8243; _module_preset=\u00bbdefault\u00bb width_tablet=\u00bb\u00bb width_phone=\u00bb90%\u00bb width_last_edited=\u00bbon|phone\u00bb custom_padding=\u00bb30px||30px||true|false\u00bb global_colors_info=\u00bb{}\u00bb width__hover_enabled=\u00bboff|desktop\u00bb][et_pb_column type=\u00bb3_5&#8243; _builder_version=\u00bb4.27.0&#8243; _module_preset=\u00bb_initial\u00bb global_colors_info=\u00bb{}\u00bb][et_pb_cta title=\u00bbCONSULTOR\u00cdA INMOBILIARIA\u00bb button_url=\u00bb#contacte\u00bb _builder_version=\u00bb4.27.0&#8243; _module_preset=\u00bb_initial\u00bb header_level=\u00bbh3&#8243; background_color=\u00bbRGBA(255,255,255,0)\u00bb text_orientation=\u00bbleft\u00bb background_layout=\u00bblight\u00bb custom_padding=\u00bb0px|0px|0px|0px|false|false\u00bb custom_css_free_form=\u00bbselector ul {||  margin-top:15px!important;||}\u00bb global_colors_info=\u00bb{}\u00bb]<em><strong><\/strong><\/em><\/p>\n<p><em><strong>Valoraci\u00f3n y gesti\u00f3n de inversiones, asesor\u00eda a promotores, estudios de mercado, auditor\u00edas, asesoramiento legal y fiscal.<\/strong><\/em><\/p>\n<p><strong>Llach Serra &amp; Associats es una consultora inmobiliaria experta<\/strong> en valoraci\u00f3n de inmuebles, estudios de mercado, gesti\u00f3n inmobiliaria, proyectos de inversi\u00f3n y auditor\u00edas.<\/p>\n<p>Dise\u00f1amos y ejecutamos planes para <strong>optimizar la rentabilidad de los inmuebles<\/strong> y facilitar la toma de decisiones en <strong>proyectos de inversi\u00f3n y desarrollo.<\/strong>[\/et_pb_cta][\/et_pb_column][et_pb_column type=\u00bb2_5&#8243; _builder_version=\u00bb4.27.0&#8243; _module_preset=\u00bb_initial\u00bb background_image=\u00bbhttps:\/\/www.llachserra.com\/wp-content\/uploads\/2024\/07\/consultoria-immobiliaria-llach-serra-1.jpg\u00bb border_radii=\u00bbon|4px|4px|4px|4px\u00bb global_colors_info=\u00bb{}\u00bb][et_pb_divider show_divider=\u00bboff\u00bb _builder_version=\u00bb4.27.0&#8243; _module_preset=\u00bbdefault\u00bb min_height_tablet=\u00bb50vh\u00bb min_height_phone=\u00bb50vh\u00bb min_height_last_edited=\u00bbon|tablet\u00bb global_colors_info=\u00bb{}\u00bb][\/et_pb_divider][\/et_pb_column][\/et_pb_row][\/et_pb_section][et_pb_section fb_built=\u00bb1&#8243; module_id=\u00bbcontacto\u00bb _builder_version=\u00bb4.27.0&#8243; _module_preset=\u00bbdefault\u00bb global_colors_info=\u00bb{}\u00bb][et_pb_row _builder_version=\u00bb4.27.0&#8243; _module_preset=\u00bbdefault\u00bb global_colors_info=\u00bb{}\u00bb][et_pb_column type=\u00bb4_4&#8243; _builder_version=\u00bb4.27.0&#8243; _module_preset=\u00bbdefault\u00bb global_colors_info=\u00bb{}\u00bb][et_pb_code _builder_version=\u00bb4.27.0&#8243; _module_preset=\u00bbdefault\u00bb background_color=\u00bbRGBA(255,255,255,0)\u00bb global_colors_info=\u00bb{}\u00bb]<script type=\"text\/javascript\">\n\/* <![CDATA[ *\/\nvar gform;gform||(document.addEventListener(\"gform_main_scripts_loaded\",function(){gform.scriptsLoaded=!0}),document.addEventListener(\"gform\/theme\/scripts_loaded\",function(){gform.themeScriptsLoaded=!0}),window.addEventListener(\"DOMContentLoaded\",function(){gform.domLoaded=!0}),gform={domLoaded:!1,scriptsLoaded:!1,themeScriptsLoaded:!1,isFormEditor:()=>\"function\"==typeof InitializeEditor,callIfLoaded:function(o){return!(!gform.domLoaded||!gform.scriptsLoaded||!gform.themeScriptsLoaded&&!gform.isFormEditor()||(gform.isFormEditor()&&console.warn(\"The use of gform.initializeOnLoaded() is deprecated in the form editor context and will be removed in Gravity Forms 3.1.\"),o(),0))},initializeOnLoaded:function(o){gform.callIfLoaded(o)||(document.addEventListener(\"gform_main_scripts_loaded\",()=>{gform.scriptsLoaded=!0,gform.callIfLoaded(o)}),document.addEventListener(\"gform\/theme\/scripts_loaded\",()=>{gform.themeScriptsLoaded=!0,gform.callIfLoaded(o)}),window.addEventListener(\"DOMContentLoaded\",()=>{gform.domLoaded=!0,gform.callIfLoaded(o)}))},hooks:{action:{},filter:{}},addAction:function(o,r,e,t){gform.addHook(\"action\",o,r,e,t)},addFilter:function(o,r,e,t){gform.addHook(\"filter\",o,r,e,t)},doAction:function(o){gform.doHook(\"action\",o,arguments)},applyFilters:function(o){return gform.doHook(\"filter\",o,arguments)},removeAction:function(o,r){gform.removeHook(\"action\",o,r)},removeFilter:function(o,r,e){gform.removeHook(\"filter\",o,r,e)},addHook:function(o,r,e,t,n){null==gform.hooks[o][r]&&(gform.hooks[o][r]=[]);var d=gform.hooks[o][r];null==n&&(n=r+\"_\"+d.length),gform.hooks[o][r].push({tag:n,callable:e,priority:t=null==t?10:t})},doHook:function(r,o,e){var t;if(e=Array.prototype.slice.call(e,1),null!=gform.hooks[r][o]&&((o=gform.hooks[r][o]).sort(function(o,r){return o.priority-r.priority}),o.forEach(function(o){\"function\"!=typeof(t=o.callable)&&(t=window[t]),\"action\"==r?t.apply(null,e):e[0]=t.apply(null,e)})),\"filter\"==r)return e[0]},removeHook:function(o,r,t,n){var e;null!=gform.hooks[o][r]&&(e=(e=gform.hooks[o][r]).filter(function(o,r,e){return!!(null!=n&&n!=o.tag||null!=t&&t!=o.priority)}),gform.hooks[o][r]=e)}});\n\/* ]]> *\/\n<\/script>\n\n                <div class='gf_browser_gecko gform_wrapper gravity-theme gform-theme--no-framework' data-form-theme='gravity-theme' data-form-index='0' id='gform_wrapper_1' >\n                        <div class='gform_heading'>\n                            <h2 class=\"gform_title\">Contacto<\/h2>\n                            <p class='gform_description'><\/p>\n\t\t\t\t\t\t\t<p class='gform_required_legend'>&quot;<span class=\"gfield_required gfield_required_asterisk\">*<\/span>&quot; se\u00f1ala los campos obligatorios<\/p>\n                        <\/div><form method='post' enctype='multipart\/form-data'  id='gform_1'  action='\/es\/wp-json\/wp\/v2\/pages\/2099' data-formid='1' novalidate><div class='gf_invisible ginput_recaptchav3' data-sitekey='6LfiUxcqAAAAAKEGxzVRPl2BP-fM1GqpViCygg9l' data-tabindex='0'><input id=\"input_8bbea784c2ccebedb6fffde9a789c157\" class=\"gfield_recaptcha_response\" type=\"hidden\" name=\"input_8bbea784c2ccebedb6fffde9a789c157\" value=\"\"\/><\/div>\n                        <div class='gform-body gform_body'><div id='gform_fields_1' class='gform_fields top_label form_sublabel_below description_above validation_below'><div id=\"field_1_3\" class=\"gfield gfield--type-text gfield--input-type-text gfield--width-half gfield_contains_required field_sublabel_below gfield--no-description field_description_above field_validation_below gfield_visibility_visible\"  ><label class='gfield_label gform-field-label' for='input_1_3'>Nombre<span class=\"gfield_required\"><span class=\"gfield_required gfield_required_asterisk\">*<\/span><\/span><\/label><div class='ginput_container ginput_container_text'><input name='input_3' id='input_1_3' type='text' value='' class='large'     aria-required=\"true\" aria-invalid=\"false\"   \/><\/div><\/div><div id=\"field_1_5\" class=\"gfield gfield--type-email gfield--input-type-email gfield--width-half gfield_contains_required field_sublabel_below gfield--no-description field_description_above field_validation_below gfield_visibility_visible\"  ><label class='gfield_label gform-field-label' for='input_1_5'>Email<span class=\"gfield_required\"><span class=\"gfield_required gfield_required_asterisk\">*<\/span><\/span><\/label><div class='ginput_container ginput_container_email'>\n                            <input name='input_5' id='input_1_5' type='email' value='' class='large'    aria-required=\"true\" aria-invalid=\"false\"  \/>\n                        <\/div><\/div><div id=\"field_1_6\" class=\"gfield gfield--type-phone gfield--input-type-phone gfield--width-half field_sublabel_below gfield--no-description field_description_above field_validation_below gfield_visibility_visible\"  ><label class='gfield_label gform-field-label' for='input_1_6'>Tel\u00e9fono<\/label><div class='ginput_container ginput_container_phone'><input name='input_6' id='input_1_6' type='tel' value='' class='large'    aria-invalid=\"false\"   \/><\/div><\/div><div id=\"field_1_7\" class=\"gfield gfield--type-text gfield--input-type-text gfield--width-half field_sublabel_below gfield--no-description field_description_above field_validation_below gfield_visibility_visible\"  ><label class='gfield_label gform-field-label' for='input_1_7'>Empresa<\/label><div class='ginput_container ginput_container_text'><input name='input_7' id='input_1_7' type='text' value='' class='large'      aria-invalid=\"false\"   \/><\/div><\/div><div id=\"field_1_8\" class=\"gfield gfield--type-textarea gfield--input-type-textarea gfield_contains_required field_sublabel_below gfield--no-description field_description_above field_validation_below gfield_visibility_visible\"  ><label class='gfield_label gform-field-label' for='input_1_8'>Mensaje<span class=\"gfield_required\"><span class=\"gfield_required gfield_required_asterisk\">*<\/span><\/span><\/label><div class='ginput_container ginput_container_textarea'><textarea name='input_8' id='input_1_8' class='textarea medium'     aria-required=\"true\" aria-invalid=\"false\"   rows='10' cols='50'><\/textarea><\/div><\/div><fieldset id=\"field_1_9\" class=\"gfield gfield--type-consent gfield--type-choice gfield--input-type-consent field_sublabel_below gfield--no-description field_description_above hidden_label field_validation_below gfield_visibility_visible\"  ><legend class='gfield_label gform-field-label gfield_label_before_complex' >Env\u00edo de comunicaciones comerciales<\/legend><div class='ginput_container ginput_container_consent'><input name='input_9.1' id='input_1_9_1' type='checkbox' value='1'    aria-invalid=\"false\"   \/> <label class=\"gform-field-label gform-field-label--type-inline gfield_consent_label\" for='input_1_9_1' >Acepto el env\u00edo de comunicaciones comerciales<\/label><input type='hidden' name='input_9.2' value='Acepto el env\u00edo de comunicaciones comerciales' class='gform_hidden' \/><input type='hidden' name='input_9.3' value='6' class='gform_hidden' \/><\/div><\/fieldset><fieldset id=\"field_1_10\" class=\"gfield gfield--type-consent gfield--type-choice gfield--input-type-consent gfield_contains_required field_sublabel_below gfield--no-description field_description_above hidden_label field_validation_below gfield_visibility_visible\"  ><legend class='gfield_label gform-field-label gfield_label_before_complex' >Pol\u00edtica de privacidad<span class=\"gfield_required\"><span class=\"gfield_required gfield_required_asterisk\">*<\/span><\/span><\/legend><div class='ginput_container ginput_container_consent'><input name='input_10.1' id='input_1_10_1' type='checkbox' value='1'   aria-required=\"true\" aria-invalid=\"false\"   \/> <label class=\"gform-field-label gform-field-label--type-inline gfield_consent_label\" for='input_1_10_1' >He le\u00eddo y acepto la <a href=\"https:\/\/www.llachserra.com\/es\/politica-privacidad\/\" target=\"_blank\">pol\u00edtica de privacidad<\/a>.<span class=\"gfield_required gfield_required_asterisk\">*<\/span><\/label><input type='hidden' name='input_10.2' value='He le\u00eddo y acepto la &lt;a href=&quot;https:\/\/www.llachserra.com\/es\/politica-privacidad\/&quot; target=&quot;_blank&quot;&gt;pol\u00edtica de privacidad&lt;\/a&gt;.' class='gform_hidden' \/><input type='hidden' name='input_10.3' value='6' class='gform_hidden' \/><\/div><\/fieldset><div id=\"field_1_11\" class=\"gfield gfield--type-html gfield--input-type-html gfield_html gfield_html_formatted gfield_no_follows_desc field_sublabel_below gfield--no-description field_description_above field_validation_below gfield_visibility_visible\"  ><p style=\"font-size: 10px; line-height: 1;\">Este sitio web est\u00e1 protegido con reCAPTCHA y aplica la <a href=\"https:\/\/policies.google.com\/privacy\" target=\"_blank\" rel=\"noopener\">pol\u00edtica de privacidad<\/a> y las <a href=\"https:\/\/policies.google.com\/terms\" target=\"_blank\" rel=\"noopener\">condiciones de servicio<\/a> de Google.<\/p><\/div><\/div><\/div>\n        <div class='gform-footer gform_footer top_label'> <input type='submit' id='gform_submit_button_1' class='gform_button button' onclick='gform.submission.handleButtonClick(this);' data-submission-type='submit' value='Enviar'  \/> \n            <input type='hidden' class='gform_hidden' name='gform_submission_method' data-js='gform_submission_method_1' value='postback' \/>\n            <input type='hidden' class='gform_hidden' name='gform_theme' data-js='gform_theme_1' id='gform_theme_1' value='gravity-theme' \/>\n            <input type='hidden' class='gform_hidden' name='gform_style_settings' data-js='gform_style_settings_1' id='gform_style_settings_1' value='[]' \/>\n            <input type='hidden' class='gform_hidden' name='is_submit_1' value='1' \/>\n            <input type='hidden' class='gform_hidden' name='gform_submit' value='1' \/>\n            \n            <input type='hidden' class='gform_hidden' name='gform_unique_id' value='' \/>\n            <input type='hidden' class='gform_hidden' name='state_1' value='WyJ7XCI5LjFcIjpcImU1ODdhODE0ZDhhZGM0NDdiMzg5MzUyZTU0Y2U0MzYyXCIsXCI5LjJcIjpcIjk5ODBlMGNmZGVhZWFjN2NmMjhkNGRjODlmZDBmNTgxXCIsXCI5LjNcIjpcImI0NDc1ZjAzYWUzNmRjOWFlYjI3YjZiNWQ3MjVlZTFkXCIsXCIxMC4xXCI6XCJlNTg3YTgxNGQ4YWRjNDQ3YjM4OTM1MmU1NGNlNDM2MlwiLFwiMTAuMlwiOlwiNTI2MTY4YzcyMGZkNGEzNTUzZDM3MWUyZjg1ZGMxMWRcIixcIjEwLjNcIjpcImI0NDc1ZjAzYWUzNmRjOWFlYjI3YjZiNWQ3MjVlZTFkXCJ9IiwiYWRhOWJiNjVlNjJmYTlhMWQxMmI0MjAwYzNjNjBiY2IiXQ==' \/>\n            <input type='hidden' autocomplete='off' class='gform_hidden' name='gform_target_page_number_1' id='gform_target_page_number_1' value='0' \/>\n            <input type='hidden' autocomplete='off' class='gform_hidden' name='gform_source_page_number_1' id='gform_source_page_number_1' value='1' \/>\n            <input type='hidden' name='gform_field_values' value='' \/>\n            \n        <\/div>\n                        <\/form>\n                        <\/div><script type=\"text\/javascript\">\n\/* <![CDATA[ *\/\n gform.initializeOnLoaded( function() {gformInitSpinner( 1, 'https:\/\/www.llachserra.com\/wp-content\/plugins\/gravityforms\/images\/spinner.svg', true );jQuery('#gform_ajax_frame_1').on('load',function(){var contents = jQuery(this).contents().find('*').html();var is_postback = contents.indexOf('GF_AJAX_POSTBACK') >= 0;if(!is_postback){return;}var form_content = jQuery(this).contents().find('#gform_wrapper_1');var is_confirmation = jQuery(this).contents().find('#gform_confirmation_wrapper_1').length > 0;var is_redirect = contents.indexOf('gformRedirect(){') >= 0;var is_form = form_content.length > 0 && ! is_redirect && ! is_confirmation;var mt = parseInt(jQuery('html').css('margin-top'), 10) + parseInt(jQuery('body').css('margin-top'), 10) + 100;if(is_form){jQuery('#gform_wrapper_1').html(form_content.html());if(form_content.hasClass('gform_validation_error')){jQuery('#gform_wrapper_1').addClass('gform_validation_error');} else {jQuery('#gform_wrapper_1').removeClass('gform_validation_error');}setTimeout( function() { \/* delay the scroll by 50 milliseconds to fix a bug in chrome *\/  }, 50 );if(window['gformInitDatepicker']) {gformInitDatepicker();}if(window['gformInitPriceFields']) {gformInitPriceFields();}var current_page = jQuery('#gform_source_page_number_1').val();gformInitSpinner( 1, 'https:\/\/www.llachserra.com\/wp-content\/plugins\/gravityforms\/images\/spinner.svg', true );jQuery(document).trigger('gform_page_loaded', [1, current_page]);window['gf_submitting_1'] = false;}else if(!is_redirect){var confirmation_content = jQuery(this).contents().find('.GF_AJAX_POSTBACK').html();if(!confirmation_content){confirmation_content = contents;}jQuery('#gform_wrapper_1').replaceWith(confirmation_content);jQuery(document).trigger('gform_confirmation_loaded', [1]);window['gf_submitting_1'] = false;wp.a11y.speak(jQuery('#gform_confirmation_message_1').text());}else{jQuery('#gform_1').append(contents);if(window['gformRedirect']) {gformRedirect();}}jQuery(document).trigger(\"gform_pre_post_render\", [{ formId: \"1\", currentPage: \"current_page\", abort: function() { this.preventDefault(); } }]);        if (event && event.defaultPrevented) {                return;        }        const gformWrapperDiv = document.getElementById( \"gform_wrapper_1\" );        if ( gformWrapperDiv ) {            const visibilitySpan = document.createElement( \"span\" );            visibilitySpan.id = \"gform_visibility_test_1\";            gformWrapperDiv.insertAdjacentElement( \"afterend\", visibilitySpan );        }        const visibilityTestDiv = document.getElementById( \"gform_visibility_test_1\" );        let postRenderFired = false;        function triggerPostRender() {            if ( postRenderFired ) {                return;            }            postRenderFired = true;            gform.core.triggerPostRenderEvents( 1, current_page );            if ( visibilityTestDiv ) {                visibilityTestDiv.parentNode.removeChild( visibilityTestDiv );            }        }        function debounce( func, wait, immediate ) {            var timeout;            return function() {                var context = this, args = arguments;                var later = function() {                    timeout = null;                    if ( !immediate ) func.apply( context, args );                };                var callNow = immediate && !timeout;                clearTimeout( timeout );                timeout = setTimeout( later, wait );                if ( callNow ) func.apply( context, args );            };        }        const debouncedTriggerPostRender = debounce( function() {            triggerPostRender();        }, 200 );        if ( visibilityTestDiv && visibilityTestDiv.offsetParent === null ) {            const observer = new MutationObserver( ( mutations ) => {                mutations.forEach( ( mutation ) => {                    if ( mutation.type === 'attributes' && visibilityTestDiv.offsetParent !== null ) {                        debouncedTriggerPostRender();                        observer.disconnect();                    }                });            });            observer.observe( document.body, {                attributes: true,                childList: false,                subtree: true,                attributeFilter: [ 'style', 'class' ],            });        } else {            triggerPostRender();        }    } );} ); \n\/* ]]> *\/\n<\/script>\n[\/et_pb_code][\/et_pb_column][\/et_pb_row][\/et_pb_section]<\/p>\n","protected":false},"excerpt":{"rendered":"<p>Tu inmobiliaria de referencia en Vilafranca del Pened\u00e8s Llach Serra es una empresa especializada en gesti\u00f3n inmobiliaria integral, con m\u00e1s de 30 a\u00f1os de experiencia ofreciendo servicios de administraci\u00f3n de fincas, alquiler, compraventa y asesoramiento legal para propiedades y comunidades.Conocemos el mercado local como nadie y te ofrecemos un servicio totalmente personalizado. Estamos especializados en [&hellip;]<\/p>\n","protected":false},"author":1,"featured_media":0,"parent":0,"menu_order":0,"comment_status":"closed","ping_status":"closed","template":"","meta":{"_acf_changed":false,"_et_pb_use_builder":"on","_et_pb_old_content":"","_et_gb_content_width":"","footnotes":""},"class_list":["post-2099","page","type-page","status-publish","hentry"],"acf":[],"_links":{"self":[{"href":"https:\/\/www.llachserra.com\/es\/wp-json\/wp\/v2\/pages\/2099","targetHints":{"allow":["GET"]}}],"collection":[{"href":"https:\/\/www.llachserra.com\/es\/wp-json\/wp\/v2\/pages"}],"about":[{"href":"https:\/\/www.llachserra.com\/es\/wp-json\/wp\/v2\/types\/page"}],"author":[{"embeddable":true,"href":"https:\/\/www.llachserra.com\/es\/wp-json\/wp\/v2\/users\/1"}],"replies":[{"embeddable":true,"href":"https:\/\/www.llachserra.com\/es\/wp-json\/wp\/v2\/comments?post=2099"}],"version-history":[{"count":7,"href":"https:\/\/www.llachserra.com\/es\/wp-json\/wp\/v2\/pages\/2099\/revisions"}],"predecessor-version":[{"id":2111,"href":"https:\/\/www.llachserra.com\/es\/wp-json\/wp\/v2\/pages\/2099\/revisions\/2111"}],"wp:attachment":[{"href":"https:\/\/www.llachserra.com\/es\/wp-json\/wp\/v2\/media?parent=2099"}],"curies":[{"name":"wp","href":"https:\/\/api.w.org\/{rel}","templated":true}]}}