{"id":1312,"date":"2024-09-09T12:30:34","date_gmt":"2024-09-09T10:30:34","guid":{"rendered":"https:\/\/www.llachserra.com\/llach-serra-barcelona\/"},"modified":"2025-10-22T13:00:26","modified_gmt":"2025-10-22T11:00:26","slug":"consultoria-immobiliaria-barcelona","status":"publish","type":"page","link":"https:\/\/www.llachserra.com\/es\/consultoria-immobiliaria-barcelona\/","title":{"rendered":"Llach Serra &#8211; Inmobiliaria en Barcelona"},"content":{"rendered":"<p>[et_pb_section fb_built=\u00bb1&#8243; _builder_version=\u00bb4.26.0&#8243; _module_preset=\u00bbdefault\u00bb custom_margin=\u00bb50px||||false|false\u00bb custom_margin_tablet=\u00bb0px||||false|false\u00bb custom_margin_phone=\u00bb0px||||false|false\u00bb custom_margin_last_edited=\u00bbon|phone\u00bb global_colors_info=\u00bb{}\u00bb][et_pb_row _builder_version=\u00bb4.26.0&#8243; _module_preset=\u00bbdefault\u00bb width=\u00bb100%\u00bb global_colors_info=\u00bb{}\u00bb][et_pb_column type=\u00bb4_4&#8243; _builder_version=\u00bb4.26.0&#8243; _module_preset=\u00bbdefault\u00bb global_colors_info=\u00bb{}\u00bb][et_pb_text module_class=\u00bbh1&#8243; _builder_version=\u00bb4.27.0&#8243; _module_preset=\u00bbdefault\u00bb header_text_align=\u00bbcenter\u00bb header_font_size_tablet=\u00bb\u00bb header_font_size_phone=\u00bb\u00bb header_font_size_last_edited=\u00bbon|desktop\u00bb global_colors_info=\u00bb{}\u00bb]<\/p>\n<h1>Inmobiliaria<br \/>\nBarcelona<\/h1>\n<p>[\/et_pb_text][\/et_pb_column][\/et_pb_row][et_pb_row column_structure=\u00bb1_3,1_3,1_3&#8243; module_class=\u00bbrow-landing-blurbs\u00bb _builder_version=\u00bb4.27.0&#8243; _module_preset=\u00bbdefault\u00bb custom_css_main_element=\u00bbdisplay: flex;||flex-wrap: wrap;||align-items: center;\u00bb global_colors_info=\u00bb{}\u00bb][et_pb_column type=\u00bb1_3&#8243; _builder_version=\u00bb4.27.0&#8243; _module_preset=\u00bbdefault\u00bb global_colors_info=\u00bb{}\u00bb][et_pb_blurb use_icon=\u00bbon\u00bb font_icon=\u00bb&#xe081;||divi||400&#8243; icon_placement=\u00bbleft\u00bb _builder_version=\u00bb4.27.0&#8243; _module_preset=\u00bbdefault\u00bb custom_css_blurb_image=\u00bbmargin-bottom: 0;\u00bb custom_css_blurb_content=\u00bbdisplay: flex;||justify-content: center;||align-items: center;\u00bb global_colors_info=\u00bb{}\u00bb]<\/p>\n<p><a href=\"https:\/\/www.google.com\/maps\/place\/\/data=!4m2!3m1!1s0x12a4a28cf4f695d5:0x3df46923a1942d4c?sa=X&amp;ved=1t:8290&amp;ictx=111\" target=\"_blank\" rel=\"noopener\">Pg. de Gr\u00e0cia, 95, 1r 1a<\/a><br \/><a href=\"https:\/\/www.google.com\/maps\/place\/\/data=!4m2!3m1!1s0x12a4a28cf4f695d5:0x3df46923a1942d4c?sa=X&amp;ved=1t:8290&amp;ictx=111\" target=\"_blank\" rel=\"noopener\">L&#8217;Eixample, 08008 Barcelona<\/a><\/p>\n<p>[\/et_pb_blurb][\/et_pb_column][et_pb_column type=\u00bb1_3&#8243; _builder_version=\u00bb4.27.0&#8243; _module_preset=\u00bbdefault\u00bb global_colors_info=\u00bb{}\u00bb][et_pb_blurb use_icon=\u00bbon\u00bb font_icon=\u00bb&#xf879;||fa||900&#8243; icon_placement=\u00bbleft\u00bb _builder_version=\u00bb4.27.0&#8243; _module_preset=\u00bbdefault\u00bb custom_css_blurb_image=\u00bbmargin-bottom: 0;\u00bb custom_css_blurb_content=\u00bbdisplay: flex;||justify-content: center;||align-items: center;\u00bb global_colors_info=\u00bb{}\u00bb]<\/p>\n<p><a href=\"tel:+34934672197\" target=\"_blank\" rel=\"noopener\">+34 934 67 21 97<\/a><\/p>\n<p>[\/et_pb_blurb][\/et_pb_column][et_pb_column type=\u00bb1_3&#8243; _builder_version=\u00bb4.27.0&#8243; _module_preset=\u00bbdefault\u00bb global_colors_info=\u00bb{}\u00bb][et_pb_blurb use_icon=\u00bbon\u00bb font_icon=\u00bb&#xf0e0;||fa||900&#8243; icon_placement=\u00bbleft\u00bb _builder_version=\u00bb4.27.0&#8243; _module_preset=\u00bbdefault\u00bb custom_css_blurb_image=\u00bbmargin-bottom: 0;\u00bb custom_css_blurb_content=\u00bbdisplay: flex;||justify-content: center;||align-items: center;\u00bb global_colors_info=\u00bb{}\u00bb]<\/p>\n<p><a href=\"mailto:info@llachserra.com\" target=\"_blank\" rel=\"noopener\">info@llachserra.com<\/a><\/p>\n<p>[\/et_pb_blurb][\/et_pb_column][\/et_pb_row][\/et_pb_section][et_pb_section fb_built=\u00bb1&#8243; _builder_version=\u00bb4.26.0&#8243; _module_preset=\u00bbdefault\u00bb global_colors_info=\u00bb{}\u00bb][et_pb_row column_structure=\u00bb1_2,1_2&#8243; make_equal=\u00bbon\u00bb _builder_version=\u00bb4.27.0&#8243; _module_preset=\u00bbdefault\u00bb custom_padding=\u00bb0px||0px||true|false\u00bb custom_css_main_element=\u00bbalign-items:center;\u00bb global_colors_info=\u00bb{}\u00bb][et_pb_column type=\u00bb1_2&#8243; _builder_version=\u00bb4.26.0&#8243; _module_preset=\u00bbdefault\u00bb global_colors_info=\u00bb{}\u00bb][et_pb_cta button_url=\u00bb@ET-DC@eyJkeW5hbWljIjp0cnVlLCJjb250ZW50IjoicG9zdF9saW5rX3VybF9wYWdlIiwic2V0dGluZ3MiOnsicG9zdF9pZCI6IjMzMiIsImVuYWJsZV9odG1sIjoib2ZmIn19@\u00bb button_text=\u00bbContacta con nosotros\u00bb _builder_version=\u00bb4.27.0&#8243; _dynamic_attributes=\u00bbbutton_url\u00bb _module_preset=\u00bbff9b9835-9a2a-43b8-9cf4-976f97bd4cb5&#8243; text_orientation=\u00bbleft\u00bb background_layout=\u00bblight\u00bb global_colors_info=\u00bb{}\u00bb]<\/p>\n<h2>Consultor\u00eda inmobiliaria y gesti\u00f3n de fincas en Barcelona<\/h2>\n<p>Llach Serra Associats somos una inmobiliaria de referencia, especializada en la gesti\u00f3n de fincas y consultor\u00eda inmobiliaria. Como administradores de fincas en Barcelona, ofrecemos servicios integrales que incluyen la administraci\u00f3n Nos centramos en ofrecer un servicio personalizado, pr\u00f3ximo y adaptado a las necesidades del mercado local.<\/p>\n<p>Si buscas una gesti\u00f3n eficiente y de confianza en Barcelona, estamos aqu\u00ed para ofrecerte soluciones inmobiliarias completas y adaptadas a tus necesidades.<\/p>\n<p>[\/et_pb_cta][\/et_pb_column][et_pb_column type=\u00bb1_2&#8243; _builder_version=\u00bb4.26.0&#8243; _module_preset=\u00bbdefault\u00bb global_colors_info=\u00bb{}\u00bb][et_pb_image src=\u00bbhttps:\/\/www.llachserra.com\/wp-content\/uploads\/2024\/09\/llach-serra-bcn.jpg\u00bb alt=\u00bbLlach Serra Vilafranca, inmobiliaria Vilafranca con los mejores administradores de fincas.\u00bb title_text=\u00bbllach-serra-bcn\u00bb align=\u00bbright\u00bb force_fullwidth=\u00bbon\u00bb align_tablet=\u00bbcenter\u00bb align_phone=\u00bbleft\u00bb align_last_edited=\u00bbon|desktop\u00bb _builder_version=\u00bb4.27.0&#8243; _module_preset=\u00bbdefault\u00bb global_colors_info=\u00bb{}\u00bb][\/et_pb_image][\/et_pb_column][\/et_pb_row][\/et_pb_section][et_pb_section fb_built=\u00bb1&#8243; _builder_version=\u00bb4.26.0&#8243; _module_preset=\u00bbdefault\u00bb background_color=\u00bb#c2c9d5&#8243; global_colors_info=\u00bb{}\u00bb][et_pb_row _builder_version=\u00bb4.26.0&#8243; _module_preset=\u00bbdefault\u00bb global_colors_info=\u00bb{}\u00bb][et_pb_column type=\u00bb4_4&#8243; _builder_version=\u00bb4.26.0&#8243; _module_preset=\u00bbdefault\u00bb global_colors_info=\u00bb{}\u00bb][et_pb_cta title=\u00bbNuestros servicios inmobiliarios\u00bb button_url=\u00bbhttps:\/\/www.llachserra.com\/propietats\/?search=&amp;sortby=price&amp;sorttype=DESC?\u00bb button_text=\u00bbBusca las propiedades disponibles en Barcelona\u00bb _builder_version=\u00bb4.27.0&#8243; _module_preset=\u00bb0dc46d76-e456-4227-b4f4-e8121a4e39b6&#8243; custom_padding=\u00bb|120px||120px|false|true\u00bb custom_padding_tablet=\u00bb|30px||30px|false|true\u00bb custom_padding_phone=\u00bb|30px||30px|false|true\u00bb custom_padding_last_edited=\u00bbon|phone\u00bb global_colors_info=\u00bb{}\u00bb]<\/p>\n<p>En Llach Serra Associats sabemos que cada cliente es \u00fanico, por eso adaptamos nuestros servicios a tus necesidades particulares. Nuestro enfoque personalizado y el amplio conocimiento del sector, nos permite ofrecer opciones inmobiliarias de calidad que se ajusten a tus expectativas, zona y presupuesto.<\/p>\n<p>En un mercado tan competitivo como el de Barcelona, sabemos que recibir la consultor\u00eda adecuada puede marcar la diferencia por tu inversi\u00f3n. Por eso, trabajamos de forma constante para ofrecerte una experiencia completa, combinando conocimiento local y experiencia en el mercado para encontrar la propiedad ideal.<\/p>\n<p>[\/et_pb_cta][\/et_pb_column][\/et_pb_row][\/et_pb_section][et_pb_section fb_built=\u00bb1&#8243; _builder_version=\u00bb4.26.0&#8243; _module_preset=\u00bbdefault\u00bb global_colors_info=\u00bb{}\u00bb][et_pb_row column_structure=\u00bb1_2,1_2&#8243; make_equal=\u00bbon\u00bb module_class=\u00bbreverse\u00bb _builder_version=\u00bb4.26.0&#8243; _module_preset=\u00bbdefault\u00bb custom_padding=\u00bb0px||0px||true|false\u00bb custom_css_main_element=\u00bbalign-items:center;\u00bb global_colors_info=\u00bb{}\u00bb][et_pb_column type=\u00bb1_2&#8243; _builder_version=\u00bb4.26.0&#8243; _module_preset=\u00bbdefault\u00bb global_colors_info=\u00bb{}\u00bb][et_pb_cta button_url=\u00bb@ET-DC@eyJkeW5hbWljIjp0cnVlLCJjb250ZW50IjoicG9zdF9saW5rX3VybF9wYWdlIiwic2V0dGluZ3MiOnsicG9zdF9pZCI6IjMzMiIsImVuYWJsZV9odG1sIjoib2ZmIn19@\u00bb button_text=\u00bbContacta con nosotros\u00bb _builder_version=\u00bb4.27.0&#8243; _dynamic_attributes=\u00bbbutton_url\u00bb _module_preset=\u00bbff9b9835-9a2a-43b8-9cf4-976f97bd4cb5&#8243; text_orientation=\u00bbleft\u00bb background_layout=\u00bblight\u00bb global_colors_info=\u00bb{}\u00bb]<\/p>\n<h2>Nuestro equipo en Barcelona<\/h2>\n<p>Somos un equipo dedicado y apasionado con una amplia experiencia en el mercado inmobiliario en la zona de Barcelona y sus alrededores. Nuestra misi\u00f3n es ofrecerte las mejores soluciones, ya sea para comprar, vender, alquilar o invertir en fincas.<\/p>\n<p>A Llach Serra Associats, nos caracteriza la transparencia en cada paso del proceso. Como administradores de fincas y consultorios inmobiliarios en Barcelona, nuestro equipo de expertos est\u00e1 ah\u00ed para resolver tus dudas y guiarte en todo momento, asegurando una gesti\u00f3n clara y eficiente.<\/p>\n<p>[\/et_pb_cta][\/et_pb_column][et_pb_column type=\u00bb1_2&#8243; _builder_version=\u00bb4.26.0&#8243; _module_preset=\u00bbdefault\u00bb global_colors_info=\u00bb{}\u00bb][et_pb_image src=\u00bbhttps:\/\/www.llachserra.com\/wp-content\/uploads\/2024\/07\/Administracion-de-lloguers-Llach-Serra.jpg\u00bb alt=\u00bbConsultor\u00eda inmobiliaria para proyectos de inversi\u00f3n | Llach Serra\u00bb title_text=\u00bbAdministracio\u0301n de alquileres Llach Serra\u00bb align_tablet=\u00bbcenter\u00bb align_phone=\u00bbleft\u00bb align_last_edited=\u00bbon|phone\u00bb _builder_version=\u00bb4.27.0&#8243; _module_preset=\u00bbdefault\u00bb global_colors_info=\u00bb{}\u00bb][\/et_pb_image][\/et_pb_column][\/et_pb_row][\/et_pb_section][et_pb_section fb_built=\u00bb1&#8243; disabled_on=\u00bboff|off|off\u00bb _builder_version=\u00bb4.27.4&#8243; _module_preset=\u00bbdefault\u00bb custom_padding=\u00bb0px||||false|false\u00bb global_colors_info=\u00bb{}\u00bb locked=\u00bboff\u00bb][et_pb_row _builder_version=\u00bb4.27.4&#8243; _module_preset=\u00bbdefault\u00bb global_colors_info=\u00bb{}\u00bb][et_pb_column type=\u00bb4_4&#8243; _builder_version=\u00bb4.27.4&#8243; _module_preset=\u00bbdefault\u00bb global_colors_info=\u00bb{}\u00bb][et_pb_cta title=\u00bbValora tu inmueble de forma gratuita e inmediata\u00bb button_url=\u00bb@ET-DC@eyJkeW5hbWljIjp0cnVlLCJjb250ZW50IjoicG9zdF9saW5rX3VybF9wYWdlIiwic2V0dGluZ3MiOnsicG9zdF9pZCI6IjM2NTk5IiwiZW5hYmxlX2h0bWwiOiJvZmYifX0=@\u00bb button_text=\u00bbDescubre el valor de tu inmueble\u00bb _builder_version=\u00bb4.27.4&#8243; _dynamic_attributes=\u00bbbutton_url\u00bb _module_preset=\u00bbdefault\u00bb global_colors_info=\u00bb{}\u00bb]<\/p>\n<p>Descubre el precio actual de tu inmueble con nuestra herramienta de valoraci\u00f3n gratuita. En tan s\u00f3lo unos minutos recibir\u00e1s una estimaci\u00f3n profesional basada en datos de mercado actuales. <\/p>\n<p>[\/et_pb_cta][\/et_pb_column][\/et_pb_row][\/et_pb_section][et_pb_section fb_built=\u00bb1&#8243; _builder_version=\u00bb4.26.0&#8243; _module_preset=\u00bbdefault\u00bb global_colors_info=\u00bb{}\u00bb][et_pb_row _builder_version=\u00bb4.26.0&#8243; _module_preset=\u00bbdefault\u00bb global_colors_info=\u00bb{}\u00bb][et_pb_column type=\u00bb4_4&#8243; _builder_version=\u00bb4.26.0&#8243; _module_preset=\u00bbdefault\u00bb global_colors_info=\u00bb{}\u00bb][et_pb_text _builder_version=\u00bb4.27.0&#8243; _module_preset=\u00bbdefault\u00bb global_colors_info=\u00bb{}\u00bb]<\/p>\n<h2>Los clientes de Barcelona, \u00bfqu\u00e9 opinan?<\/h2>\n<p>[\/et_pb_text][et_pb_text _builder_version=\u00bb4.27.4&#8243; _module_preset=\u00bbdefault\u00bb global_colors_info=\u00bb{}\u00bb]<div class=\"wprevpro-shortcode-wrapper\"><div><style>#wprev-slider-2 .wprevpro_star_imgs{color: #FDD314;}#wprev-slider-2 .wprsp-star{color: #FDD314;}#wprev-slider-2 .wprevpro_star_imgs span.svgicons {background: #FDD314;}#wprev-slider-2 .wprev_preview_bradius_T6 {border-radius: 4px;}#wprev-slider-2 .wprev_preview_bg1_T6 {background:#fdfdfd;}#wprev-slider-2 .wprev_preview_bg2_T6 {background:#eeeeee;}#wprev-slider-2 .wprev_preview_tcolor1_T6 {color:#555555;}#wprev-slider-2 .wprev_preview_tcolor2_T6 {color:#555555;}#wprev-slider-2 .wprev_preview_tcolor1_T6 {font-size:14px;line-height: normal;}#wprev-slider-2 .wprev_preview_tcolor2_T6 {font-size:10px;line-height: normal;}#wprev-slider-2 .outerrevdiv {transition: transform ease 400ms;} #wprev-slider-2 .outerrevdiv:hover{transform: translate(0, -4px);} #wprev-slider-2 .wprs_rd_more,.wprs_rd_less,.wprevpro_btn_show_rdpop{color:#426784;}#wprev-slider-2 .wprevpro_star_imgs span.svgicons {width: 18px; height: 18px;}#wprev-slider-2 .wprevsiteicon {height: 32px;}<\/style><\/div><div class=\"wprevpro wprev-no-slider \" id=\"wprev-slider-2\"><div class=\"wprevpro_t6_outer_div w3_wprs-row wprevprodiv\">\r\n<div class=\" wprevpro_t6_DIV_1 w3_wprs-col l4 outerrevdiv\">\r\n<div class=\"wpproslider_t6_DIV_1a\">\r\n\t<div class=\"indrevdiv wpproslider_t6_DIV_2 wprev_preview_bg1_T6 wprev_preview_bradius_T6\">\r\n\t<div class=\"wpproslider_t6_DIV_2_top\">\r\n\t\t<div class=\"wpproslider_t6_DIV_3L\" ><img decoding=\"async\" loading=\"lazy\" src=\"https:\/\/lh3.googleusercontent.com\/a-\/ALV-UjWL2UW5mNoz_pubFK-XECgIC_pvdOkd5-lx9iu8_9wHQ8a6YI7MCQ=s64-c-rp-mo-ba3-br100\" alt=\"Sam Avatar\" class=\"wpproslider_t6_IMG_2 wprevpro_avatarimg\" title=\"\"><\/div>\r\n\t\t<div class=\"wpproslider_t6_DIV_3\">\r\n\t\t\t<div class=\"t6displayname wpproslider_t6_STRONG_5 wprev_preview_tcolor2_T6\">Sam<\/div>\r\n\t\t\t<div class=\"wpproslider_t6_star_DIV\"><span class=\"wprevpro_star_imgs_T6\"><span class=\"starloc1 starstyle2 wprevpro_star_imgs wprevpro_star_imgsloc1\"><span class=\"svgicons svg-wprsp-star\"><\/span><span class=\"starstyle2ratingnum\">5.0<\/span><\/span><\/span><\/div>\r\n\t\t\t<div class=\"wpproslider_t6_SPAN_6 wprev_preview_tcolor2_T6\"><span class=\"wprev_showdate_T6\">02\/04\/26<\/span><\/div>\r\n\t\t<\/div>\r\n\t<\/div>\r\n\t<div class=\" wpproslider_t6_DIV_4\">\r\n\t\t\t<div class=\"indrevtxt wpproslider_t6_P_4 wprev_preview_tcolor1_T6\"><div class='indrevtextscroll' data-ahover='' data-lines='4' data-revid='334'>\t\t\t\tMuy buena experiencia con Llach Serra & Associats, especialmente gracias a Ismael, que fue clave durante todo el proceso. Desde el inicio nos asesor\u00f3 muy bien, siempre atento y disponible. Destacar su paciencia para responder a todas nuestras preguntas, las veces que hizo falta, y su capacidad para ayudarnos a entender un contexto y una normativa inmobiliaria en constante cambio. Adem\u00e1s, todo el equipo ha sido muy profesional, \u00e1gil en la comunicaci\u00f3n y muy diligente con el papeleo. Totalmente recomendables.<\/div>\t\t\t<\/div>\r\n\t\t\t\t\t<\/div>\r\n\r\n\t<div class=\"wpproslider_t6_DIV_3_logo\"><\/div>\r\n\t<\/div>\r\n\t\r\n<\/div>\r\n\t\r\n<\/div>\r\n<div class=\" wprevpro_t6_DIV_1 w3_wprs-col l4 outerrevdiv\">\r\n<div class=\"wpproslider_t6_DIV_1a\">\r\n\t<div class=\"indrevdiv wpproslider_t6_DIV_2 wprev_preview_bg1_T6 wprev_preview_bradius_T6\">\r\n\t<div class=\"wpproslider_t6_DIV_2_top\">\r\n\t\t<div class=\"wpproslider_t6_DIV_3L\" ><img decoding=\"async\" loading=\"lazy\" src=\"https:\/\/lh3.googleusercontent.com\/a-\/ALV-UjV4t1FG6oYo8HQCeeir_KGSMFO6sVX13f9y_z7_pEeult4TZ1MZ=s64-c-rp-mo-br100\" alt=\"joan puig Avatar\" class=\"wpproslider_t6_IMG_2 wprevpro_avatarimg\" title=\"\"><\/div>\r\n\t\t<div class=\"wpproslider_t6_DIV_3\">\r\n\t\t\t<div class=\"t6displayname wpproslider_t6_STRONG_5 wprev_preview_tcolor2_T6\">joan puig<\/div>\r\n\t\t\t<div class=\"wpproslider_t6_star_DIV\"><span class=\"wprevpro_star_imgs_T6\"><span class=\"starloc1 starstyle2 wprevpro_star_imgs wprevpro_star_imgsloc1\"><span class=\"svgicons svg-wprsp-star\"><\/span><span class=\"starstyle2ratingnum\">5.0<\/span><\/span><\/span><\/div>\r\n\t\t\t<div class=\"wpproslider_t6_SPAN_6 wprev_preview_tcolor2_T6\"><span class=\"wprev_showdate_T6\">30\/03\/26<\/span><\/div>\r\n\t\t<\/div>\r\n\t<\/div>\r\n\t<div class=\" wpproslider_t6_DIV_4\">\r\n\t\t\t<div class=\"indrevtxt wpproslider_t6_P_4 wprev_preview_tcolor1_T6\"><div class='indrevtextscroll' data-ahover='' data-lines='4' data-revid='335'>\t\t\t\tMolt bona atenci\u00f3 i seguiment<\/div>\t\t\t<\/div>\r\n\t\t\t\t\t<\/div>\r\n\r\n\t<div class=\"wpproslider_t6_DIV_3_logo\"><\/div>\r\n\t<\/div>\r\n\t\r\n<\/div>\r\n\t\r\n<\/div>\r\n<div class=\" wprevpro_t6_DIV_1 w3_wprs-col l4 outerrevdiv\">\r\n<div class=\"wpproslider_t6_DIV_1a\">\r\n\t<div class=\"indrevdiv wpproslider_t6_DIV_2 wprev_preview_bg1_T6 wprev_preview_bradius_T6\">\r\n\t<div class=\"wpproslider_t6_DIV_2_top\">\r\n\t\t<div class=\"wpproslider_t6_DIV_3L\" ><img decoding=\"async\" loading=\"lazy\" src=\"https:\/\/lh3.googleusercontent.com\/a-\/ALV-UjW9jSdSuwh1OVvYFkFS9nKA9_nA0VGg3BSUwEKYovcnZMBKmTjN=s64-c-rp-mo-br100\" alt=\"indienapolis2010 Avatar\" class=\"wpproslider_t6_IMG_2 wprevpro_avatarimg\" title=\"\"><\/div>\r\n\t\t<div class=\"wpproslider_t6_DIV_3\">\r\n\t\t\t<div class=\"t6displayname wpproslider_t6_STRONG_5 wprev_preview_tcolor2_T6\">indienapolis2010<\/div>\r\n\t\t\t<div class=\"wpproslider_t6_star_DIV\"><span class=\"wprevpro_star_imgs_T6\"><span class=\"starloc1 starstyle2 wprevpro_star_imgs wprevpro_star_imgsloc1\"><span class=\"svgicons svg-wprsp-star\"><\/span><span class=\"starstyle2ratingnum\">5.0<\/span><\/span><\/span><\/div>\r\n\t\t\t<div class=\"wpproslider_t6_SPAN_6 wprev_preview_tcolor2_T6\"><span class=\"wprev_showdate_T6\">14\/02\/26<\/span><\/div>\r\n\t\t<\/div>\r\n\t<\/div>\r\n\t<div class=\" wpproslider_t6_DIV_4\">\r\n\t\t\t<div class=\"indrevtxt wpproslider_t6_P_4 wprev_preview_tcolor1_T6\"><div class='indrevtextscroll' data-ahover='' data-lines='4' data-revid='329'>\t\t\t\tMolt bona experi\u00e8ncia, de principi a fi. Proximitat, coneixement i m\u00e0xima atenci\u00f3 al detall. S'agraeix quan un equip treballa amb serietat i comprom\u00eds. 100% recomanables!!!<\/div>\t\t\t<\/div>\r\n\t\t\t\t\t<\/div>\r\n\r\n\t<div class=\"wpproslider_t6_DIV_3_logo\"><\/div>\r\n\t<\/div>\r\n\t\r\n<\/div>\r\n\t\r\n<\/div>\r\n<\/div>\r\n\r\n\t\t\t\t\t\t<div id=\"wppro_review_pagination2\"  class=\"wppro_pagination\" data-revsameheight=\"yes\" data-notinstring=\"334,335,329\" data-nrows=\"1\" data-ismasonry=\"no\" data-perrow=\"3\" data-cpostid=\"1312\" data-shortcodepageid=\"\" data-shortcodelang=\"\" data-shortcodetag=\"\" data-tid=\"2\" data-lastslidenum=\"36\" data-totalreviewsindb=\"106\">\r\n\t\t\t\t\t\t<ul class=\"wppro_page_numbers_ul\">\r\n\t\t\t\t\t\t\t<li><span class=\"brnprevclass wppro_page_numbers current\">1<\/span><\/li>\r\n\t\t\t\t\t\t\t<li><span class=\"brnprevclass wppro_page_numbers\">2<\/span><\/li>\r\n\t\t\t\t\t\t\t<li><span class=\"brnprevclass wppro_page_dots\">\u2026<\/span><\/li>\r\n\t\t\t\t\t\t\t<li><span class=\"brnprevclass wppro_page_numbers\">36<\/span><\/li>\r\n\t\t\t\t\t\t\t<li><span class=\"brnprevclass wppro_page_numbers next-button\">><\/span><\/li>\r\n\t\t\t\t\t\t<\/ul><img decoding=\"async\" src=\"https:\/\/www.llachserra.com\/wp-content\/plugins\/wp-review-slider-pro-premium\/public\/partials\/imgs\/loading_ripple.gif\" class=\"wprppagination_loading_image \" style=\"display:none;\" alt=\"\" title=\"\"><\/div><\/div><\/div>[\/et_pb_text][\/et_pb_column][\/et_pb_row][\/et_pb_section]<\/p>\n","protected":false},"excerpt":{"rendered":"<p>Inmobiliaria BarcelonaPg. de Gr\u00e0cia, 95, 1r 1aL&#8217;Eixample, 08008 Barcelona+34 934 67 21 97info@llachserra.comConsultor\u00eda inmobiliaria y gesti\u00f3n de fincas en Barcelona Llach Serra Associats somos una inmobiliaria de referencia, especializada en la gesti\u00f3n de fincas y consultor\u00eda inmobiliaria. Como administradores de fincas en Barcelona, ofrecemos servicios integrales que incluyen la administraci\u00f3n Nos centramos en ofrecer un [&hellip;]<\/p>\n","protected":false},"author":1,"featured_media":0,"parent":0,"menu_order":0,"comment_status":"closed","ping_status":"closed","template":"","meta":{"_acf_changed":false,"_et_pb_use_builder":"on","_et_pb_old_content":"","_et_gb_content_width":"","footnotes":""},"class_list":["post-1312","page","type-page","status-publish","hentry"],"acf":[],"_links":{"self":[{"href":"https:\/\/www.llachserra.com\/es\/wp-json\/wp\/v2\/pages\/1312","targetHints":{"allow":["GET"]}}],"collection":[{"href":"https:\/\/www.llachserra.com\/es\/wp-json\/wp\/v2\/pages"}],"about":[{"href":"https:\/\/www.llachserra.com\/es\/wp-json\/wp\/v2\/types\/page"}],"author":[{"embeddable":true,"href":"https:\/\/www.llachserra.com\/es\/wp-json\/wp\/v2\/users\/1"}],"replies":[{"embeddable":true,"href":"https:\/\/www.llachserra.com\/es\/wp-json\/wp\/v2\/comments?post=1312"}],"version-history":[{"count":8,"href":"https:\/\/www.llachserra.com\/es\/wp-json\/wp\/v2\/pages\/1312\/revisions"}],"predecessor-version":[{"id":44017,"href":"https:\/\/www.llachserra.com\/es\/wp-json\/wp\/v2\/pages\/1312\/revisions\/44017"}],"wp:attachment":[{"href":"https:\/\/www.llachserra.com\/es\/wp-json\/wp\/v2\/media?parent=1312"}],"curies":[{"name":"wp","href":"https:\/\/api.w.org\/{rel}","templated":true}]}}