{"id":1309,"date":"2024-09-09T12:21:05","date_gmt":"2024-09-09T10:21:05","guid":{"rendered":"https:\/\/www.llachserra.com\/llach-serra-vilafranca\/"},"modified":"2025-11-19T10:51:52","modified_gmt":"2025-11-19T08:51:52","slug":"imobiliaria-vilafranca","status":"publish","type":"page","link":"https:\/\/www.llachserra.com\/es\/imobiliaria-vilafranca\/","title":{"rendered":"Llach Serra &#8211; Inmobiliaria en Vilafranca del Pened\u00e8s"},"content":{"rendered":"<p>[et_pb_section fb_built=\u00bb1&#8243; _builder_version=\u00bb4.26.0&#8243; _module_preset=\u00bbdefault\u00bb custom_margin=\u00bb50px||||false|false\u00bb custom_margin_tablet=\u00bb0px||||false|false\u00bb custom_margin_phone=\u00bb0px||||false|false\u00bb custom_margin_last_edited=\u00bbon|phone\u00bb global_colors_info=\u00bb{}\u00bb][et_pb_row _builder_version=\u00bb4.26.0&#8243; _module_preset=\u00bbdefault\u00bb width=\u00bb100%\u00bb global_colors_info=\u00bb{}\u00bb][et_pb_column type=\u00bb4_4&#8243; _builder_version=\u00bb4.26.0&#8243; _module_preset=\u00bbdefault\u00bb global_colors_info=\u00bb{}\u00bb][et_pb_text module_class=\u00bbh1&#8243; _builder_version=\u00bb4.27.0&#8243; _module_preset=\u00bbdefault\u00bb header_text_align=\u00bbcenter\u00bb header_font_size_tablet=\u00bb\u00bb header_font_size_phone=\u00bb\u00bb header_font_size_last_edited=\u00bbon|desktop\u00bb global_colors_info=\u00bb{}\u00bb]<\/p>\n<h1>Inmobiliaria<br \/>Vilafranca del Pened\u00e8s<\/h1>\n<p>[\/et_pb_text][\/et_pb_column][\/et_pb_row][et_pb_row column_structure=\u00bb1_3,1_3,1_3&#8243; _builder_version=\u00bb4.27.0&#8243; _module_preset=\u00bbdefault\u00bb custom_css_main_element=\u00bbdisplay: flex;||flex-wrap: wrap;||align-items: center;\u00bb global_colors_info=\u00bb{}\u00bb][et_pb_column type=\u00bb1_3&#8243; _builder_version=\u00bb4.27.0&#8243; _module_preset=\u00bbdefault\u00bb global_colors_info=\u00bb{}\u00bb][et_pb_blurb use_icon=\u00bbon\u00bb font_icon=\u00bb&#xe081;||divi||400&#8243; icon_placement=\u00bbleft\u00bb _builder_version=\u00bb4.27.4&#8243; _module_preset=\u00bbdefault\u00bb custom_css_blurb_image=\u00bbmargin-bottom: 0;\u00bb custom_css_blurb_content=\u00bbdisplay: flex;||justify-content: center;||align-items: center;\u00bb global_colors_info=\u00bb{}\u00bb]<\/p>\n<p><a href=\"https:\/\/www.google.com\/maps\/place\/Avinguda+de+Tarragona,+40,+08720+Vilafranca+del+Pened%C3%A8s,+Barcelona\/@41.3433044,1.6918785,16z\/data=!3m1!4b1!4m6!3m5!1s0x12a4798ca1e56761:0x579abaa03aa28b6a!8m2!3d41.3433045!4d1.6967494!16s%2Fg%2F11cpgt9kqc?entry=ttu&amp;g_ep=EgoyMDI1MTAxNC4wIKXMDSoASAFQAw%3D%3D\" target=\"_blank\" rel=\"noopener\">Av, Tarragona, 40<\/a><br \/><a href=\"https:\/\/www.google.com\/maps\/place\/Avinguda+de+Tarragona,+40,+08720+Vilafranca+del+Pened%C3%A8s,+Barcelona\/@41.3433044,1.6918785,16z\/data=!3m1!4b1!4m6!3m5!1s0x12a4798ca1e56761:0x579abaa03aa28b6a!8m2!3d41.3433045!4d1.6967494!16s%2Fg%2F11cpgt9kqc?entry=ttu&amp;g_ep=EgoyMDI1MTAxNC4wIKXMDSoASAFQAw%3D%3D\" target=\"_blank\" rel=\"noopener\">08720 Vilafranca del Pened\u00e8s<\/a><\/p>\n<p>[\/et_pb_blurb][\/et_pb_column][et_pb_column type=\u00bb1_3&#8243; _builder_version=\u00bb4.27.0&#8243; _module_preset=\u00bbdefault\u00bb global_colors_info=\u00bb{}\u00bb][et_pb_blurb use_icon=\u00bbon\u00bb font_icon=\u00bb&#xf879;||fa||900&#8243; icon_placement=\u00bbleft\u00bb _builder_version=\u00bb4.27.0&#8243; _module_preset=\u00bbdefault\u00bb custom_css_blurb_image=\u00bbmargin-bottom: 0;\u00bb custom_css_blurb_content=\u00bbdisplay: flex;||justify-content: center;||align-items: center;\u00bb global_colors_info=\u00bb{}\u00bb]<\/p>\n<p><a href=\"tel:+34938172714\" target=\"_blank\" rel=\"noopener\">+34 938 17 27 14<\/a><\/p>\n<p>[\/et_pb_blurb][\/et_pb_column][et_pb_column type=\u00bb1_3&#8243; _builder_version=\u00bb4.27.0&#8243; _module_preset=\u00bbdefault\u00bb global_colors_info=\u00bb{}\u00bb][et_pb_blurb use_icon=\u00bbon\u00bb font_icon=\u00bb&#xe081;||divi||400&#8243; icon_placement=\u00bbleft\u00bb _builder_version=\u00bb4.27.0&#8243; _module_preset=\u00bbdefault\u00bb custom_css_blurb_image=\u00bbmargin-bottom: 0;\u00bb custom_css_blurb_content=\u00bbdisplay: flex;||justify-content: center;||align-items: center;\u00bb global_colors_info=\u00bb{}\u00bb]<\/p>\n<p><a href=\"mailto:info@llachserra.com\" target=\"_blank\" rel=\"noopener\">info@llachserra.com<\/a><\/p>\n<p>[\/et_pb_blurb][\/et_pb_column][\/et_pb_row][\/et_pb_section][et_pb_section fb_built=\u00bb1&#8243; _builder_version=\u00bb4.26.0&#8243; _module_preset=\u00bbdefault\u00bb global_colors_info=\u00bb{}\u00bb][et_pb_row column_structure=\u00bb1_2,1_2&#8243; make_equal=\u00bbon\u00bb _builder_version=\u00bb4.26.0&#8243; _module_preset=\u00bbdefault\u00bb custom_padding=\u00bb0px||0px||true|false\u00bb custom_css_main_element=\u00bbalign-items:center;\u00bb global_colors_info=\u00bb{}\u00bb][et_pb_column type=\u00bb1_2&#8243; _builder_version=\u00bb4.26.0&#8243; _module_preset=\u00bbdefault\u00bb global_colors_info=\u00bb{}\u00bb][et_pb_cta button_url=\u00bb@ET-DC@eyJkeW5hbWljIjp0cnVlLCJjb250ZW50IjoicG9zdF9saW5rX3VybF9wYWdlIiwic2V0dGluZ3MiOnsicG9zdF9pZCI6IjMzMiIsImVuYWJsZV9odG1sIjoib2ZmIn19@\u00bb button_text=\u00bbContacta con nosotros\u00bb _builder_version=\u00bb4.27.0&#8243; _dynamic_attributes=\u00bbbutton_url\u00bb _module_preset=\u00bbff9b9835-9a2a-43b8-9cf4-976f97bd4cb5&#8243; text_orientation=\u00bbleft\u00bb background_layout=\u00bblight\u00bb global_colors_info=\u00bb{}\u00bb]<\/p>\n<h2>Gesti\u00f3n integral de fincas en Vilafranca<br \/>del Pened\u00e8s<\/h2>\n<p>Llach Serra  Associats se posiciona como una inmobiliaria de referencia en la gesti\u00f3n de fincas en la capital del Alt Pened\u00e8s.<\/p>\n<p>Como administradores de fincas, ofrecemos servicios completos en la administraci\u00f3n de alquileres, venta y compra de propiedades, as\u00ed como en la gesti\u00f3n de comunidades. Nos enfocamos en proporcionar un servicio personalizado y cercano, asegurando una gesti\u00f3n eficiente y adaptada a las necesidades del mercado local.<\/p>\n<p>Si necesitas administraci\u00f3n de fincas en Vilafranca del Pened\u00e8s, estamos aqu\u00ed para ayudarte con soluciones integrales y de confianza.[\/et_pb_cta][\/et_pb_column][et_pb_column type=\u00bb1_2&#8243; _builder_version=\u00bb4.26.0&#8243; _module_preset=\u00bbdefault\u00bb global_colors_info=\u00bb{}\u00bb][et_pb_image src=\u00bbhttps:\/\/www.llachserra.com\/wp-content\/uploads\/2025\/11\/Nou-espai-LLach-Serra.jpg\u00bb alt=\u00bbOficinas Llach Serra Vilafranca\u00bb title_text=\u00bbllach-serra-vilafranca\u00bb align=\u00bbright\u00bb force_fullwidth=\u00bbon\u00bb align_tablet=\u00bbcenter\u00bb align_phone=\u00bbleft\u00bb align_last_edited=\u00bbon|desktop\u00bb _builder_version=\u00bb4.27.4&#8243; _module_preset=\u00bbdefault\u00bb hover_enabled=\u00bb0&#8243; global_colors_info=\u00bb{}\u00bb sticky_enabled=\u00bb0&#8243;][\/et_pb_image][\/et_pb_column][\/et_pb_row][\/et_pb_section][et_pb_section fb_built=\u00bb1&#8243; _builder_version=\u00bb4.26.0&#8243; _module_preset=\u00bbdefault\u00bb background_color=\u00bb#c2c9d5&#8243; global_colors_info=\u00bb{}\u00bb][et_pb_row _builder_version=\u00bb4.26.0&#8243; _module_preset=\u00bbdefault\u00bb global_colors_info=\u00bb{}\u00bb][et_pb_column type=\u00bb4_4&#8243; _builder_version=\u00bb4.26.0&#8243; _module_preset=\u00bbdefault\u00bb global_colors_info=\u00bb{}\u00bb][et_pb_cta title=\u00bbNuestros servicios inmobiliarios\u00bb button_url=\u00bbhttps:\/\/www.llachserra.com\/propietats\/?search=&#038;sortby=price&#038;sorttype=DESC?\u00bb button_text=\u00bbBusca las propiedades disponibles en Vilafranca\u00bb _builder_version=\u00bb4.27.0&#8243; _module_preset=\u00bb0dc46d76-e456-4227-b4f4-e8121a4e39b6&#8243; custom_padding=\u00bb|120px||120px|false|true\u00bb custom_padding_tablet=\u00bb|30px||30px|false|true\u00bb custom_padding_phone=\u00bb|30px||30px|false|true\u00bb custom_padding_last_edited=\u00bbon|phone\u00bb global_colors_info=\u00bb{}\u00bb]<\/p>\n<p>En Llach Serra Associats sabemos que cada cliente es \u00fanico, por eso adaptamos nuestros servicios a tus necesidades particulares. Nuestro enfoque personalizado nos permite ofrecer opciones inmobiliarias de calidad que se ajusten a tus expectativas, zona y presupuesto.<\/p>\n<p>En un mercado tan competitivo como el de Vilafranca del Pened\u00e8s, sabemos que elegir la inmobiliaria adecuada puede marcar la diferencia. Por eso, trabajamos de forma constante para ofrecerte una experiencia completa, combinando conocimiento local y experiencia en el mercado para encontrar la propiedad ideal.<\/p>\n<p>[\/et_pb_cta][\/et_pb_column][\/et_pb_row][\/et_pb_section][et_pb_section fb_built=\u00bb1&#8243; _builder_version=\u00bb4.26.0&#8243; _module_preset=\u00bbdefault\u00bb global_colors_info=\u00bb{}\u00bb][et_pb_row column_structure=\u00bb1_2,1_2&#8243; make_equal=\u00bbon\u00bb module_class=\u00bbreverse\u00bb _builder_version=\u00bb4.26.0&#8243; _module_preset=\u00bbdefault\u00bb custom_padding=\u00bb0px||0px||true|false\u00bb custom_css_main_element=\u00bbalign-items:center;\u00bb global_colors_info=\u00bb{}\u00bb][et_pb_column type=\u00bb1_2&#8243; _builder_version=\u00bb4.26.0&#8243; _module_preset=\u00bbdefault\u00bb global_colors_info=\u00bb{}\u00bb][et_pb_cta title=\u00bbNuestro equipo en Vilafranca del Pened\u00e8s\u00bb button_url=\u00bb@ET-DC@eyJkeW5hbWljIjp0cnVlLCJjb250ZW50IjoicG9zdF9saW5rX3VybF9wYWdlIiwic2V0dGluZ3MiOnsicG9zdF9pZCI6IjMzMiIsImVuYWJsZV9odG1sIjoib2ZmIn19@\u00bb button_text=\u00bbContacta con nosotros\u00bb _builder_version=\u00bb4.27.0&#8243; _dynamic_attributes=\u00bbbutton_url\u00bb _module_preset=\u00bbff9b9835-9a2a-43b8-9cf4-976f97bd4cb5&#8243; text_orientation=\u00bbleft\u00bb background_layout=\u00bblight\u00bb global_colors_info=\u00bb{}\u00bb]<\/p>\n<p>Somos un equipo dedicado y apasionado con una amplia experiencia en el mercado inmobiliario en la zona del Pened\u00e8s, Garraf y Anoia. Nuestra misi\u00f3n es ofrecerte las mejores soluciones, ya sea para comprar, vender, alquilar o invertir en fincas.<\/p>\n<p>A Llach Serra Associats, nos caracteriza la transparencia en cada paso del proceso. Como administradores de fincas en Vilafranca del Pened\u00e8s, nuestro equipo de expertos est\u00e1 ah\u00ed para resolver tus dudas y guiarte en todo momento, asegurando una gesti\u00f3n clara y eficiente.<\/p>\n<p>[\/et_pb_cta][\/et_pb_column][et_pb_column type=\u00bb1_2&#8243; _builder_version=\u00bb4.26.0&#8243; _module_preset=\u00bbdefault\u00bb global_colors_info=\u00bb{}\u00bb][et_pb_image src=\u00bbhttps:\/\/www.llachserra.com\/wp-content\/uploads\/2024\/07\/Administracion-de-lloguers-Llach-Serra.jpg\u00bb alt=\u00bbConsultor\u00eda inmobiliaria para proyectos de inversi\u00f3n | Llach Serra\u00bb title_text=\u00bbAdministracio\u0301n de alquileres Llach Serra\u00bb align_tablet=\u00bbcenter\u00bb align_phone=\u00bbleft\u00bb align_last_edited=\u00bbon|phone\u00bb _builder_version=\u00bb4.27.0&#8243; _module_preset=\u00bbdefault\u00bb global_colors_info=\u00bb{}\u00bb][\/et_pb_image][\/et_pb_column][\/et_pb_row][\/et_pb_section][et_pb_section fb_built=\u00bb1&#8243; disabled_on=\u00bboff|off|off\u00bb _builder_version=\u00bb4.27.4&#8243; _module_preset=\u00bbdefault\u00bb custom_padding=\u00bb0px||||false|false\u00bb locked=\u00bboff\u00bb global_colors_info=\u00bb{}\u00bb][et_pb_row _builder_version=\u00bb4.27.4&#8243; _module_preset=\u00bbdefault\u00bb global_colors_info=\u00bb{}\u00bb][et_pb_column type=\u00bb4_4&#8243; _builder_version=\u00bb4.27.4&#8243; _module_preset=\u00bbdefault\u00bb global_colors_info=\u00bb{}\u00bb][et_pb_cta title=\u00bbValora tu inmueble de forma gratuita e inmediata\u00bb button_url=\u00bb@ET-DC@eyJkeW5hbWljIjp0cnVlLCJjb250ZW50IjoicG9zdF9saW5rX3VybF9wYWdlIiwic2V0dGluZ3MiOnsicG9zdF9pZCI6IjM2NTk5IiwiZW5hYmxlX2h0bWwiOiJvZmYifX0=@\u00bb button_text=\u00bbDescubre el valor de tu inmueble\u00bb _builder_version=\u00bb4.27.4&#8243; _dynamic_attributes=\u00bbbutton_url\u00bb _module_preset=\u00bbdefault\u00bb global_colors_info=\u00bb{}\u00bb]<\/p>\n<p>Descubre el precio actual de tu inmueble con nuestra herramienta de valoraci\u00f3n gratuita. En tan s\u00f3lo unos minutos recibir\u00e1s una estimaci\u00f3n profesional basada en datos de mercado actuales. <\/p>\n<p>[\/et_pb_cta][\/et_pb_column][\/et_pb_row][\/et_pb_section][et_pb_section fb_built=\u00bb1&#8243; _builder_version=\u00bb4.26.0&#8243; _module_preset=\u00bbdefault\u00bb global_colors_info=\u00bb{}\u00bb][et_pb_row _builder_version=\u00bb4.26.0&#8243; _module_preset=\u00bbdefault\u00bb global_colors_info=\u00bb{}\u00bb][et_pb_column type=\u00bb4_4&#8243; _builder_version=\u00bb4.26.0&#8243; _module_preset=\u00bbdefault\u00bb global_colors_info=\u00bb{}\u00bb][et_pb_text _builder_version=\u00bb4.27.0&#8243; _module_preset=\u00bbdefault\u00bb global_colors_info=\u00bb{}\u00bb]<\/p>\n<h2>\u00bfNuestros clientes, qu\u00e9 opinan?<\/h2>\n<p>[\/et_pb_text][et_pb_text _builder_version=\u00bb4.27.0&#8243; _module_preset=\u00bbdefault\u00bb global_colors_info=\u00bb{}\u00bb]<div class=\"wprevpro-shortcode-wrapper\"><div><style>#wprev-slider-3 .wprevpro_star_imgs{color: #FDD314;}#wprev-slider-3 .wprsp-star{color: #FDD314;}#wprev-slider-3 .wprevpro_star_imgs span.svgicons {background: #FDD314;}#wprev-slider-3 .wprev_preview_bradius_T6 {border-radius: 4px;}#wprev-slider-3 .wprev_preview_bg1_T6 {background:#fdfdfd;}#wprev-slider-3 .wprev_preview_bg2_T6 {background:#eeeeee;}#wprev-slider-3 .wprev_preview_tcolor1_T6 {color:#555555;}#wprev-slider-3 .wprev_preview_tcolor2_T6 {color:#555555;}#wprev-slider-3 .wprev_preview_tcolor1_T6 {font-size:14px;line-height: normal;}#wprev-slider-3 .wprev_preview_tcolor2_T6 {font-size:10px;line-height: normal;}#wprev-slider-3 .outerrevdiv {transition: transform ease 400ms;} #wprev-slider-3 .outerrevdiv:hover{transform: translate(0, -4px);} #wprev-slider-3 .wprs_rd_more,.wprs_rd_less,.wprevpro_btn_show_rdpop{color:#426784;}#wprev-slider-3 .wprevpro_star_imgs span.svgicons {width: 18px; height: 18px;}#wprev-slider-3 .wprevsiteicon {height: 32px;}<\/style><\/div><div class=\"wprevpro wprev-no-slider \" id=\"wprev-slider-3\"><div class=\"wprevpro_t6_outer_div w3_wprs-row wprevprodiv\">\r\n<div class=\" wprevpro_t6_DIV_1 w3_wprs-col l4 outerrevdiv\">\r\n<div class=\"wpproslider_t6_DIV_1a\">\r\n\t<div class=\"indrevdiv wpproslider_t6_DIV_2 wprev_preview_bg1_T6 wprev_preview_bradius_T6\">\r\n\t<div class=\"wpproslider_t6_DIV_2_top\">\r\n\t\t<div class=\"wpproslider_t6_DIV_3L\" ><img decoding=\"async\" loading=\"lazy\" src=\"https:\/\/www.llachserra.com\/wp-content\/uploads\/wprevslider\/avatars\/1775779200_336.jpg\" alt=\"Lluis Esteban Gallego Avatar\" class=\"wpproslider_t6_IMG_2 wprevpro_avatarimg\" title=\"\"><\/div>\r\n\t\t<div class=\"wpproslider_t6_DIV_3\">\r\n\t\t\t<div class=\"t6displayname wpproslider_t6_STRONG_5 wprev_preview_tcolor2_T6\">Lluis Esteban Gallego<\/div>\r\n\t\t\t<div class=\"wpproslider_t6_star_DIV\"><span class=\"wprevpro_star_imgs_T6\"><span class=\"starloc1 starstyle2 wprevpro_star_imgs wprevpro_star_imgsloc1\"><span class=\"svgicons svg-wprsp-star\"><\/span><span class=\"starstyle2ratingnum\">5.0<\/span><\/span><\/span><\/div>\r\n\t\t\t<div class=\"wpproslider_t6_SPAN_6 wprev_preview_tcolor2_T6\"><span class=\"wprev_showdate_T6\">10\/04\/26<\/span><\/div>\r\n\t\t<\/div>\r\n\t<\/div>\r\n\t<div class=\" wpproslider_t6_DIV_4\">\r\n\t\t\t<div class=\"indrevtxt wpproslider_t6_P_4 wprev_preview_tcolor1_T6\"><div class='indrevtextscroll' data-ahover='' data-lines='4' data-revid='336'>\t\t\t\tMolt contents per l'ajuda que ens han donat l'Helena i l'Estel. Professionals que aporten solucions. Moltes gr\u00e0cies per tot!<\/div>\t\t\t<\/div>\r\n\t\t\t\t\t<\/div>\r\n\r\n\t<div class=\"wpproslider_t6_DIV_3_logo\"><\/div>\r\n\t<\/div>\r\n\t\r\n<\/div>\r\n\t\r\n<\/div>\r\n<div class=\" wprevpro_t6_DIV_1 w3_wprs-col l4 outerrevdiv\">\r\n<div class=\"wpproslider_t6_DIV_1a\">\r\n\t<div class=\"indrevdiv wpproslider_t6_DIV_2 wprev_preview_bg1_T6 wprev_preview_bradius_T6\">\r\n\t<div class=\"wpproslider_t6_DIV_2_top\">\r\n\t\t<div class=\"wpproslider_t6_DIV_3L\" ><img decoding=\"async\" loading=\"lazy\" src=\"https:\/\/www.llachserra.com\/wp-content\/uploads\/wprevslider\/avatars\/1775692800_337.jpg\" alt=\"Edgar Polo Avatar\" class=\"wpproslider_t6_IMG_2 wprevpro_avatarimg\" title=\"\"><\/div>\r\n\t\t<div class=\"wpproslider_t6_DIV_3\">\r\n\t\t\t<div class=\"t6displayname wpproslider_t6_STRONG_5 wprev_preview_tcolor2_T6\">Edgar Polo<\/div>\r\n\t\t\t<div class=\"wpproslider_t6_star_DIV\"><span class=\"wprevpro_star_imgs_T6\"><span class=\"starloc1 starstyle2 wprevpro_star_imgs wprevpro_star_imgsloc1\"><span class=\"svgicons svg-wprsp-star\"><\/span><span class=\"starstyle2ratingnum\">5.0<\/span><\/span><\/span><\/div>\r\n\t\t\t<div class=\"wpproslider_t6_SPAN_6 wprev_preview_tcolor2_T6\"><span class=\"wprev_showdate_T6\">09\/04\/26<\/span><\/div>\r\n\t\t<\/div>\r\n\t<\/div>\r\n\t<div class=\" wpproslider_t6_DIV_4\">\r\n\t\t\t<div class=\"indrevtxt wpproslider_t6_P_4 wprev_preview_tcolor1_T6\"><div class='indrevtextscroll' data-ahover='' data-lines='4' data-revid='337'>\t\t\t\tDesde el primer contacto un trato de genial y todo bien explicado, personal muy amable y claro sin complicaciones<\/div>\t\t\t<\/div>\r\n\t\t\t\t\t<\/div>\r\n\r\n\t<div class=\"wpproslider_t6_DIV_3_logo\"><\/div>\r\n\t<\/div>\r\n\t\r\n<\/div>\r\n\t\r\n<\/div>\r\n<div class=\" wprevpro_t6_DIV_1 w3_wprs-col l4 outerrevdiv\">\r\n<div class=\"wpproslider_t6_DIV_1a\">\r\n\t<div class=\"indrevdiv wpproslider_t6_DIV_2 wprev_preview_bg1_T6 wprev_preview_bradius_T6\">\r\n\t<div class=\"wpproslider_t6_DIV_2_top\">\r\n\t\t<div class=\"wpproslider_t6_DIV_3L\" ><img decoding=\"async\" loading=\"lazy\" src=\"https:\/\/www.llachserra.com\/wp-content\/uploads\/wprevslider\/avatars\/1775692800_338.jpg\" alt=\"Monta\u00f1\u00e1 Art\u00e9s Jorge Avatar\" class=\"wpproslider_t6_IMG_2 wprevpro_avatarimg\" title=\"\"><\/div>\r\n\t\t<div class=\"wpproslider_t6_DIV_3\">\r\n\t\t\t<div class=\"t6displayname wpproslider_t6_STRONG_5 wprev_preview_tcolor2_T6\">Monta\u00f1\u00e1 Art\u00e9s Jorge<\/div>\r\n\t\t\t<div class=\"wpproslider_t6_star_DIV\"><span class=\"wprevpro_star_imgs_T6\"><span class=\"starloc1 starstyle2 wprevpro_star_imgs wprevpro_star_imgsloc1\"><span class=\"svgicons svg-wprsp-star\"><\/span><span class=\"starstyle2ratingnum\">5.0<\/span><\/span><\/span><\/div>\r\n\t\t\t<div class=\"wpproslider_t6_SPAN_6 wprev_preview_tcolor2_T6\"><span class=\"wprev_showdate_T6\">09\/04\/26<\/span><\/div>\r\n\t\t<\/div>\r\n\t<\/div>\r\n\t<div class=\" wpproslider_t6_DIV_4\">\r\n\t\t\t<div class=\"indrevtxt wpproslider_t6_P_4 wprev_preview_tcolor1_T6\"><div class='indrevtextscroll' data-ahover='' data-lines='4' data-revid='338'>\t\t\t\tno ten\u00e9is nada que ver con Alquiler Seguro ni practicas semejantes, como Mediadores publicos entre inquilinos y propietarios y profesionales as\u00e9pticos, como no podria ser de otra manera<\/div>\t\t\t<\/div>\r\n\t\t<div class=\"wprev_media_div media_div_t0 1\"><a data-fslightbox=\"wprevprogallery338\" class=\"wprev_media_img_a notyoutu\" href=\"https:\/\/www.llachserra.com\/wp-content\/uploads\/wprevslider\/review-images\/review-image-69da2cf2bf18c-0.jpg\" data-type=\"image\"><img decoding=\"async\" loading=\"lazy\" src=\"https:\/\/www.llachserra.com\/wp-content\/uploads\/wprevslider\/review-images\/review-image-69da2cf2bf18c-0.jpg\" class=\"wprev_media_img\" alt=\"media thumbnail 0\" title=\"\"><\/a><\/div>\t\t\t<\/div>\r\n\r\n\t<div class=\"wpproslider_t6_DIV_3_logo\"><\/div>\r\n\t<\/div>\r\n\t\r\n<\/div>\r\n\t\r\n<\/div>\r\n<\/div>\r\n\r\n\t\t\t\t\t\t<div id=\"wppro_review_pagination3\"  class=\"wppro_pagination\" data-revsameheight=\"yes\" data-notinstring=\"336,337,338\" data-nrows=\"1\" data-ismasonry=\"no\" data-perrow=\"3\" data-cpostid=\"1309\" data-shortcodepageid=\"\" data-shortcodelang=\"\" data-shortcodetag=\"\" data-tid=\"3\" data-lastslidenum=\"43\" data-totalreviewsindb=\"128\">\r\n\t\t\t\t\t\t<ul class=\"wppro_page_numbers_ul\">\r\n\t\t\t\t\t\t\t<li><span class=\"brnprevclass wppro_page_numbers current\">1<\/span><\/li>\r\n\t\t\t\t\t\t\t<li><span class=\"brnprevclass wppro_page_numbers\">2<\/span><\/li>\r\n\t\t\t\t\t\t\t<li><span class=\"brnprevclass wppro_page_dots\">\u2026<\/span><\/li>\r\n\t\t\t\t\t\t\t<li><span class=\"brnprevclass wppro_page_numbers\">43<\/span><\/li>\r\n\t\t\t\t\t\t\t<li><span class=\"brnprevclass wppro_page_numbers next-button\">><\/span><\/li>\r\n\t\t\t\t\t\t<\/ul><img decoding=\"async\" src=\"https:\/\/www.llachserra.com\/wp-content\/plugins\/wp-review-slider-pro-premium\/public\/partials\/imgs\/loading_ripple.gif\" class=\"wprppagination_loading_image \" style=\"display:none;\" alt=\"\" title=\"\"><\/div><\/div><\/div>[\/et_pb_text][\/et_pb_column][\/et_pb_row][\/et_pb_section]<\/p>\n","protected":false},"excerpt":{"rendered":"<p>InmobiliariaVilafranca del Pened\u00e8sAv, Tarragona, 4008720 Vilafranca del Pened\u00e8s+34 938 17 27 14info@llachserra.comGesti\u00f3n integral de fincas en Vilafrancadel Pened\u00e8s Llach Serra Associats se posiciona como una inmobiliaria de referencia en la gesti\u00f3n de fincas en la capital del Alt Pened\u00e8s. Como administradores de fincas, ofrecemos servicios completos en la administraci\u00f3n de alquileres, venta y compra de [&hellip;]<\/p>\n","protected":false},"author":1,"featured_media":0,"parent":0,"menu_order":0,"comment_status":"closed","ping_status":"closed","template":"","meta":{"_acf_changed":false,"_et_pb_use_builder":"on","_et_pb_old_content":"","_et_gb_content_width":"","footnotes":""},"class_list":["post-1309","page","type-page","status-publish","hentry"],"acf":[],"_links":{"self":[{"href":"https:\/\/www.llachserra.com\/es\/wp-json\/wp\/v2\/pages\/1309","targetHints":{"allow":["GET"]}}],"collection":[{"href":"https:\/\/www.llachserra.com\/es\/wp-json\/wp\/v2\/pages"}],"about":[{"href":"https:\/\/www.llachserra.com\/es\/wp-json\/wp\/v2\/types\/page"}],"author":[{"embeddable":true,"href":"https:\/\/www.llachserra.com\/es\/wp-json\/wp\/v2\/users\/1"}],"replies":[{"embeddable":true,"href":"https:\/\/www.llachserra.com\/es\/wp-json\/wp\/v2\/comments?post=1309"}],"version-history":[{"count":17,"href":"https:\/\/www.llachserra.com\/es\/wp-json\/wp\/v2\/pages\/1309\/revisions"}],"predecessor-version":[{"id":46936,"href":"https:\/\/www.llachserra.com\/es\/wp-json\/wp\/v2\/pages\/1309\/revisions\/46936"}],"wp:attachment":[{"href":"https:\/\/www.llachserra.com\/es\/wp-json\/wp\/v2\/media?parent=1309"}],"curies":[{"name":"wp","href":"https:\/\/api.w.org\/{rel}","templated":true}]}}