{"id":1403,"date":"2024-09-09T12:21:05","date_gmt":"2024-09-09T10:21:05","guid":{"rendered":"https:\/\/www.llachserra.com\/real-estate-vilafranca\/"},"modified":"2025-11-19T10:53:52","modified_gmt":"2025-11-19T08:53:52","slug":"real-estate-vilafranca","status":"publish","type":"page","link":"https:\/\/www.llachserra.com\/en\/real-estate-vilafranca\/","title":{"rendered":"Llach Serra &#8211; Real estate in Vilafranca del Pened\u00e8s"},"content":{"rendered":"<p>[et_pb_section fb_built=&#8221;1&#8243; _builder_version=&#8221;4.26.0&#8243; _module_preset=&#8221;default&#8221; custom_margin=&#8221;50px||||false|false&#8221; custom_margin_tablet=&#8221;0px||||false|false&#8221; custom_margin_phone=&#8221;0px||||false|false&#8221; custom_margin_last_edited=&#8221;on|phone&#8221; global_colors_info=&#8221;{}&#8221;][et_pb_row _builder_version=&#8221;4.26.0&#8243; _module_preset=&#8221;default&#8221; width=&#8221;100%&#8221; global_colors_info=&#8221;{}&#8221;][et_pb_column type=&#8221;4_4&#8243; _builder_version=&#8221;4.26.0&#8243; _module_preset=&#8221;default&#8221; global_colors_info=&#8221;{}&#8221;][et_pb_text module_class=&#8221;h1&#8243; _builder_version=&#8221;4.27.0&#8243; _module_preset=&#8221;default&#8221; header_text_align=&#8221;center&#8221; header_font_size_tablet=&#8221;&#8221; header_font_size_phone=&#8221;&#8221; header_font_size_last_edited=&#8221;on|desktop&#8221; global_colors_info=&#8221;{}&#8221;]<\/p>\n<h1>Real Estate<br \/>Vilafranca del Pened\u00e8s<\/h1>\n<p>[\/et_pb_text][\/et_pb_column][\/et_pb_row][et_pb_row column_structure=&#8221;1_3,1_3,1_3&#8243; _builder_version=&#8221;4.27.0&#8243; _module_preset=&#8221;default&#8221; custom_css_main_element=&#8221;display: flex;||flex-wrap: wrap;||align-items: center;&#8221; global_colors_info=&#8221;{}&#8221;][et_pb_column type=&#8221;1_3&#8243; _builder_version=&#8221;4.27.0&#8243; _module_preset=&#8221;default&#8221; global_colors_info=&#8221;{}&#8221;][et_pb_blurb use_icon=&#8221;on&#8221; font_icon=&#8221;&#xe081;||divi||400&#8243; icon_placement=&#8221;left&#8221; _builder_version=&#8221;4.27.4&#8243; _module_preset=&#8221;default&#8221; custom_css_blurb_image=&#8221;margin-bottom: 0;&#8221; custom_css_blurb_content=&#8221;display: flex;||justify-content: center;||align-items: center;&#8221; global_colors_info=&#8221;{}&#8221;]<\/p>\n<p><a href=\"https:\/\/www.google.com\/maps\/place\/Avinguda+de+Tarragona,+40,+08720+Vilafranca+del+Pened%C3%A8s,+Barcelona\/@41.3433044,1.6918785,16z\/data=!3m1!4b1!4m6!3m5!1s0x12a4798ca1e56761:0x579abaa03aa28b6a!8m2!3d41.3433045!4d1.6967494!16s%2Fg%2F11cpgt9kqc?entry=ttu&amp;g_ep=EgoyMDI1MTAxNC4wIKXMDSoASAFQAw%3D%3D\" target=\"_blank\" rel=\"noopener\">Av, Tarragona, 40<\/a><br \/><a href=\"https:\/\/www.google.com\/maps\/place\/Avinguda+de+Tarragona,+40,+08720+Vilafranca+del+Pened%C3%A8s,+Barcelona\/@41.3433044,1.6918785,16z\/data=!3m1!4b1!4m6!3m5!1s0x12a4798ca1e56761:0x579abaa03aa28b6a!8m2!3d41.3433045!4d1.6967494!16s%2Fg%2F11cpgt9kqc?entry=ttu&amp;g_ep=EgoyMDI1MTAxNC4wIKXMDSoASAFQAw%3D%3D\" target=\"_blank\" rel=\"noopener\">08720 Vilafranca del Pened\u00e8s<\/a><\/p>\n<p>[\/et_pb_blurb][\/et_pb_column][et_pb_column type=&#8221;1_3&#8243; _builder_version=&#8221;4.27.0&#8243; _module_preset=&#8221;default&#8221; global_colors_info=&#8221;{}&#8221;][et_pb_blurb use_icon=&#8221;on&#8221; font_icon=&#8221;&#xf879;||fa||900&#8243; icon_placement=&#8221;left&#8221; _builder_version=&#8221;4.27.0&#8243; _module_preset=&#8221;default&#8221; custom_css_blurb_image=&#8221;margin-bottom: 0;&#8221; custom_css_blurb_content=&#8221;display: flex;||justify-content: center;||align-items: center;&#8221; global_colors_info=&#8221;{}&#8221;]<\/p>\n<p><a href=\"tel:+34938172714\" target=\"_blank\" rel=\"noopener\">+34 938 17 27 14<\/a><\/p>\n<p>[\/et_pb_blurb][\/et_pb_column][et_pb_column type=&#8221;1_3&#8243; _builder_version=&#8221;4.27.0&#8243; _module_preset=&#8221;default&#8221; global_colors_info=&#8221;{}&#8221;][et_pb_blurb use_icon=&#8221;on&#8221; font_icon=&#8221;&#xe081;||divi||400&#8243; icon_placement=&#8221;left&#8221; _builder_version=&#8221;4.27.0&#8243; _module_preset=&#8221;default&#8221; custom_css_blurb_image=&#8221;margin-bottom: 0;&#8221; custom_css_blurb_content=&#8221;display: flex;||justify-content: center;||align-items: center;&#8221; global_colors_info=&#8221;{}&#8221;]<\/p>\n<p><a href=\"mailto:info@llachserra.com\" target=\"_blank\" rel=\"noopener\">info@llachserra.com<\/a><\/p>\n<p>[\/et_pb_blurb][\/et_pb_column][\/et_pb_row][\/et_pb_section][et_pb_section fb_built=&#8221;1&#8243; _builder_version=&#8221;4.26.0&#8243; _module_preset=&#8221;default&#8221; global_colors_info=&#8221;{}&#8221;][et_pb_row column_structure=&#8221;1_2,1_2&#8243; make_equal=&#8221;on&#8221; _builder_version=&#8221;4.26.0&#8243; _module_preset=&#8221;default&#8221; custom_padding=&#8221;0px||0px||true|false&#8221; custom_css_main_element=&#8221;align-items:center;&#8221; global_colors_info=&#8221;{}&#8221;][et_pb_column type=&#8221;1_2&#8243; _builder_version=&#8221;4.26.0&#8243; _module_preset=&#8221;default&#8221; global_colors_info=&#8221;{}&#8221;][et_pb_cta button_url=&#8221;@ET-DC@eyJkeW5hbWljIjp0cnVlLCJjb250ZW50IjoicG9zdF9saW5rX3VybF9wYWdlIiwic2V0dGluZ3MiOnsicG9zdF9pZCI6IjMzMiIsImVuYWJsZV9odG1sIjoib2ZmIn19@&#8221; button_text=&#8221;Contact us&#8221; _builder_version=&#8221;4.27.0&#8243; _dynamic_attributes=&#8221;button_url&#8221; _module_preset=&#8221;ff9b9835-9a2a-43b8-9cf4-976f97bd4cb5&#8243; text_orientation=&#8221;left&#8221; background_layout=&#8221;light&#8221; global_colors_info=&#8221;{}&#8221;]<\/p>\n<h2>Comprehensive property management<br \/>in Vilafranca del Pened\u00e8s<\/h2>\n<p>Llach Serra  Associats is positioned as a real estate company of reference in the management of estates in the capital of Alt Pened\u00e8s.<\/p>\n<p>As property managers, we offer complete services in the administration of rentals, sale and purchase of properties, as well as in the management of communities. We focus on providing a personalized and close service, ensuring efficient management adapted to the needs of the local market.<\/p>\n<p>If you need estate administration in Vilafranca del Pened\u00e8s, we are here to help you with comprehensive and reliable solutions.[\/et_pb_cta][\/et_pb_column][et_pb_column type=&#8221;1_2&#8243; _builder_version=&#8221;4.26.0&#8243; _module_preset=&#8221;default&#8221; global_colors_info=&#8221;{}&#8221;][et_pb_image src=&#8221;https:\/\/www.llachserra.com\/wp-content\/uploads\/2025\/11\/Nou-espai-LLach-Serra.jpg&#8221; alt=&#8221;Llach Serra Vilafranca Offices&#8221; title_text=&#8221;Nou-espai-LLach-Serra&#8221; align=&#8221;right&#8221; force_fullwidth=&#8221;on&#8221; align_tablet=&#8221;center&#8221; align_phone=&#8221;left&#8221; align_last_edited=&#8221;on|desktop&#8221; _builder_version=&#8221;4.27.4&#8243; _module_preset=&#8221;default&#8221; hover_enabled=&#8221;0&#8243; global_colors_info=&#8221;{}&#8221; sticky_enabled=&#8221;0&#8243;][\/et_pb_image][\/et_pb_column][\/et_pb_row][\/et_pb_section][et_pb_section fb_built=&#8221;1&#8243; _builder_version=&#8221;4.26.0&#8243; _module_preset=&#8221;default&#8221; background_color=&#8221;#c2c9d5&#8243; global_colors_info=&#8221;{}&#8221;][et_pb_row _builder_version=&#8221;4.26.0&#8243; _module_preset=&#8221;default&#8221; global_colors_info=&#8221;{}&#8221;][et_pb_column type=&#8221;4_4&#8243; _builder_version=&#8221;4.26.0&#8243; _module_preset=&#8221;default&#8221; global_colors_info=&#8221;{}&#8221;][et_pb_cta title=&#8221;Our real estate services&#8221; button_url=&#8221;https:\/\/www.llachserra.com\/propietats\/?search=&#038;sortby=price&#038;sorttype=DESC?&#8221; button_text=&#8221;Search for available properties in Alt Pened\u00e8s&#8221; _builder_version=&#8221;4.27.0&#8243; _module_preset=&#8221;0dc46d76-e456-4227-b4f4-e8121a4e39b6&#8243; custom_padding=&#8221;|120px||120px|false|true&#8221; custom_padding_tablet=&#8221;|30px||30px|false|true&#8221; custom_padding_phone=&#8221;|30px||30px|false|true&#8221; custom_padding_last_edited=&#8221;on|phone&#8221; global_colors_info=&#8221;{}&#8221;]<\/p>\n<p>At Llach Serra  Associats we know that each client is unique, which is why we adapt our services to your particular needs. Our personalized approach allows us to offer quality real estate options that fit your expectations, area and budget.<\/p>\n<p>In a market as competitive as that of Vilafranca del Pened\u00e8s, we know that choosing the right real estate can make the difference. That&#8217;s why we work constantly to offer you a complete experience, combining local knowledge and market experience to find the ideal property.<\/p>\n<p>[\/et_pb_cta][\/et_pb_column][\/et_pb_row][\/et_pb_section][et_pb_section fb_built=&#8221;1&#8243; _builder_version=&#8221;4.26.0&#8243; _module_preset=&#8221;default&#8221; global_colors_info=&#8221;{}&#8221;][et_pb_row column_structure=&#8221;1_2,1_2&#8243; make_equal=&#8221;on&#8221; module_class=&#8221;reverse&#8221; _builder_version=&#8221;4.26.0&#8243; _module_preset=&#8221;default&#8221; custom_padding=&#8221;0px||0px||true|false&#8221; custom_css_main_element=&#8221;align-items:center;&#8221; global_colors_info=&#8221;{}&#8221;][et_pb_column type=&#8221;1_2&#8243; _builder_version=&#8221;4.26.0&#8243; _module_preset=&#8221;default&#8221; global_colors_info=&#8221;{}&#8221;][et_pb_cta title=&#8221;Our team in Vilafranca del Pened\u00e8s&#8221; button_url=&#8221;@ET-DC@eyJkeW5hbWljIjp0cnVlLCJjb250ZW50IjoicG9zdF9saW5rX3VybF9wYWdlIiwic2V0dGluZ3MiOnsicG9zdF9pZCI6IjMzMiIsImVuYWJsZV9odG1sIjoib2ZmIn19@&#8221; button_text=&#8221;Contact us&#8221; _builder_version=&#8221;4.27.0&#8243; _dynamic_attributes=&#8221;button_url&#8221; _module_preset=&#8221;ff9b9835-9a2a-43b8-9cf4-976f97bd4cb5&#8243; text_orientation=&#8221;left&#8221; background_layout=&#8221;light&#8221; global_colors_info=&#8221;{}&#8221;]<\/p>\n<p>We are a dedicated and passionate team with extensive experience in the real estate market in the Pened\u00e8s, Garraf and Anoia area. Our mission is to offer you the best solutions, whether to buy, sell, rent or invest in properties.<\/p>\n<p>At Llach Serra  Associats, we are characterized by transparency in every step of the process. As property managers in Vilafranca del Pened\u00e8s, our team of experts is here to answer your questions and guide you at all times, ensuring clear and efficient management.<\/p>\n<p>[\/et_pb_cta][\/et_pb_column][et_pb_column type=&#8221;1_2&#8243; _builder_version=&#8221;4.26.0&#8243; _module_preset=&#8221;default&#8221; global_colors_info=&#8221;{}&#8221;][et_pb_image src=&#8221;https:\/\/www.llachserra.com\/wp-content\/uploads\/2024\/07\/Administracion-de-lloguers-Llach-Serra.jpg&#8221; alt=&#8221;Real estate consultancy for investment projects | Llach Serra&#8221; title_text=&#8221;Rent administration service Llach Serra.&#8221; align_tablet=&#8221;center&#8221; align_phone=&#8221;left&#8221; align_last_edited=&#8221;on|phone&#8221; _builder_version=&#8221;4.27.0&#8243; _module_preset=&#8221;default&#8221; global_colors_info=&#8221;{}&#8221;][\/et_pb_image][\/et_pb_column][\/et_pb_row][\/et_pb_section][et_pb_section fb_built=&#8221;1&#8243; disabled_on=&#8221;off|off|off&#8221; _builder_version=&#8221;4.27.4&#8243; _module_preset=&#8221;default&#8221; custom_padding=&#8221;0px||||false|false&#8221; locked=&#8221;off&#8221; global_colors_info=&#8221;{}&#8221;][et_pb_row _builder_version=&#8221;4.27.4&#8243; _module_preset=&#8221;default&#8221; global_colors_info=&#8221;{}&#8221;][et_pb_column type=&#8221;4_4&#8243; _builder_version=&#8221;4.27.4&#8243; _module_preset=&#8221;default&#8221; global_colors_info=&#8221;{}&#8221;][et_pb_cta title=&#8221;Value your property for free and immediately&#8221; button_url=&#8221;@ET-DC@eyJkeW5hbWljIjp0cnVlLCJjb250ZW50IjoicG9zdF9saW5rX3VybF9wYWdlIiwic2V0dGluZ3MiOnsicG9zdF9pZCI6IjM2NTk5IiwiZW5hYmxlX2h0bWwiOiJvZmYifX0=@&#8221; button_text=&#8221;Discover the value of your property&#8221; _builder_version=&#8221;4.27.4&#8243; _dynamic_attributes=&#8221;button_url&#8221; _module_preset=&#8221;default&#8221; global_colors_info=&#8221;{}&#8221;]<\/p>\n<p>Find out the current price of your property with our free valuation tool. In just a few minutes you will receive a professional estimate based on current market data. <\/p>\n<p>[\/et_pb_cta][\/et_pb_column][\/et_pb_row][\/et_pb_section][et_pb_section fb_built=&#8221;1&#8243; _builder_version=&#8221;4.26.0&#8243; _module_preset=&#8221;default&#8221; global_colors_info=&#8221;{}&#8221;][et_pb_row _builder_version=&#8221;4.26.0&#8243; _module_preset=&#8221;default&#8221; global_colors_info=&#8221;{}&#8221;][et_pb_column type=&#8221;4_4&#8243; _builder_version=&#8221;4.26.0&#8243; _module_preset=&#8221;default&#8221; global_colors_info=&#8221;{}&#8221;][et_pb_text _builder_version=&#8221;4.27.0&#8243; _module_preset=&#8221;default&#8221; global_colors_info=&#8221;{}&#8221;]<\/p>\n<h2>What do our customers think?<\/h2>\n<p>[\/et_pb_text][et_pb_text _builder_version=&#8221;4.27.0&#8243; _module_preset=&#8221;default&#8221; global_colors_info=&#8221;{}&#8221;]<div class=\"wprevpro-shortcode-wrapper\"><div><style>#wprev-slider-3 .wprevpro_star_imgs{color: #FDD314;}#wprev-slider-3 .wprsp-star{color: #FDD314;}#wprev-slider-3 .wprevpro_star_imgs span.svgicons {background: #FDD314;}#wprev-slider-3 .wprev_preview_bradius_T6 {border-radius: 4px;}#wprev-slider-3 .wprev_preview_bg1_T6 {background:#fdfdfd;}#wprev-slider-3 .wprev_preview_bg2_T6 {background:#eeeeee;}#wprev-slider-3 .wprev_preview_tcolor1_T6 {color:#555555;}#wprev-slider-3 .wprev_preview_tcolor2_T6 {color:#555555;}#wprev-slider-3 .wprev_preview_tcolor1_T6 {font-size:14px;line-height: normal;}#wprev-slider-3 .wprev_preview_tcolor2_T6 {font-size:10px;line-height: normal;}#wprev-slider-3 .outerrevdiv {transition: transform ease 400ms;} #wprev-slider-3 .outerrevdiv:hover{transform: translate(0, -4px);} #wprev-slider-3 .wprs_rd_more,.wprs_rd_less,.wprevpro_btn_show_rdpop{color:#426784;}#wprev-slider-3 .wprevpro_star_imgs span.svgicons {width: 18px; height: 18px;}#wprev-slider-3 .wprevsiteicon {height: 32px;}<\/style><\/div><div class=\"wprevpro wprev-no-slider \" id=\"wprev-slider-3\"><div class=\"wprevpro_t6_outer_div w3_wprs-row wprevprodiv\">\r\n<div class=\" wprevpro_t6_DIV_1 w3_wprs-col l4 outerrevdiv\">\r\n<div class=\"wpproslider_t6_DIV_1a\">\r\n\t<div class=\"indrevdiv wpproslider_t6_DIV_2 wprev_preview_bg1_T6 wprev_preview_bradius_T6\">\r\n\t<div class=\"wpproslider_t6_DIV_2_top\">\r\n\t\t<div class=\"wpproslider_t6_DIV_3L\" ><img decoding=\"async\" loading=\"lazy\" src=\"https:\/\/www.llachserra.com\/wp-content\/uploads\/wprevslider\/avatars\/1775779200_336.jpg\" alt=\"Lluis Esteban Gallego Avatar\" class=\"wpproslider_t6_IMG_2 wprevpro_avatarimg\" title=\"\"><\/div>\r\n\t\t<div class=\"wpproslider_t6_DIV_3\">\r\n\t\t\t<div class=\"t6displayname wpproslider_t6_STRONG_5 wprev_preview_tcolor2_T6\">Lluis Esteban Gallego<\/div>\r\n\t\t\t<div class=\"wpproslider_t6_star_DIV\"><span class=\"wprevpro_star_imgs_T6\"><span class=\"starloc1 starstyle2 wprevpro_star_imgs wprevpro_star_imgsloc1\"><span class=\"svgicons svg-wprsp-star\"><\/span><span class=\"starstyle2ratingnum\">5.0<\/span><\/span><\/span><\/div>\r\n\t\t\t<div class=\"wpproslider_t6_SPAN_6 wprev_preview_tcolor2_T6\"><span class=\"wprev_showdate_T6\">10\/04\/26<\/span><\/div>\r\n\t\t<\/div>\r\n\t<\/div>\r\n\t<div class=\" wpproslider_t6_DIV_4\">\r\n\t\t\t<div class=\"indrevtxt wpproslider_t6_P_4 wprev_preview_tcolor1_T6\"><div class='indrevtextscroll' data-ahover='' data-lines='4' data-revid='336'>\t\t\t\tMolt contents per l'ajuda que ens han donat l'Helena i l'Estel. Professionals que aporten solucions. Moltes gr\u00e0cies per tot!<\/div>\t\t\t<\/div>\r\n\t\t\t\t\t<\/div>\r\n\r\n\t<div class=\"wpproslider_t6_DIV_3_logo\"><\/div>\r\n\t<\/div>\r\n\t\r\n<\/div>\r\n\t\r\n<\/div>\r\n<div class=\" wprevpro_t6_DIV_1 w3_wprs-col l4 outerrevdiv\">\r\n<div class=\"wpproslider_t6_DIV_1a\">\r\n\t<div class=\"indrevdiv wpproslider_t6_DIV_2 wprev_preview_bg1_T6 wprev_preview_bradius_T6\">\r\n\t<div class=\"wpproslider_t6_DIV_2_top\">\r\n\t\t<div class=\"wpproslider_t6_DIV_3L\" ><img decoding=\"async\" loading=\"lazy\" src=\"https:\/\/www.llachserra.com\/wp-content\/uploads\/wprevslider\/avatars\/1775692800_337.jpg\" alt=\"Edgar Polo Avatar\" class=\"wpproslider_t6_IMG_2 wprevpro_avatarimg\" title=\"\"><\/div>\r\n\t\t<div class=\"wpproslider_t6_DIV_3\">\r\n\t\t\t<div class=\"t6displayname wpproslider_t6_STRONG_5 wprev_preview_tcolor2_T6\">Edgar Polo<\/div>\r\n\t\t\t<div class=\"wpproslider_t6_star_DIV\"><span class=\"wprevpro_star_imgs_T6\"><span class=\"starloc1 starstyle2 wprevpro_star_imgs wprevpro_star_imgsloc1\"><span class=\"svgicons svg-wprsp-star\"><\/span><span class=\"starstyle2ratingnum\">5.0<\/span><\/span><\/span><\/div>\r\n\t\t\t<div class=\"wpproslider_t6_SPAN_6 wprev_preview_tcolor2_T6\"><span class=\"wprev_showdate_T6\">09\/04\/26<\/span><\/div>\r\n\t\t<\/div>\r\n\t<\/div>\r\n\t<div class=\" wpproslider_t6_DIV_4\">\r\n\t\t\t<div class=\"indrevtxt wpproslider_t6_P_4 wprev_preview_tcolor1_T6\"><div class='indrevtextscroll' data-ahover='' data-lines='4' data-revid='337'>\t\t\t\tDesde el primer contacto un trato de genial y todo bien explicado, personal muy amable y claro sin complicaciones<\/div>\t\t\t<\/div>\r\n\t\t\t\t\t<\/div>\r\n\r\n\t<div class=\"wpproslider_t6_DIV_3_logo\"><\/div>\r\n\t<\/div>\r\n\t\r\n<\/div>\r\n\t\r\n<\/div>\r\n<div class=\" wprevpro_t6_DIV_1 w3_wprs-col l4 outerrevdiv\">\r\n<div class=\"wpproslider_t6_DIV_1a\">\r\n\t<div class=\"indrevdiv wpproslider_t6_DIV_2 wprev_preview_bg1_T6 wprev_preview_bradius_T6\">\r\n\t<div class=\"wpproslider_t6_DIV_2_top\">\r\n\t\t<div class=\"wpproslider_t6_DIV_3L\" ><img decoding=\"async\" loading=\"lazy\" src=\"https:\/\/www.llachserra.com\/wp-content\/uploads\/wprevslider\/avatars\/1775692800_338.jpg\" alt=\"Monta\u00f1\u00e1 Art\u00e9s Jorge Avatar\" class=\"wpproslider_t6_IMG_2 wprevpro_avatarimg\" title=\"\"><\/div>\r\n\t\t<div class=\"wpproslider_t6_DIV_3\">\r\n\t\t\t<div class=\"t6displayname wpproslider_t6_STRONG_5 wprev_preview_tcolor2_T6\">Monta\u00f1\u00e1 Art\u00e9s Jorge<\/div>\r\n\t\t\t<div class=\"wpproslider_t6_star_DIV\"><span class=\"wprevpro_star_imgs_T6\"><span class=\"starloc1 starstyle2 wprevpro_star_imgs wprevpro_star_imgsloc1\"><span class=\"svgicons svg-wprsp-star\"><\/span><span class=\"starstyle2ratingnum\">5.0<\/span><\/span><\/span><\/div>\r\n\t\t\t<div class=\"wpproslider_t6_SPAN_6 wprev_preview_tcolor2_T6\"><span class=\"wprev_showdate_T6\">09\/04\/26<\/span><\/div>\r\n\t\t<\/div>\r\n\t<\/div>\r\n\t<div class=\" wpproslider_t6_DIV_4\">\r\n\t\t\t<div class=\"indrevtxt wpproslider_t6_P_4 wprev_preview_tcolor1_T6\"><div class='indrevtextscroll' data-ahover='' data-lines='4' data-revid='338'>\t\t\t\tno ten\u00e9is nada que ver con Alquiler Seguro ni practicas semejantes, como Mediadores publicos entre inquilinos y propietarios y profesionales as\u00e9pticos, como no podria ser de otra manera<\/div>\t\t\t<\/div>\r\n\t\t<div class=\"wprev_media_div media_div_t0 1\"><a data-fslightbox=\"wprevprogallery338\" class=\"wprev_media_img_a notyoutu\" href=\"https:\/\/www.llachserra.com\/wp-content\/uploads\/wprevslider\/review-images\/review-image-69da2cf2bf18c-0.jpg\" data-type=\"image\"><img decoding=\"async\" loading=\"lazy\" src=\"https:\/\/www.llachserra.com\/wp-content\/uploads\/wprevslider\/review-images\/review-image-69da2cf2bf18c-0.jpg\" class=\"wprev_media_img\" alt=\"media thumbnail 0\" title=\"\"><\/a><\/div>\t\t\t<\/div>\r\n\r\n\t<div class=\"wpproslider_t6_DIV_3_logo\"><\/div>\r\n\t<\/div>\r\n\t\r\n<\/div>\r\n\t\r\n<\/div>\r\n<\/div>\r\n\r\n\t\t\t\t\t\t<div id=\"wppro_review_pagination3\"  class=\"wppro_pagination\" data-revsameheight=\"yes\" data-notinstring=\"336,337,338\" data-nrows=\"1\" data-ismasonry=\"no\" data-perrow=\"3\" data-cpostid=\"1403\" data-shortcodepageid=\"\" data-shortcodelang=\"\" data-shortcodetag=\"\" data-tid=\"3\" data-lastslidenum=\"43\" data-totalreviewsindb=\"128\">\r\n\t\t\t\t\t\t<ul class=\"wppro_page_numbers_ul\">\r\n\t\t\t\t\t\t\t<li><span class=\"brnprevclass wppro_page_numbers current\">1<\/span><\/li>\r\n\t\t\t\t\t\t\t<li><span class=\"brnprevclass wppro_page_numbers\">2<\/span><\/li>\r\n\t\t\t\t\t\t\t<li><span class=\"brnprevclass wppro_page_dots\">\u2026<\/span><\/li>\r\n\t\t\t\t\t\t\t<li><span class=\"brnprevclass wppro_page_numbers\">43<\/span><\/li>\r\n\t\t\t\t\t\t\t<li><span class=\"brnprevclass wppro_page_numbers next-button\">><\/span><\/li>\r\n\t\t\t\t\t\t<\/ul><img decoding=\"async\" src=\"https:\/\/www.llachserra.com\/wp-content\/plugins\/wp-review-slider-pro-premium\/public\/partials\/imgs\/loading_ripple.gif\" class=\"wprppagination_loading_image \" style=\"display:none;\" alt=\"\" title=\"\"><\/div><\/div><\/div>[\/et_pb_text][\/et_pb_column][\/et_pb_row][\/et_pb_section]<\/p>\n","protected":false},"excerpt":{"rendered":"<p>Real EstateVilafranca del Pened\u00e8sAv, Tarragona, 4008720 Vilafranca del Pened\u00e8s+34 938 17 27 14info@llachserra.comComprehensive property managementin Vilafranca del Pened\u00e8s Llach Serra Associats is positioned as a real estate company of reference in the management of estates in the capital of Alt Pened\u00e8s. As property managers, we offer complete services in the administration of rentals, sale and [&hellip;]<\/p>\n","protected":false},"author":1,"featured_media":0,"parent":0,"menu_order":0,"comment_status":"closed","ping_status":"closed","template":"","meta":{"_acf_changed":false,"_et_pb_use_builder":"on","_et_pb_old_content":"","_et_gb_content_width":"","footnotes":""},"class_list":["post-1403","page","type-page","status-publish","hentry"],"acf":[],"_links":{"self":[{"href":"https:\/\/www.llachserra.com\/en\/wp-json\/wp\/v2\/pages\/1403","targetHints":{"allow":["GET"]}}],"collection":[{"href":"https:\/\/www.llachserra.com\/en\/wp-json\/wp\/v2\/pages"}],"about":[{"href":"https:\/\/www.llachserra.com\/en\/wp-json\/wp\/v2\/types\/page"}],"author":[{"embeddable":true,"href":"https:\/\/www.llachserra.com\/en\/wp-json\/wp\/v2\/users\/1"}],"replies":[{"embeddable":true,"href":"https:\/\/www.llachserra.com\/en\/wp-json\/wp\/v2\/comments?post=1403"}],"version-history":[{"count":16,"href":"https:\/\/www.llachserra.com\/en\/wp-json\/wp\/v2\/pages\/1403\/revisions"}],"predecessor-version":[{"id":46937,"href":"https:\/\/www.llachserra.com\/en\/wp-json\/wp\/v2\/pages\/1403\/revisions\/46937"}],"wp:attachment":[{"href":"https:\/\/www.llachserra.com\/en\/wp-json\/wp\/v2\/media?parent=1403"}],"curies":[{"name":"wp","href":"https:\/\/api.w.org\/{rel}","templated":true}]}}